{"id":53742,"date":"2022-06-21T17:56:55","date_gmt":"2022-06-21T15:56:55","guid":{"rendered":"https:\/\/secureus.se\/produkt\/fargo-dtc4500e-plastic-card-printer-dual-sided\/"},"modified":"2026-04-30T14:23:39","modified_gmt":"2026-04-30T12:23:39","slug":"kortskrivare-fargo-dtc4500e-duplex-4","status":"publish","type":"product","link":"https:\/\/secureus.se\/pl\/kortskrivare-fargo-dtc4500e-duplex-4\/","title":{"rendered":"Drukarka kart Fargo DTC4500e - Drukarka kart identyfikacyjnych (dwustronna)"},"content":{"rendered":"<div class=\"long_desc\">\n<p><strong>Wydajne i bezpieczne drukowanie dowod\u00f3w osobistych za pomoc\u0105 Fargo DTC4500e:<\/strong> Fargo DTC4500e to zaawansowana drukarka do kart identyfikacyjnych, kt\u00f3ra \u0142\u0105czy w sobie szybko\u015b\u0107, bezpiecze\u0144stwo i wysok\u0105 jako\u015b\u0107 wydruk\u00f3w.<\/p>\n<p>Dzi\u0119ki mo\u017cliwo\u015bci druku jednostronnego i dwustronnego jest idealnym rozwi\u0105zaniem dla organizacji, kt\u00f3re potrzebuj\u0105 szybko wyprodukowa\u0107 du\u017ce ilo\u015bci dowod\u00f3w osobistych.<\/p>\n<p><strong>Funkcje i zalety:<\/strong><\/p>\n<ul>\n<li><strong>Wysoka pojemno\u015b\u0107:<\/strong> Mo\u017cliwo\u015b\u0107 drukowania do 225 kolorowych kart na godzin\u0119, dzi\u0119ki czemu idealnie nadaje si\u0119 do produkcji wielkonak\u0142adowej.<\/li>\n<li><strong>Bezpiecze\u0144stwo:<\/strong> Wyposa\u017cone we wbudowane funkcje bezpiecze\u0144stwa, w tym ochron\u0119 has\u0142em i drukowanie na panelu fluorescencyjnym.<\/li>\n<li><strong>Op\u0142acalne:<\/strong> Materia\u0142y eksploatacyjne o du\u017cej pojemno\u015bci obni\u017caj\u0105 koszt karty i zwi\u0119kszaj\u0105 produktywno\u015b\u0107.<\/li>\n<li><strong>Przyjazny dla \u015brodowiska:<\/strong> Certyfikat GreenCircle\u00ae potwierdzaj\u0105cy efektywne zu\u017cycie energii i wykorzystanie ekologicznych batonik\u00f3w uzupe\u0142niaj\u0105cych.<\/li>\n<\/ul>\n<p><strong>Specyfikacja techniczna:<\/strong><\/p>\n<ul>\n<li><strong>Szybko\u015b\u0107 druku:<\/strong> Do 225 kart na godzin\u0119 (druk kolorowy, dwustronny).<\/li>\n<li><strong>Pojemno\u015b\u0107:<\/strong> 200 kart w zasobniku wej\u015bciowym i 100 kart w zasobniku wyj\u015bciowym.<\/li>\n<li><strong>Typ karty:<\/strong> Format ISO 7810, CR80, rozmiar ID-1, kompatybilny z kartami PVC, PET i PC.<\/li>\n<li><strong>Znajomo\u015bci:<\/strong> USB 2.0 i Ethernet.<\/li>\n<\/ul>\n<p>Fargo DTC4500e to idealne rozwi\u0105zanie dla organizacji poszukuj\u0105cych solidnego i niezawodnego rozwi\u0105zania do drukowania kart identyfikacyjnych charakteryzuj\u0105cego si\u0119 wysokim bezpiecze\u0144stwem i jako\u015bci\u0105.<\/p>\n<\/div>","protected":false},"excerpt":{"rendered":"<p>Drukarka kart identyfikacyjnych Fargo DTC4500e zosta\u0142a zaprojektowana z my\u015bl\u0105 o wysokiej wydajno\u015bci i du\u017cej liczbie bezpiecznych kart identyfikacyjnych. Oferuje wysokiej jako\u015bci wydruki identyfikator\u00f3w pracowniczych, kontroli dost\u0119pu i kart cz\u0142onkowskich, obj\u0119te trzyletni\u0105 gwarancj\u0105.<\/p>\n<p>DTC4500e to op\u0142acalny wyb\u00f3r dla \u015brednich i du\u017cych firm poszukuj\u0105cych niezawodnego rozwi\u0105zania do drukowania kart identyfikacyjnych.<\/p>","protected":false},"featured_media":143934,"template":"","meta":{"_acf_changed":false},"product_brand":[],"product_cat":[3206],"product_tag":[2830,3172,3177,4863,3069],"class_list":{"0":"post-53742","1":"product","2":"type-product","3":"status-publish","4":"has-post-thumbnail","6":"product_cat-fargo","7":"product_tag-kortprinter-direct-to-card","8":"product_tag-dubbelsidig-dual-side","9":"product_tag-fargo","10":"product_tag-pf","11":"product_tag-trade-produkt","12":"product_shipping_class-tunga-paket","13":"pa_brands-fargo","14":"pa_fabrikat-kortskrivare-fargo","15":"tm-no-options","17":"first","18":"outofstock","19":"sale","20":"taxable","21":"shipping-taxable","22":"purchasable","23":"product-type-simple"},"acf":[],"_links":{"self":[{"href":"https:\/\/secureus.se\/pl\/wp-json\/wp\/v2\/product\/53742","targetHints":{"allow":["GET"]}}],"collection":[{"href":"https:\/\/secureus.se\/pl\/wp-json\/wp\/v2\/product"}],"about":[{"href":"https:\/\/secureus.se\/pl\/wp-json\/wp\/v2\/types\/product"}],"wp:featuredmedia":[{"embeddable":true,"href":"https:\/\/secureus.se\/pl\/wp-json\/wp\/v2\/media\/143934"}],"wp:attachment":[{"href":"https:\/\/secureus.se\/pl\/wp-json\/wp\/v2\/media?parent=53742"}],"wp:term":[{"taxonomy":"product_brand","embeddable":true,"href":"https:\/\/secureus.se\/pl\/wp-json\/wp\/v2\/product_brand?post=53742"},{"taxonomy":"product_cat","embeddable":true,"href":"https:\/\/secureus.se\/pl\/wp-json\/wp\/v2\/product_cat?post=53742"},{"taxonomy":"product_tag","embeddable":true,"href":"https:\/\/secureus.se\/pl\/wp-json\/wp\/v2\/product_tag?post=53742"}],"curies":[{"name":"wp","href":"https:\/\/api.w.org\/{rel}","templated":true}]}}