{"id":53748,"date":"2022-06-21T16:56:27","date_gmt":"2022-06-21T14:56:27","guid":{"rendered":"https:\/\/secureus.se\/produkt\/zebra-zxp-series-7-plastic-card-printer-single-sided\/"},"modified":"2026-04-23T12:48:14","modified_gmt":"2026-04-23T10:48:14","slug":"kortskrivare-zebra-zxp-series-7-enkel-sidig","status":"publish","type":"product","link":"https:\/\/secureus.se\/pl\/kortskrivare-zebra-zxp-series-7-enkel-sidig\/","title":{"rendered":"Drukarka kart Zebra ZXP Series 7 - Drukarka kart identyfikacyjnych (jednostronna)"},"content":{"rendered":"<p><strong>Wysokowydajne drukowanie kart identyfikacyjnych na urz\u0105dzeniu Zebra ZXP Series 7:<\/strong> Zebra ZXP Series 7 to innowacyjna drukarka do kart identyfikacyjnych, kt\u00f3ra zapewnia wyj\u0105tkow\u0105 jako\u015b\u0107 i szybko\u015b\u0107 druku.<\/p>\n<p>Jest to idealne rozwi\u0105zanie dla firm, kt\u00f3re potrzebuj\u0105 wysokiego bezpiecze\u0144stwa i jednoznacznej identyfikacji, np. uprawnie\u0144, kontroli dost\u0119pu oraz dowod\u00f3w osobistych dla pracownik\u00f3w i student\u00f3w.<\/p>\n<p><strong>Funkcje i zalety:<\/strong><\/p>\n<ul>\n<li><strong>Jako\u015b\u0107 druku zbli\u017cona do fotograficznej:<\/strong> Zapewnia obrazy o doskona\u0142ej g\u0142\u0119bi kolor\u00f3w i ostrej rozdzielczo\u015bci, dzi\u0119ki czemu karty identyfikacyjne s\u0105 bardziej profesjonalne.<\/li>\n<li><strong>Szybko\u015b\u0107 i pojemno\u015b\u0107:<\/strong> Mo\u017ce drukowa\u0107 do 300 kart na godzin\u0119 w kolorze, przy pojemno\u015bci 200 kart w podajniku.<\/li>\n<li><strong>Elastyczno\u015b\u0107:<\/strong> Obs\u0142uguje druk zar\u00f3wno jednostronny, jak i dwustronny, z mo\u017cliwo\u015bci\u0105 laminowania dla zwi\u0119kszenia trwa\u0142o\u015bci.<\/li>\n<li><strong>Znajomo\u015bci:<\/strong> Wyposa\u017cony w USB 2.0 i Ethernet dla \u0142atwej integracji z sieci\u0105.<\/li>\n<\/ul>\n<p><strong>Specyfikacja techniczna:<\/strong><\/p>\n<ul>\n<li><strong>Szybko\u015b\u0107 druku:<\/strong> Do 300 kolorowych kart na godzin\u0119 (jednostronnie).<\/li>\n<li><strong>Pojemno\u015b\u0107:<\/strong> 200 kart w zasobniku wej\u015bciowym i 100 kart w zasobniku wyj\u015bciowym.<\/li>\n<li><strong>Typ karty:<\/strong> Format ISO 7810, CR80, rozmiar ID-1, kompatybilny z kartami PVC i kompozytowymi.<\/li>\n<li><strong>Znajomo\u015bci:<\/strong> USB 2.0 i Ethernet, z opcjonaln\u0105 funkcj\u0105 Wi-Fi.<\/li>\n<\/ul>\n<p>Zebra ZXP Series 7 to idealne rozwi\u0105zanie dla organizacji poszukuj\u0105cych wysokiej jako\u015bci dowod\u00f3w osobistych i niezawodnego systemu drukowania kart.<\/p>","protected":false},"excerpt":{"rendered":"<p>Drukarka kart identyfikacyjnych Zebra ZXP Series 7 to jedna z najbardziej zaawansowanych drukarek kart, zaprojektowana z my\u015bl\u0105 o drukowaniu obraz\u00f3w przypominaj\u0105cych zdj\u0119cia w du\u017cych nak\u0142adach.<\/p>\n<p>Dzi\u0119ki mo\u017cliwo\u015bci drukowania jednostronnego i dwustronnego jest idealnym rozwi\u0105zaniem dla agencji rz\u0105dowych i firm, kt\u00f3re potrzebuj\u0105 bezpiecznej identyfikacji.<\/p>\n<p>Dzi\u0119ki z\u0142\u0105czom USB i Ethernet mo\u017cna go \u0142atwo zintegrowa\u0107 z istniej\u0105cymi systemami.<\/p>","protected":false},"featured_media":144348,"template":"","meta":{"_acf_changed":false},"product_brand":[],"product_cat":[3210],"product_tag":[2830,4863,3069,3185],"class_list":{"0":"post-53748","1":"product","2":"type-product","3":"status-publish","4":"has-post-thumbnail","6":"product_cat-zebra","7":"product_tag-kortprinter-direct-to-card","8":"product_tag-pf","9":"product_tag-trade-produkt","10":"product_tag-zebra","11":"product_shipping_class-tunga-paket","12":"pa_brands-zebra","13":"pa_fabrikat-kortskrivare-zebra","14":"tm-no-options","16":"first","17":"outofstock","18":"sale","19":"taxable","20":"shipping-taxable","21":"purchasable","22":"product-type-simple"},"acf":[],"_links":{"self":[{"href":"https:\/\/secureus.se\/pl\/wp-json\/wp\/v2\/product\/53748","targetHints":{"allow":["GET"]}}],"collection":[{"href":"https:\/\/secureus.se\/pl\/wp-json\/wp\/v2\/product"}],"about":[{"href":"https:\/\/secureus.se\/pl\/wp-json\/wp\/v2\/types\/product"}],"wp:featuredmedia":[{"embeddable":true,"href":"https:\/\/secureus.se\/pl\/wp-json\/wp\/v2\/media\/144348"}],"wp:attachment":[{"href":"https:\/\/secureus.se\/pl\/wp-json\/wp\/v2\/media?parent=53748"}],"wp:term":[{"taxonomy":"product_brand","embeddable":true,"href":"https:\/\/secureus.se\/pl\/wp-json\/wp\/v2\/product_brand?post=53748"},{"taxonomy":"product_cat","embeddable":true,"href":"https:\/\/secureus.se\/pl\/wp-json\/wp\/v2\/product_cat?post=53748"},{"taxonomy":"product_tag","embeddable":true,"href":"https:\/\/secureus.se\/pl\/wp-json\/wp\/v2\/product_tag?post=53748"}],"curies":[{"name":"wp","href":"https:\/\/api.w.org\/{rel}","templated":true}]}}