{"id":53750,"date":"2022-06-21T16:56:23","date_gmt":"2022-06-21T14:56:23","guid":{"rendered":"https:\/\/secureus.se\/produkt\/evolis-zenius-expert-id-card-printer\/"},"modified":"2026-03-26T10:15:05","modified_gmt":"2026-03-26T09:15:05","slug":"kortskrivare-evolis-zenius-expert","status":"publish","type":"product","link":"https:\/\/secureus.se\/pl\/kortskrivare-evolis-zenius-expert\/","title":{"rendered":"Drukarka kart Evolis Zenius Expert - drukarka kart identyfikacyjnych (jednostronna)"},"content":{"rendered":"<p><strong>Wydajne i wszechstronne drukowanie kart identyfikacyjnych za pomoc\u0105 Evolis Zenius Expert:<\/strong> Evolis Zenius Expert zosta\u0142 zaprojektowany z my\u015bl\u0105 o potrzebach firm, kt\u00f3re wymagaj\u0105 szybkiego i niezawodnego drukowania dowod\u00f3w osobistych. Dzi\u0119ki kompaktowej konstrukcji i konfigurowalnym funkcjom idealnie nadaje si\u0119 do wszystkiego, od kart cz\u0142onkowskich po karty dost\u0119pu.<\/p>\n<p><strong>Funkcje i zalety:<\/strong><\/p>\n<ul>\n<li><strong>Wysoka pr\u0119dko\u015b\u0107 druku:<\/strong> Mo\u017ce drukowa\u0107 do 500 kart na godzin\u0119 w trybie monochromatycznym i 150 kart na godzin\u0119 w przypadku druku kolorowego (YMCKO).<\/li>\n<li><strong>Elastyczne opcje kodowania:<\/strong> Oferuje opcjonalne modu\u0142y koduj\u0105ce, kt\u00f3re pozwalaj\u0105 szybko dostosowa\u0107 drukark\u0119 do Twoich potrzeb w zakresie bezpiecze\u0144stwa.<\/li>\n<li><strong>\u0141atwo\u015b\u0107 u\u017cycia:<\/strong> Wyposa\u017cony w oprogramowanie EasyBadge Lite u\u0142atwiaj\u0105ce projektowanie i zarz\u0105dzanie kartami.<\/li>\n<li><strong>Kompaktowa konstrukcja:<\/strong> Niewielkie wymiary u\u0142atwiaj\u0105 umieszczenie go w biurze.<\/li>\n<\/ul>\n<p><strong>Specyfikacja techniczna:<\/strong><\/p>\n<ul>\n<li><strong>Szybko\u015b\u0107 druku:<\/strong> 500 kart na godzin\u0119 (mono) lub 150 kart na godzin\u0119 (YMCKO).<\/li>\n<li><strong>Pojemno\u015b\u0107:<\/strong> 50 kart w zasobniku wej\u015bciowym i 30 kart w zasobniku wyj\u015bciowym.<\/li>\n<li><strong>Typ karty:<\/strong> Format ISO 7810, CR80, rozmiar ID-1, kompatybilny z kartami PVC, PET i kompozytowymi.<\/li>\n<li><strong>Znajomo\u015bci:<\/strong> USB 2.0 i Ethernet.<\/li>\n<\/ul>\n<p>Nale\u017cy pami\u0119ta\u0107, \u017ce do drukarki nie do\u0142\u0105czono \u017cebra drukarki; pami\u0119taj, aby doda\u0107 go do swojego zam\u00f3wienia.<\/p>","protected":false},"excerpt":{"rendered":"<p>Drukarka kart identyfikacyjnych Evolis Zenius Expert idealnie nadaje si\u0119 do produkcji du\u017cych ilo\u015bci wysokiej jako\u015bci jednostronnych kart identyfikacyjnych.<\/p>\n<p>Dzi\u0119ki mo\u017cliwo\u015bci zastosowania r\u00f3\u017cnych modu\u0142\u00f3w koduj\u0105cych drukarka mo\u017ce szybko i \u0142atwo zapewni\u0107 Twojej firmie dodatkowe bezpiecze\u0144stwo.<\/p>\n<p>Oferuje du\u017c\u0105 pr\u0119dko\u015b\u0107 i druk na standardowych kartach CR80 wykonanych z PVC, PET i materia\u0142\u00f3w kompozytowych.<\/p>","protected":false},"featured_media":143951,"template":"","meta":{"_acf_changed":false},"product_brand":[],"product_cat":[3205],"product_tag":[3176,4863,3069],"class_list":{"0":"post-53750","1":"product","2":"type-product","3":"status-publish","4":"has-post-thumbnail","6":"product_cat-evolis","7":"product_tag-evolis","8":"product_tag-pf","9":"product_tag-trade-produkt","10":"product_shipping_class-tunga-paket","11":"pa_brands-evolis","12":"pa_fabrikat-kortskrivare-evolis","13":"tm-no-options","15":"first","16":"instock","17":"sale","18":"taxable","19":"shipping-taxable","20":"purchasable","21":"product-type-simple"},"acf":[],"_links":{"self":[{"href":"https:\/\/secureus.se\/pl\/wp-json\/wp\/v2\/product\/53750","targetHints":{"allow":["GET"]}}],"collection":[{"href":"https:\/\/secureus.se\/pl\/wp-json\/wp\/v2\/product"}],"about":[{"href":"https:\/\/secureus.se\/pl\/wp-json\/wp\/v2\/types\/product"}],"wp:featuredmedia":[{"embeddable":true,"href":"https:\/\/secureus.se\/pl\/wp-json\/wp\/v2\/media\/143951"}],"wp:attachment":[{"href":"https:\/\/secureus.se\/pl\/wp-json\/wp\/v2\/media?parent=53750"}],"wp:term":[{"taxonomy":"product_brand","embeddable":true,"href":"https:\/\/secureus.se\/pl\/wp-json\/wp\/v2\/product_brand?post=53750"},{"taxonomy":"product_cat","embeddable":true,"href":"https:\/\/secureus.se\/pl\/wp-json\/wp\/v2\/product_cat?post=53750"},{"taxonomy":"product_tag","embeddable":true,"href":"https:\/\/secureus.se\/pl\/wp-json\/wp\/v2\/product_tag?post=53750"}],"curies":[{"name":"wp","href":"https:\/\/api.w.org\/{rel}","templated":true}]}}