{"id":53753,"date":"2022-06-21T16:56:16","date_gmt":"2022-06-21T14:56:16","guid":{"rendered":"https:\/\/secureus.se\/produkt\/fargo-dtc4500e-plastic-card-printer-single-sided\/"},"modified":"2026-04-08T16:44:37","modified_gmt":"2026-04-08T14:44:37","slug":"kortskrivare-fargo-dtc4500e-enkel-sidig","status":"publish","type":"product","link":"https:\/\/secureus.se\/pl\/kortskrivare-fargo-dtc4500e-enkel-sidig\/","title":{"rendered":"Drukarka kart Fargo DTC4500e - Drukarka kart identyfikacyjnych (jednostronna)"},"content":{"rendered":"<p><strong>Wydajne i bezpieczne drukowanie dowod\u00f3w osobistych za pomoc\u0105 Fargo DTC4500e:<\/strong> Fargo DTC4500e to wszechstronna i wydajna drukarka kart identyfikacyjnych, kt\u00f3ra oferuje du\u017c\u0105 wydajno\u015b\u0107 i bezpiecze\u0144stwo.<\/p>\n<p>Jest to idealne rozwi\u0105zanie dla organizacji, kt\u00f3re musz\u0105 szybko i wydajnie produkowa\u0107 du\u017ce ilo\u015bci wysokiej jako\u015bci dowod\u00f3w osobistych.<\/p>\n<p><strong>Funkcje i zalety:<\/strong><\/p>\n<ul>\n<li><strong>Wysoka pojemno\u015b\u0107:<\/strong> Mo\u017ce drukowa\u0107 do 225 kolorowych kart na godzin\u0119, co czyni j\u0105 idealn\u0105 dla firm drukuj\u0105cych du\u017ce ilo\u015bci.<\/li>\n<li><strong>Bezpiecze\u0144stwo:<\/strong> Wyposa\u017cone w funkcje bezpiecze\u0144stwa, takie jak ochrona has\u0142em i nadruk na panelu fluorescencyjnym, zwi\u0119kszaj\u0105ce bezpiecze\u0144stwo karty.<\/li>\n<li><strong>Op\u0142acalne:<\/strong> Materia\u0142y eksploatacyjne o du\u017cej pojemno\u015bci zmniejszaj\u0105 koszt karty i zwi\u0119kszaj\u0105 produktywno\u015b\u0107.<\/li>\n<li><strong>Przyjazny dla \u015brodowiska:<\/strong> Certyfikat GreenCircle\u00ae potwierdzaj\u0105cy efektywno\u015b\u0107 energetyczn\u0105 i wykorzystanie organicznych baton\u00f3w uzupe\u0142niaj\u0105cych.<\/li>\n<\/ul>\n<p><strong>Specyfikacja techniczna:<\/strong><\/p>\n<ul>\n<li><strong>Szybko\u015b\u0107 druku:<\/strong> Do 225 kart na godzin\u0119 (druk kolorowy, jednostronny).<\/li>\n<li><strong>Pojemno\u015b\u0107:<\/strong> 200 kart w zasobniku wej\u015bciowym i 100 kart w zasobniku wyj\u015bciowym.<\/li>\n<li><strong>Typ karty:<\/strong> Format ISO 7810, CR80, rozmiar ID-1, kompatybilny z kartami PVC, PET i PC.<\/li>\n<li><strong>Znajomo\u015bci:<\/strong> USB 2.0 i Ethernet.<\/li>\n<\/ul>\n<p>Fargo DTC4500e oferuje solidne i niezawodne rozwi\u0105zanie spe\u0142niaj\u0105ce wszystkie potrzeby w zakresie drukowania kart identyfikacyjnych, z mo\u017cliwo\u015bci\u0105 dostosowania bezpiecze\u0144stwa i funkcjonalno\u015bci do w\u0142asnych wymaga\u0144.<\/p>","protected":false},"excerpt":{"rendered":"<p>Drukarka kart identyfikacyjnych Fargo DTC4500e zosta\u0142a zaprojektowana z my\u015bl\u0105 o wydajnym i bezpiecznym drukowaniu kart identyfikacyjnych w du\u017cych nak\u0142adach.<\/p>\n<p>Produkuje wysokiej jako\u015bci karty pracownicze, kontroli dost\u0119pu i cz\u0142onkostwa, obj\u0119te trzyletni\u0105 gwarancj\u0105.<\/p>\n<p>DTC4500e jest op\u0142acalna i idealna dla \u015brednich i du\u017cych firm poszukuj\u0105cych niezawodnego rozwi\u0105zania do drukowania kart identyfikacyjnych.<\/p>","protected":false},"featured_media":144775,"template":"","meta":{"_acf_changed":false},"product_brand":[],"product_cat":[3206],"product_tag":[2830,3177,4863,3069],"class_list":{"0":"post-53753","1":"product","2":"type-product","3":"status-publish","4":"has-post-thumbnail","6":"product_cat-fargo","7":"product_tag-kortprinter-direct-to-card","8":"product_tag-fargo","9":"product_tag-pf","10":"product_tag-trade-produkt","11":"product_shipping_class-tunga-paket","12":"pa_brands-fargo","13":"pa_fabrikat-kortskrivare-fargo","14":"tm-no-options","16":"first","17":"instock","18":"sale","19":"taxable","20":"shipping-taxable","21":"purchasable","22":"product-type-simple"},"acf":[],"_links":{"self":[{"href":"https:\/\/secureus.se\/pl\/wp-json\/wp\/v2\/product\/53753","targetHints":{"allow":["GET"]}}],"collection":[{"href":"https:\/\/secureus.se\/pl\/wp-json\/wp\/v2\/product"}],"about":[{"href":"https:\/\/secureus.se\/pl\/wp-json\/wp\/v2\/types\/product"}],"wp:featuredmedia":[{"embeddable":true,"href":"https:\/\/secureus.se\/pl\/wp-json\/wp\/v2\/media\/144775"}],"wp:attachment":[{"href":"https:\/\/secureus.se\/pl\/wp-json\/wp\/v2\/media?parent=53753"}],"wp:term":[{"taxonomy":"product_brand","embeddable":true,"href":"https:\/\/secureus.se\/pl\/wp-json\/wp\/v2\/product_brand?post=53753"},{"taxonomy":"product_cat","embeddable":true,"href":"https:\/\/secureus.se\/pl\/wp-json\/wp\/v2\/product_cat?post=53753"},{"taxonomy":"product_tag","embeddable":true,"href":"https:\/\/secureus.se\/pl\/wp-json\/wp\/v2\/product_tag?post=53753"}],"curies":[{"name":"wp","href":"https:\/\/api.w.org\/{rel}","templated":true}]}}