{"id":53755,"date":"2022-06-21T17:56:08","date_gmt":"2022-06-21T15:56:08","guid":{"rendered":"https:\/\/secureus.se\/produkt\/fargo-dtc1250e-plastic-card-printer-dual-sided\/"},"modified":"2026-04-08T16:44:48","modified_gmt":"2026-04-08T14:44:48","slug":"kortskrivare-fargo-dtc1250e-duplex","status":"publish","type":"product","link":"https:\/\/secureus.se\/pl\/kortskrivare-fargo-dtc1250e-duplex\/","title":{"rendered":"Drukarka kart Fargo DTC1250e - Drukarka kart identyfikacyjnych (dwustronna)"},"content":{"rendered":"<div class=\"long_desc\">\n<p><strong>Wydajne i niedrogie drukowanie dowod\u00f3w osobistych za pomoc\u0105 Fargo DTC1250e:<\/strong> Zaprojektowana z my\u015bl\u0105 o u\u017cytkowniku, Fargo DTC1250e zapewnia szybkie i niezawodne rozwi\u0105zanie do drukowania kart identyfikacyjnych.<\/p>\n<p>Jest to idealne rozwi\u0105zanie dla ma\u0142ych i \u015brednich firm oraz instytucji edukacyjnych, kt\u00f3re potrzebuj\u0105 wydrukowa\u0107 kilkaset dowod\u00f3w osobistych.<\/p>\n<p><strong>Funkcje i zalety:<\/strong><\/p>\n<ul>\n<li><strong>Szybki wydruk:<\/strong> Drukarka potrzebuje zaledwie 16 sekund na wydruk karty kolorowej i 6 sekund na wydruk czarno-bia\u0142y, co minimalizuje czas oczekiwania.<\/li>\n<li><strong>\u0141atwo\u015b\u0107 u\u017cycia:<\/strong> \u0141atwy w u\u017cyciu dzi\u0119ki intuicyjnemu interfejsowi, kt\u00f3ry u\u0142atwia nawigacj\u0119 pomi\u0119dzy funkcjami.<\/li>\n<li><strong>Op\u0142acalne:<\/strong> Ekonomiczne drukowanie bez utraty jako\u015bci.<\/li>\n<li><strong>Gwarancja:<\/strong> Trzyletnia gwarancja dla dodatkowego bezpiecze\u0144stwa.<\/li>\n<\/ul>\n<p><strong>Specyfikacja techniczna:<\/strong><\/p>\n<ul>\n<li><strong>Szybko\u015b\u0107 druku:<\/strong> 6 sekund dla kart czarno-bia\u0142ych i 16 sekund dla kart kolorowych.<\/li>\n<li><strong>Pojemno\u015b\u0107:<\/strong> 100 kart w zasobniku wej\u015bciowym i do 30 kart w zasobniku wyj\u015bciowym (dwustronne).<\/li>\n<li><strong>Typ karty:<\/strong> Format ISO 7810, CR80, rozmiar ID-1, kompatybilny z kartami PVC, PET i kompozytowymi.<\/li>\n<li><strong>Znajomo\u015bci:<\/strong> USB 2.0 z mo\u017cliwo\u015bci\u0105 Ethernetu.<\/li>\n<\/ul>\n<p>Nale\u017cy pami\u0119ta\u0107, \u017ce do drukarki nie do\u0142\u0105czono \u017cebra drukarki; pami\u0119taj, aby doda\u0107 go do swojego zam\u00f3wienia.<\/p>\n<\/div>","protected":false},"excerpt":{"rendered":"<p>Drukarka kart identyfikacyjnych Fargo DTC1250e oferuje przyjazne dla u\u017cytkownika i ekonomiczne rozwi\u0105zanie do produkcji wysokiej jako\u015bci kart identyfikacyjnych.<\/p>\n<p>Dzi\u0119ki szybkiemu czasowi drukowania wynosz\u0105cemu zaledwie 16 sekund w przypadku kart kolorowych i 6 sekund w przypadku kart czarno-bia\u0142ych, jest to idealne rozwi\u0105zanie dla szk\u00f3\u0142, uniwersytet\u00f3w i klub\u00f3w cz\u0142onkowskich.<\/p>\n<p>Drukarka obj\u0119ta jest trzyletni\u0105 gwarancj\u0105 i bezp\u0142atnym oprogramowaniem EasyBadge Lite.<\/p>","protected":false},"featured_media":143991,"template":"","meta":{"_acf_changed":false},"product_brand":[],"product_cat":[3206],"product_tag":[2830,3172,3177,4863,3069],"class_list":{"0":"post-53755","1":"product","2":"type-product","3":"status-publish","4":"has-post-thumbnail","6":"product_cat-fargo","7":"product_tag-kortprinter-direct-to-card","8":"product_tag-dubbelsidig-dual-side","9":"product_tag-fargo","10":"product_tag-pf","11":"product_tag-trade-produkt","12":"product_shipping_class-tunga-paket","13":"pa_brands-fargo","14":"pa_fabrikat-kortskrivare-fargo","15":"tm-no-options","17":"first","18":"instock","19":"sale","20":"taxable","21":"shipping-taxable","22":"purchasable","23":"product-type-simple"},"acf":[],"_links":{"self":[{"href":"https:\/\/secureus.se\/pl\/wp-json\/wp\/v2\/product\/53755","targetHints":{"allow":["GET"]}}],"collection":[{"href":"https:\/\/secureus.se\/pl\/wp-json\/wp\/v2\/product"}],"about":[{"href":"https:\/\/secureus.se\/pl\/wp-json\/wp\/v2\/types\/product"}],"wp:featuredmedia":[{"embeddable":true,"href":"https:\/\/secureus.se\/pl\/wp-json\/wp\/v2\/media\/143991"}],"wp:attachment":[{"href":"https:\/\/secureus.se\/pl\/wp-json\/wp\/v2\/media?parent=53755"}],"wp:term":[{"taxonomy":"product_brand","embeddable":true,"href":"https:\/\/secureus.se\/pl\/wp-json\/wp\/v2\/product_brand?post=53755"},{"taxonomy":"product_cat","embeddable":true,"href":"https:\/\/secureus.se\/pl\/wp-json\/wp\/v2\/product_cat?post=53755"},{"taxonomy":"product_tag","embeddable":true,"href":"https:\/\/secureus.se\/pl\/wp-json\/wp\/v2\/product_tag?post=53755"}],"curies":[{"name":"wp","href":"https:\/\/api.w.org\/{rel}","templated":true}]}}