{"id":53757,"date":"2022-06-21T16:56:04","date_gmt":"2022-06-21T14:56:04","guid":{"rendered":"https:\/\/secureus.se\/produkt\/zebra-zc100-plastic-card-printer-with-usb-single-sided\/"},"modified":"2026-03-26T10:18:45","modified_gmt":"2026-03-26T09:18:45","slug":"kortskrivare-zebra-zc100","status":"publish","type":"product","link":"https:\/\/secureus.se\/pl\/kortskrivare-zebra-zc100\/","title":{"rendered":"Drukarka kart Zebra ZC100 - drukarka kart identyfikacyjnych (jednostronna)"},"content":{"rendered":"<p><strong>Przyjazny dla u\u017cytkownika i wydajny druk dowod\u00f3w osobistych za pomoc\u0105 drukarki Zebra ZC100:<\/strong> Zebra ZC100 zosta\u0142a zaprojektowana tak, aby oferowa\u0107 prostot\u0119 i jako\u015b\u0107 w kompaktowej obudowie.<\/p>\n<p>Idealnie nadaje si\u0119 do r\u00f3\u017cnorodnych zastosowa\u0144, w tym do legitymacji pracowniczych, kart cz\u0142onkowskich i kart wydarze\u0144.<\/p>\n<p><strong>Funkcje i zalety:<\/strong><\/p>\n<ul>\n<li><strong>Szybki wydruk:<\/strong> Mo\u017ce drukowa\u0107 do 150 kart kolorowych na godzin\u0119 i a\u017c 700 kart na godzin\u0119 w trybie czarno-bia\u0142ym, co czyni j\u0105 bardzo wydajn\u0105.<\/li>\n<li><strong>Intuicyjna obs\u0142uga:<\/strong> Wyposa\u017cony w graficzny wy\u015bwietlacz LCD i przyjazne dla u\u017cytkownika elementy steruj\u0105ce u\u0142atwiaj\u0105ce nawigacj\u0119.<\/li>\n<li><strong>Elastyczne po\u0142\u0105czenie:<\/strong> Standardowe po\u0142\u0105czenie USB 2.0 z mo\u017cliwo\u015bci\u0105 Ethernetu i Wi-Fi dla \u0142atwej integracji z istniej\u0105cymi systemami.<\/li>\n<li><strong>Op\u0142acalne:<\/strong> Druk kart pe\u0142nokolorowych i czarno-bia\u0142ych w przyst\u0119pnej cenie.<\/li>\n<\/ul>\n<p><strong>Specyfikacja techniczna:<\/strong><\/p>\n<ul>\n<li><strong>Szybko\u015b\u0107 druku:<\/strong> Do 150 kart na godzin\u0119 (druk kolorowy, jednostronny) i 700 kart na godzin\u0119 (druk monochromatyczny).<\/li>\n<li><strong>Pojemno\u015b\u0107:<\/strong> 100 kart w zasobniku wej\u015bciowym i 100 kart w zasobniku wyj\u015bciowym.<\/li>\n<li><strong>Typ karty:<\/strong> Format ISO 7810, CR80, rozmiar ID-1, kompatybilny z kartami PVC i kompozytowymi.<\/li>\n<li><strong>Znajomo\u015bci:<\/strong> USB 2.0 z opcjonaln\u0105 funkcjonalno\u015bci\u0105 Ethernet i Wi-Fi.<\/li>\n<\/ul>\n<p>Zebra ZC100 to doskona\u0142e rozwi\u0105zanie dla firm poszukuj\u0105cych ekonomicznego i \u0142atwego w obs\u0142udze rozwi\u0105zania do drukowania kart identyfikacyjnych.<\/p>","protected":false},"excerpt":{"rendered":"<p>Drukarka kart identyfikacyjnych Zebra ZC100 oferuje proste i ekonomiczne rozwi\u0105zanie do drukowania jednostronnych kart identyfikacyjnych.<\/p>\n<p>Jest \u0142atwa w instalacji i obs\u0142udze, umo\u017cliwia drukowanie zar\u00f3wno kolorowych, jak i czarno-bia\u0142ych kart.<\/p>\n<p>Dzi\u0119ki dwuletniej gwarancji i do\u0142\u0105czonemu oprogramowaniu EasyBadge Lite jest to niezawodny wyb\u00f3r dla firm, kt\u00f3re potrzebuj\u0105 wysokiej jako\u015bci dowod\u00f3w osobistych.<\/p>","protected":false},"featured_media":144006,"template":"","meta":{"_acf_changed":false},"product_brand":[],"product_cat":[3210],"product_tag":[2830,4863,3069,3185],"class_list":{"0":"post-53757","1":"product","2":"type-product","3":"status-publish","4":"has-post-thumbnail","6":"product_cat-zebra","7":"product_tag-kortprinter-direct-to-card","8":"product_tag-pf","9":"product_tag-trade-produkt","10":"product_tag-zebra","11":"product_shipping_class-tunga-paket","12":"pa_brands-zebra","13":"pa_fabrikat-kortskrivare-zebra","14":"tm-no-options","16":"first","17":"instock","18":"sale","19":"taxable","20":"shipping-taxable","21":"purchasable","22":"product-type-simple"},"acf":[],"_links":{"self":[{"href":"https:\/\/secureus.se\/pl\/wp-json\/wp\/v2\/product\/53757","targetHints":{"allow":["GET"]}}],"collection":[{"href":"https:\/\/secureus.se\/pl\/wp-json\/wp\/v2\/product"}],"about":[{"href":"https:\/\/secureus.se\/pl\/wp-json\/wp\/v2\/types\/product"}],"wp:featuredmedia":[{"embeddable":true,"href":"https:\/\/secureus.se\/pl\/wp-json\/wp\/v2\/media\/144006"}],"wp:attachment":[{"href":"https:\/\/secureus.se\/pl\/wp-json\/wp\/v2\/media?parent=53757"}],"wp:term":[{"taxonomy":"product_brand","embeddable":true,"href":"https:\/\/secureus.se\/pl\/wp-json\/wp\/v2\/product_brand?post=53757"},{"taxonomy":"product_cat","embeddable":true,"href":"https:\/\/secureus.se\/pl\/wp-json\/wp\/v2\/product_cat?post=53757"},{"taxonomy":"product_tag","embeddable":true,"href":"https:\/\/secureus.se\/pl\/wp-json\/wp\/v2\/product_tag?post=53757"}],"curies":[{"name":"wp","href":"https:\/\/api.w.org\/{rel}","templated":true}]}}