{"id":53758,"date":"2022-06-21T16:55:59","date_gmt":"2022-06-21T14:55:59","guid":{"rendered":"https:\/\/secureus.se\/produkt\/fargo-hdp6600-retransfer-plastic-card-printer-dual-sided\/"},"modified":"2026-04-08T16:28:51","modified_gmt":"2026-04-08T14:28:51","slug":"kortskrivare-fargo-hdp6600-duplex","status":"publish","type":"product","link":"https:\/\/secureus.se\/pl\/kortskrivare-fargo-hdp6600-duplex\/","title":{"rendered":"Drukarka kart Fargo HDP6600 - Drukarka kart identyfikacyjnych z retransferem (dwustronna)"},"content":{"rendered":"<p><strong>Wydajne i niezawodne drukowanie dowod\u00f3w osobistych za pomoc\u0105 Fargo HDP6600:<\/strong> Fargo HDP6600 to najbardziej zaawansowana, stacjonarna drukarka retransferowa na rynku.<\/p>\n<p>Dzi\u0119ki sze\u015bciu generacjom technologii retransferu \u0142\u0105czy w sobie szybko\u015b\u0107, jako\u015b\u0107 i bezpiecze\u0144stwo, dzi\u0119ki czemu idealnie nadaje si\u0119 do produkcji kart bezpiecze\u0144stwa, kart cz\u0142onkowskich i kart dost\u0119pu.<\/p>\n<p><strong>Funkcje i zalety:<\/strong><\/p>\n<ul>\n<li><strong>Szybki wydruk:<\/strong> Pierwsza karta gotowa w nieca\u0142e 60 sekund, co minimalizuje czas oczekiwania.<\/li>\n<li><strong>Wysoka pojemno\u015b\u0107:<\/strong> Mo\u017ce drukowa\u0107 do 230 kolorowych kart na godzin\u0119, maksymalizuj\u0105c wydajno\u015b\u0107.<\/li>\n<li><strong>Zaawansowane zabezpieczenia:<\/strong> Wyposa\u017cony w szyfrowanie danych AES 256, ochron\u0119 has\u0142em i mo\u017cliwo\u015b\u0107 szyfrowania danych \u017cywic\u0105.<\/li>\n<li><strong>Przyjazny dla \u015brodowiska:<\/strong> Certyfikat GreenCircle\u00ae zapewniaj\u0105cy efektywne zu\u017cycie energii i laminacj\u0119 bezodpadow\u0105.<\/li>\n<\/ul>\n<p><strong>Specyfikacja techniczna:<\/strong><\/p>\n<ul>\n<li><strong>Szybko\u015b\u0107 druku:<\/strong> Do 230 kart na godzin\u0119 (druk kolorowy, dwustronny).<\/li>\n<li><strong>Pojemno\u015b\u0107:<\/strong> 200 kart w zasobniku wej\u015bciowym i 100 kart w zasobniku wyj\u015bciowym.<\/li>\n<li><strong>Typ karty:<\/strong> Format ISO 7810, CR80, rozmiar ID-1, kompatybilny z kartami PVC, PET i kompozytowymi.<\/li>\n<li><strong>Znajomo\u015bci:<\/strong> USB 2.0 i Ethernet.<\/li>\n<\/ul>\n<p>Fargo HDP6600 oferuje solidne i wydajne rozwi\u0105zanie spe\u0142niaj\u0105ce wszystkie potrzeby w zakresie drukowania kart identyfikacyjnych i mo\u017cna je dostosowa\u0107 do przysz\u0142ych wymaga\u0144.<\/p>","protected":false},"excerpt":{"rendered":"<p>Drukarka do kart identyfikacyjnych Fargo HDP6600 to zaawansowana drukarka retransferowa zaprojektowana z my\u015bl\u0105 o szybkim wytwarzaniu wysokiej jako\u015bci kart.<\/p>\n<p>Dzi\u0119ki czasowi pierwszego wydruku poni\u017cej 60 sekund i wydajno\u015bci do 230 kart na godzin\u0119 ta drukarka jest idealna dla firm ceni\u0105cych wydajno\u015b\u0107 i bezpiecze\u0144stwo.<\/p>\n<p>Jest obj\u0119ty trzyletni\u0105 gwarancj\u0105 i bezp\u0142atnym oprogramowaniem EasyBadge Lite.<\/p>","protected":false},"featured_media":144785,"template":"","meta":{"_acf_changed":false},"product_brand":[],"product_cat":[3206],"product_tag":[2830,3172,3177,4863,2831,3069],"class_list":{"0":"post-53758","1":"product","2":"type-product","3":"status-publish","4":"has-post-thumbnail","6":"product_cat-fargo","7":"product_tag-kortprinter-direct-to-card","8":"product_tag-dubbelsidig-dual-side","9":"product_tag-fargo","10":"product_tag-pf","11":"product_tag-kortprinter-retransfer","12":"product_tag-trade-produkt","13":"product_shipping_class-tunga-paket","14":"pa_brands-fargo","15":"pa_fabrikat-kortskrivare-fargo","16":"tm-no-options","18":"first","19":"instock","20":"sale","21":"taxable","22":"shipping-taxable","23":"purchasable","24":"product-type-simple"},"acf":[],"_links":{"self":[{"href":"https:\/\/secureus.se\/pl\/wp-json\/wp\/v2\/product\/53758","targetHints":{"allow":["GET"]}}],"collection":[{"href":"https:\/\/secureus.se\/pl\/wp-json\/wp\/v2\/product"}],"about":[{"href":"https:\/\/secureus.se\/pl\/wp-json\/wp\/v2\/types\/product"}],"wp:featuredmedia":[{"embeddable":true,"href":"https:\/\/secureus.se\/pl\/wp-json\/wp\/v2\/media\/144785"}],"wp:attachment":[{"href":"https:\/\/secureus.se\/pl\/wp-json\/wp\/v2\/media?parent=53758"}],"wp:term":[{"taxonomy":"product_brand","embeddable":true,"href":"https:\/\/secureus.se\/pl\/wp-json\/wp\/v2\/product_brand?post=53758"},{"taxonomy":"product_cat","embeddable":true,"href":"https:\/\/secureus.se\/pl\/wp-json\/wp\/v2\/product_cat?post=53758"},{"taxonomy":"product_tag","embeddable":true,"href":"https:\/\/secureus.se\/pl\/wp-json\/wp\/v2\/product_tag?post=53758"}],"curies":[{"name":"wp","href":"https:\/\/api.w.org\/{rel}","templated":true}]}}