{"id":53765,"date":"2022-06-21T16:55:30","date_gmt":"2022-06-21T14:55:30","guid":{"rendered":"https:\/\/secureus.se\/produkt\/fargo-dtc4250e-plastic-card-printer-single-sided\/"},"modified":"2026-04-23T12:38:03","modified_gmt":"2026-04-23T10:38:03","slug":"kortskrivare-fargo-dtc4250e-enkel-sidig","status":"publish","type":"product","link":"https:\/\/secureus.se\/pl\/kortskrivare-fargo-dtc4250e-enkel-sidig\/","title":{"rendered":"Drukarka kart Fargo DTC4250e - Drukarka kart identyfikacyjnych (jednostronna)"},"content":{"rendered":"<p><strong>Wszechstronny i wydajny druk dowod\u00f3w osobistych za pomoc\u0105 Fargo DTC4250e:<\/strong> Drukarka Fargo DTC4250e zosta\u0142a zaprojektowana do szybkiego i \u0142atwego drukowania wysokiej jako\u015bci dowod\u00f3w osobistych.<\/p>\n<p>Jest to idealne rozwi\u0105zanie dla firm, szk\u00f3\u0142 i organizacji, kt\u00f3re potrzebuj\u0105 niezawodnego i elastycznego rozwi\u0105zania do drukowania kart.<\/p>\n<p><strong>Funkcje i zalety:<\/strong><\/p>\n<ul>\n<li><strong>Elastyczno\u015b\u0107:<\/strong> Podstawowy model mo\u017cna szybko rozbudowa\u0107 do druku dwustronnego, a tak\u017ce zintegrowa\u0107 kodery dla r\u00f3\u017cnych kart technologicznych, takich jak MIFARE\u00ae i paski magnetyczne.<\/li>\n<li><strong>Szybko i sprawnie:<\/strong> Wydajno\u015b\u0107 drukowania zar\u00f3wno na kartach kolorowych, jak i czarno-bia\u0142ych dzi\u0119ki uniwersalnym wk\u0142adom drukuj\u0105cym u\u0142atwiaj\u0105cym instalacj\u0119 i u\u017cytkowanie.<\/li>\n<li><strong>Op\u0142acalne:<\/strong> Trzyletnia gwarancja zapewniaj\u0105ca spok\u00f3j ducha podczas d\u0142ugotrwa\u0142ego u\u017cytkowania.<\/li>\n<\/ul>\n<p><strong>Specyfikacja techniczna:<\/strong><\/p>\n<ul>\n<li><strong>Szybko\u015b\u0107 druku:<\/strong> Do 200 kart kolorowych na godzin\u0119 i 1000 kart na godzin\u0119 w trybie czarno-bia\u0142ym.<\/li>\n<li><strong>Pojemno\u015b\u0107:<\/strong> 100 kart w zasobniku wej\u015bciowym i 100 kart w zasobniku wyj\u015bciowym.<\/li>\n<li><strong>Typ karty:<\/strong> Format ISO 7810, CR80, rozmiar ID-1, kompatybilny z kartami PVC, PET i kompozytowymi.<\/li>\n<li><strong>Znajomo\u015bci:<\/strong> USB 2.0 i Ethernet.<\/li>\n<\/ul>\n<p>Fargo DTC4250e to idealne rozwi\u0105zanie dla os\u00f3b poszukuj\u0105cych wydajnego i bezpiecznego rozwi\u0105zania do drukowania kart identyfikacyjnych, kt\u00f3re mo\u017cna \u0142atwo dostosowa\u0107 do przysz\u0142ych wymaga\u0144.<\/p>","protected":false},"excerpt":{"rendered":"<p>Drukarka do kart identyfikacyjnych Fargo DTC4250e to elastyczne i przyjazne dla u\u017cytkownika rozwi\u0105zanie do drukowania r\u00f3\u017cnego rodzaju dowod\u00f3w osobistych, w tym legitymacji pracowniczych i kart cz\u0142onkowskich.<\/p>\n<p>Mo\u017cna j\u0105 szybko rozbudowa\u0107 do druku dwustronnego i zintegrowa\u0107 kodery do MIFARE lub pask\u00f3w magnetycznych.<\/p>\n<p>Dzi\u0119ki trzyletniej gwarancji i do\u0142\u0105czonemu oprogramowaniu EasyBadge Lite jest idealny dla ma\u0142ych i \u015brednich firm.<\/p>","protected":false},"featured_media":144150,"template":"","meta":{"_acf_changed":false},"product_brand":[],"product_cat":[3206],"product_tag":[2830,3177,4863,3069],"class_list":{"0":"post-53765","1":"product","2":"type-product","3":"status-publish","4":"has-post-thumbnail","6":"product_cat-fargo","7":"product_tag-kortprinter-direct-to-card","8":"product_tag-fargo","9":"product_tag-pf","10":"product_tag-trade-produkt","11":"product_shipping_class-tunga-paket","12":"pa_brands-fargo","13":"pa_fabrikat-kortskrivare-fargo","14":"tm-no-options","16":"first","17":"instock","18":"sale","19":"taxable","20":"shipping-taxable","21":"purchasable","22":"product-type-simple"},"acf":[],"_links":{"self":[{"href":"https:\/\/secureus.se\/pl\/wp-json\/wp\/v2\/product\/53765","targetHints":{"allow":["GET"]}}],"collection":[{"href":"https:\/\/secureus.se\/pl\/wp-json\/wp\/v2\/product"}],"about":[{"href":"https:\/\/secureus.se\/pl\/wp-json\/wp\/v2\/types\/product"}],"wp:featuredmedia":[{"embeddable":true,"href":"https:\/\/secureus.se\/pl\/wp-json\/wp\/v2\/media\/144150"}],"wp:attachment":[{"href":"https:\/\/secureus.se\/pl\/wp-json\/wp\/v2\/media?parent=53765"}],"wp:term":[{"taxonomy":"product_brand","embeddable":true,"href":"https:\/\/secureus.se\/pl\/wp-json\/wp\/v2\/product_brand?post=53765"},{"taxonomy":"product_cat","embeddable":true,"href":"https:\/\/secureus.se\/pl\/wp-json\/wp\/v2\/product_cat?post=53765"},{"taxonomy":"product_tag","embeddable":true,"href":"https:\/\/secureus.se\/pl\/wp-json\/wp\/v2\/product_tag?post=53765"}],"curies":[{"name":"wp","href":"https:\/\/api.w.org\/{rel}","templated":true}]}}