{"id":53768,"date":"2022-06-21T16:55:18","date_gmt":"2022-06-21T14:55:18","guid":{"rendered":"https:\/\/secureus.se\/produkt\/fargo-hdp5000-retransfer-plastic-card-printer-single-sided\/"},"modified":"2026-04-08T16:34:34","modified_gmt":"2026-04-08T14:34:34","slug":"kortskrivare-fargo-hdp5000-enkel-sidig","status":"publish","type":"product","link":"https:\/\/secureus.se\/pl\/kortskrivare-fargo-hdp5000-enkel-sidig\/","title":{"rendered":"Drukarka kart Fargo HDP5000 - Drukarka kart identyfikacyjnych z retransferem (jednostronna)"},"content":{"rendered":"<p><strong>Wysokiej jako\u015bci i bezpieczne drukowanie dowod\u00f3w osobistych za pomoc\u0105 Fargo HDP5000:<\/strong> Fargo HDP5000 to jedna z najlepiej sprzedaj\u0105cych si\u0119 drukarek retransferowych, przeznaczona do produkcji kolorowych i dynamicznych kart identyfikacyjnych o wyj\u0105tkowej jako\u015bci.<\/p>\n<p>Doskonale nadaje si\u0119 do drukowania zar\u00f3wno kart formularzowych, jak i kart inteligentnych.<\/p>\n<p><strong>Funkcje i zalety:<\/strong><\/p>\n<ul>\n<li><strong>Druk w wysokiej rozdzielczo\u015bci\u00ae:<\/strong> Zapewnia \u017cywe i wyra\u017ane karty, kt\u00f3re naprawd\u0119 si\u0119 wyr\u00f3\u017cniaj\u0105, dzi\u0119ki czemu s\u0105 \u0142atwe do zidentyfikowania.<\/li>\n<li><strong>Elastyczne zastosowanie:<\/strong> Mo\u017cliwo\u015b\u0107 drukowania na r\u00f3\u017cnych typach kart, w tym na kartach kontroli dost\u0119pu.<\/li>\n<li><strong>Skutecznie i szybko:<\/strong> Idealny do produkcji wielkoseryjnej, z mo\u017cliwo\u015bci\u0105 szybkiego i wydajnego drukowania kart.<\/li>\n<li><strong>Bezpiecze\u0144stwo:<\/strong> Wyposa\u017cone w znak wodny HoloKote\u00ae zapobiegaj\u0105cy klonowaniu kart.<\/li>\n<\/ul>\n<p><strong>Specyfikacja techniczna:<\/strong><\/p>\n<ul>\n<li><strong>Szybko\u015b\u0107 druku:<\/strong> Do 150 kart na godzin\u0119 (druk w kolorze).<\/li>\n<li><strong>Pojemno\u015b\u0107:<\/strong> 100 kart w zasobniku wej\u015bciowym i 100 kart w zasobniku wyj\u015bciowym.<\/li>\n<li><strong>Typ karty:<\/strong> Format ISO 7810, CR80, rozmiar ID-1, kompatybilny z kartami PVC, PET i kompozytowymi.<\/li>\n<li><strong>Znajomo\u015bci:<\/strong> USB 2.0 i Ethernet.<\/li>\n<\/ul>\n<p>Nale\u017cy pami\u0119ta\u0107, \u017ce w zestawie nie znajduje si\u0119 ani kolorowa wst\u0105\u017cka Fargo 84051 YMCK, ani folia do retransferu Fargo 84053; nale\u017cy je zakupi\u0107 osobno.<\/p>","protected":false},"excerpt":{"rendered":"<p>Drukarka kart identyfikacyjnych Fargo HDP5000 oferuje wyj\u0105tkow\u0105 jako\u015b\u0107 druku dzi\u0119ki technologii High-Definition Printing\u00ae, dzi\u0119ki czemu idealnie nadaje si\u0119 do drukowania bezpiecznych kart identyfikacyjnych w du\u017cych nak\u0142adach.<\/p>\n<p>Dzi\u0119ki trzyletniej gwarancji i do\u0142\u0105czonemu oprogramowaniu EasyBadge Lite jest to niezawodne rozwi\u0105zanie dla firm, kt\u00f3re potrzebuj\u0105 bezpiecznej identyfikacji.<\/p>","protected":false},"featured_media":144820,"template":"","meta":{"_acf_changed":false},"product_brand":[],"product_cat":[3206],"product_tag":[2830,3177,4863,2831,3069],"class_list":{"0":"post-53768","1":"product","2":"type-product","3":"status-publish","4":"has-post-thumbnail","6":"product_cat-fargo","7":"product_tag-kortprinter-direct-to-card","8":"product_tag-fargo","9":"product_tag-pf","10":"product_tag-kortprinter-retransfer","11":"product_tag-trade-produkt","12":"product_shipping_class-tunga-paket","13":"pa_brands-fargo","14":"pa_fabrikat-kortskrivare-fargo","15":"tm-no-options","17":"first","18":"outofstock","19":"sale","20":"taxable","21":"shipping-taxable","22":"purchasable","23":"product-type-simple"},"acf":[],"_links":{"self":[{"href":"https:\/\/secureus.se\/pl\/wp-json\/wp\/v2\/product\/53768","targetHints":{"allow":["GET"]}}],"collection":[{"href":"https:\/\/secureus.se\/pl\/wp-json\/wp\/v2\/product"}],"about":[{"href":"https:\/\/secureus.se\/pl\/wp-json\/wp\/v2\/types\/product"}],"wp:featuredmedia":[{"embeddable":true,"href":"https:\/\/secureus.se\/pl\/wp-json\/wp\/v2\/media\/144820"}],"wp:attachment":[{"href":"https:\/\/secureus.se\/pl\/wp-json\/wp\/v2\/media?parent=53768"}],"wp:term":[{"taxonomy":"product_brand","embeddable":true,"href":"https:\/\/secureus.se\/pl\/wp-json\/wp\/v2\/product_brand?post=53768"},{"taxonomy":"product_cat","embeddable":true,"href":"https:\/\/secureus.se\/pl\/wp-json\/wp\/v2\/product_cat?post=53768"},{"taxonomy":"product_tag","embeddable":true,"href":"https:\/\/secureus.se\/pl\/wp-json\/wp\/v2\/product_tag?post=53768"}],"curies":[{"name":"wp","href":"https:\/\/api.w.org\/{rel}","templated":true}]}}