{"id":53771,"date":"2022-06-21T17:55:08","date_gmt":"2022-06-21T15:55:08","guid":{"rendered":"https:\/\/secureus.se\/produkt\/magicard-rio-pro-360-secure-plastic-card-printer-dual-sided\/"},"modified":"2025-10-21T12:02:01","modified_gmt":"2025-10-21T10:02:01","slug":"kortskrivare-magicard-rio-pro-360-duplex","status":"publish","type":"product","link":"https:\/\/secureus.se\/pl\/kortskrivare-magicard-rio-pro-360-duplex\/","title":{"rendered":"Drukarka kart Magicard Rio Pro 360 - Drukarka kart identyfikacyjnych (dwustronna)"},"content":{"rendered":"<header class=\"attribute-sleeve-header center\"><strong>Bezpieczne i wydajne drukowanie dowod\u00f3w osobistych za pomoc\u0105 Magicard Rio Pro 360:<\/strong> Magicard Rio Pro 360 to wydajne i bezpieczne rozwi\u0105zanie do produkcji kart identyfikacyjnych, zaprojektowane specjalnie z my\u015bl\u0105 o wymaganiach bezpiecze\u0144stwa i produkcji wielkoseryjnej.<\/p>\n<p>Jest idealnym rozwi\u0105zaniem dla firm, instytucji edukacyjnych i organizacji, kt\u00f3re wymagaj\u0105 niezawodnych i bezpiecznych dowod\u00f3w osobistych.<\/p>\n<p><strong>Funkcje i zalety:<\/strong><\/p>\n<ul>\n<li><strong>Wysokie bezpiecze\u0144stwo:<\/strong> Wyposa\u017cone w zamykane gniazda na karty zar\u00f3wno wej\u015bciowe, jak i wyj\u015bciowe, a tak\u017ce bezpieczn\u0105 kolorow\u0105 opask\u0119 chroni\u0105c\u0105 przed nieautoryzowanym dost\u0119pem.<\/li>\n<li><strong>Szybki wydruk:<\/strong> Mo\u017ce drukowa\u0107 do 200 kolorowych kart na godzin\u0119, zwi\u0119kszaj\u0105c wydajno\u015b\u0107.<\/li>\n<li><strong>Funkcja HoloKote\u00ae:<\/strong> Mo\u017cliwo\u015b\u0107 drukowania na kartach niestandardowych znak\u00f3w wodnych zabezpieczaj\u0105cych w celu ochrony przed fa\u0142szerstwami.<\/li>\n<li><strong>Elastyczna pojemno\u015b\u0107:<\/strong> 100 kart w zasobniku wej\u015bciowym i 70 kart w zasobniku wyj\u015bciowym w celu zwi\u0119kszenia wydajno\u015bci.<\/li>\n<\/ul>\n<p><strong>Specyfikacja techniczna:<\/strong><\/p>\n<ul>\n<li><strong>Szybko\u015b\u0107 druku:<\/strong> Do 200 kart na godzin\u0119 (druk w kolorze).<\/li>\n<li><strong>Pojemno\u015b\u0107:<\/strong> 100 kart w zasobniku wej\u015bciowym i 70 kart w zasobniku wyj\u015bciowym.<\/li>\n<li><strong>Typ karty:<\/strong> Format ISO 7810, CR80, rozmiar ID-1, kompatybilny z kartami PVC, PET i kompozytowymi.<\/li>\n<li><strong>Znajomo\u015bci:<\/strong> USB 2.0 i Ethernet.<\/li>\n<\/ul>\n<p>Nale\u017cy pami\u0119ta\u0107, \u017ce kolorow\u0105 wst\u0105\u017ck\u0119 i foli\u0119 transferow\u0105 nale\u017cy zakupi\u0107 osobno przy sk\u0142adaniu zam\u00f3wienia.<\/p>\n<\/header>","protected":false},"excerpt":{"rendered":"<p>Magicard Rio Pro 360 Secure to zaawansowana drukarka kart identyfikacyjnych zaprojektowana z my\u015bl\u0105 o spe\u0142nieniu wymog\u00f3w RODO i bezpiecze\u0144stwie.<\/p>\n<p>Wyposa\u017cona w zamykane gniazda kart i zabezpieczenia ta\u015bmy, drukarka ta zapewnia du\u017c\u0105 pr\u0119dko\u015b\u0107 i jako\u015b\u0107 druku.<\/p>\n<p>Dzi\u0119ki trzyletniej gwarancji MagiCoverPlus i do\u0142\u0105czonemu oprogramowaniu EasyBadge Lite jest to niezawodne rozwi\u0105zanie dla firm, kt\u00f3re potrzebuj\u0105 bezpiecznego i wydajnego drukowania kart identyfikacyjnych.<\/p>","protected":false},"featured_media":144839,"template":"","meta":{"_acf_changed":false},"product_brand":[],"product_cat":[3208],"product_tag":[3172,3174,4863,3069],"class_list":{"0":"post-53771","1":"product","2":"type-product","3":"status-publish","4":"has-post-thumbnail","6":"product_cat-magicard","7":"product_tag-dubbelsidig-dual-side","8":"product_tag-magicard","9":"product_tag-pf","10":"product_tag-trade-produkt","11":"product_shipping_class-tunga-paket","12":"pa_brands-magicard","13":"pa_fabrikat-kortskrivare-magicard","14":"tm-no-options","16":"first","17":"instock","18":"sale","19":"taxable","20":"shipping-taxable","21":"purchasable","22":"product-type-simple"},"acf":[],"_links":{"self":[{"href":"https:\/\/secureus.se\/pl\/wp-json\/wp\/v2\/product\/53771","targetHints":{"allow":["GET"]}}],"collection":[{"href":"https:\/\/secureus.se\/pl\/wp-json\/wp\/v2\/product"}],"about":[{"href":"https:\/\/secureus.se\/pl\/wp-json\/wp\/v2\/types\/product"}],"wp:featuredmedia":[{"embeddable":true,"href":"https:\/\/secureus.se\/pl\/wp-json\/wp\/v2\/media\/144839"}],"wp:attachment":[{"href":"https:\/\/secureus.se\/pl\/wp-json\/wp\/v2\/media?parent=53771"}],"wp:term":[{"taxonomy":"product_brand","embeddable":true,"href":"https:\/\/secureus.se\/pl\/wp-json\/wp\/v2\/product_brand?post=53771"},{"taxonomy":"product_cat","embeddable":true,"href":"https:\/\/secureus.se\/pl\/wp-json\/wp\/v2\/product_cat?post=53771"},{"taxonomy":"product_tag","embeddable":true,"href":"https:\/\/secureus.se\/pl\/wp-json\/wp\/v2\/product_tag?post=53771"}],"curies":[{"name":"wp","href":"https:\/\/api.w.org\/{rel}","templated":true}]}}