{"id":53774,"date":"2022-06-21T16:54:55","date_gmt":"2022-06-21T14:54:55","guid":{"rendered":"https:\/\/secureus.se\/produkt\/fargo-hdp5000-retransfer-plastic-card-printer-dual-sided\/"},"modified":"2025-12-31T19:59:53","modified_gmt":"2025-12-31T18:59:53","slug":"kortskrivare-fargo-hdp5000-duplex","status":"publish","type":"product","link":"https:\/\/secureus.se\/pl\/kortskrivare-fargo-hdp5000-duplex\/","title":{"rendered":"Drukarka kart Fargo HDP5000 - Drukarka kart identyfikacyjnych z retransferem (dwustronna)"},"content":{"rendered":"<p><strong>Bezpieczne i wydajne drukowanie dowod\u00f3w osobistych za pomoc\u0105 Fargo HDP5000:<\/strong> Fargo HDP5000 to wiod\u0105ca drukarka retransferowa, idealna dla firm, kt\u00f3re potrzebuj\u0105 produkowa\u0107 kolorowe i bezpieczne karty identyfikacyjne.<\/p>\n<p>Dzi\u0119ki zaawansowanej technologii i du\u017cej wydajno\u015bci zosta\u0142 zaprojektowany tak, aby spe\u0142nia\u0107 wymagania zar\u00f3wno szybko\u015bci, jak i jako\u015bci.<\/p>\n<p><strong>Funkcje i zalety:<\/strong><\/p>\n<ul>\n<li><strong>Druk w wysokiej rozdzielczo\u015bci\u00ae:<\/strong> Zapewnia wyj\u0105tkow\u0105 reprodukcj\u0119 kolor\u00f3w i szczeg\u00f3\u0142owo\u015b\u0107 profesjonalnych kart identyfikacyjnych.<\/li>\n<li><strong>Elastyczne zastosowanie:<\/strong> Mo\u017cna drukowa\u0107 zar\u00f3wno na kartach plastikowych, jak i kartach inteligentnych, dzi\u0119ki czemu jest wszechstronny do r\u00f3\u017cnych zastosowa\u0144.<\/li>\n<li><strong>Szybki wydruk:<\/strong> Zaprojektowane z my\u015bl\u0105 o produkcji wielkonak\u0142adowej, umo\u017cliwiaj\u0105 szybkie i wydajne drukowanie kart.<\/li>\n<li><strong>Bezpiecze\u0144stwo:<\/strong> Wyposa\u017cone w HoloKote\u00ae zapobiegaj\u0105ce podrabianiu.<\/li>\n<\/ul>\n<p><strong>Specyfikacja techniczna:<\/strong><\/p>\n<ul>\n<li><strong>Szybko\u015b\u0107 druku:<\/strong> Do 150 kart na godzin\u0119 (druk kolorowy, dwustronny).<\/li>\n<li><strong>Pojemno\u015b\u0107:<\/strong> 100 kart w zasobniku wej\u015bciowym i 100 kart w zasobniku wyj\u015bciowym.<\/li>\n<li><strong>Typ karty:<\/strong> Format ISO 7810, CR80, rozmiar ID-1, kompatybilny z kartami PVC, PET i kompozytowymi.<\/li>\n<li><strong>Znajomo\u015bci:<\/strong> USB 2.0 i Ethernet.<\/li>\n<\/ul>\n<p>Nale\u017cy pami\u0119ta\u0107, \u017ce zar\u00f3wno kolorow\u0105 wst\u0105\u017ck\u0119 Fargo 84051 YMCK, jak i foli\u0119 retransferow\u0105 Fargo 84053 nale\u017cy zakupi\u0107 osobno przy sk\u0142adaniu zam\u00f3wienia.<\/p>","protected":false},"excerpt":{"rendered":"<p>Drukarka kart identyfikacyjnych Fargo HDP5000 oferuje wyj\u0105tkow\u0105 jako\u015b\u0107 druku dzi\u0119ki technologii High-Definition Printing\u00ae.<\/p>\n<p>Idealnie nadaje si\u0119 do drukowania du\u017cych ilo\u015bci bezpiecznych kart identyfikacyjnych i z \u0142atwo\u015bci\u0105 obs\u0142uguje zar\u00f3wno karty formularzowe, jak i karty inteligentne.<\/p>\n<p>Dzi\u0119ki trzyletniej gwarancji i do\u0142\u0105czonemu oprogramowaniu EasyBadge Lite jest to niezawodne rozwi\u0105zanie dla firm wymagaj\u0105cych kart wysokiej jako\u015bci.<\/p>","protected":false},"featured_media":143837,"template":"","meta":{"_acf_changed":false},"product_brand":[],"product_cat":[3206],"product_tag":[2830,3172,3177,4863,2831,3069],"class_list":{"0":"post-53774","1":"product","2":"type-product","3":"status-publish","4":"has-post-thumbnail","6":"product_cat-fargo","7":"product_tag-kortprinter-direct-to-card","8":"product_tag-dubbelsidig-dual-side","9":"product_tag-fargo","10":"product_tag-pf","11":"product_tag-kortprinter-retransfer","12":"product_tag-trade-produkt","13":"product_shipping_class-tunga-paket","14":"pa_brands-fargo","15":"pa_fabrikat-kortskrivare-fargo","16":"tm-no-options","18":"first","19":"instock","20":"sale","21":"taxable","22":"shipping-taxable","23":"purchasable","24":"product-type-simple"},"acf":[],"_links":{"self":[{"href":"https:\/\/secureus.se\/pl\/wp-json\/wp\/v2\/product\/53774","targetHints":{"allow":["GET"]}}],"collection":[{"href":"https:\/\/secureus.se\/pl\/wp-json\/wp\/v2\/product"}],"about":[{"href":"https:\/\/secureus.se\/pl\/wp-json\/wp\/v2\/types\/product"}],"wp:featuredmedia":[{"embeddable":true,"href":"https:\/\/secureus.se\/pl\/wp-json\/wp\/v2\/media\/143837"}],"wp:attachment":[{"href":"https:\/\/secureus.se\/pl\/wp-json\/wp\/v2\/media?parent=53774"}],"wp:term":[{"taxonomy":"product_brand","embeddable":true,"href":"https:\/\/secureus.se\/pl\/wp-json\/wp\/v2\/product_brand?post=53774"},{"taxonomy":"product_cat","embeddable":true,"href":"https:\/\/secureus.se\/pl\/wp-json\/wp\/v2\/product_cat?post=53774"},{"taxonomy":"product_tag","embeddable":true,"href":"https:\/\/secureus.se\/pl\/wp-json\/wp\/v2\/product_tag?post=53774"}],"curies":[{"name":"wp","href":"https:\/\/api.w.org\/{rel}","templated":true}]}}