{"id":53776,"date":"2022-06-21T16:54:47","date_gmt":"2022-06-21T14:54:47","guid":{"rendered":"https:\/\/secureus.se\/produkt\/fargo-dtc1250e-plastic-card-printer-single-sided\/"},"modified":"2026-04-21T15:38:30","modified_gmt":"2026-04-21T13:38:30","slug":"kortskrivare-fargo-dtc1250e-enkel-sidig","status":"publish","type":"product","link":"https:\/\/secureus.se\/pl\/kortskrivare-fargo-dtc1250e-enkel-sidig\/","title":{"rendered":"Drukarka kart Fargo DTC1250e - Drukarka kart identyfikacyjnych (jednostronna)"},"content":{"rendered":"<p><strong>Wydajne i niedrogie drukowanie dowod\u00f3w osobistych za pomoc\u0105 Fargo DTC1250e:<\/strong> Zaprojektowany dla ma\u0142ych i \u015brednich firm, Fargo DTC1250e oferuje wysok\u0105 jako\u015b\u0107 i \u0142atwo\u015b\u0107 obs\u0142ugi w kompaktowej obudowie.<\/p>\n<p>Idealnie nadaje si\u0119 do produkcji wszystkiego, od legitymacji pracowniczych po karty cz\u0142onkowskie.<\/p>\n<p><strong>Funkcje i zalety:<\/strong><\/p>\n<ul>\n<li><strong>Szybki wydruk:<\/strong> Wydajno\u015b\u0107 druku 16 sekund dla kart w pe\u0142nym kolorze i 6 sekund dla kart czarno-bia\u0142ych, minimalizuj\u0105c czas oczekiwania.<\/li>\n<li><strong>\u0141atwo\u015b\u0107 u\u017cycia:<\/strong> Intuicyjna konstrukcja u\u0142atwia instalacj\u0119 i obs\u0142ug\u0119, zwi\u0119kszaj\u0105c wydajno\u015b\u0107.<\/li>\n<li><strong>Elastyczno\u015b\u0107:<\/strong> Dost\u0119pne w wersji jednostronnej i dwustronnej z mo\u017cliwo\u015bci\u0105 druku na standardowych kartach CR80.<\/li>\n<li><strong>Op\u0142acalne:<\/strong> Ekonomiczne drukowanie za pomoc\u0105 uniwersalnych wk\u0142ad\u00f3w drukuj\u0105cych u\u0142atwiaj\u0105cych instalacj\u0119 i konserwacj\u0119.<\/li>\n<\/ul>\n<p><strong>Specyfikacja techniczna:<\/strong><\/p>\n<ul>\n<li><strong>Szybko\u015b\u0107 druku:<\/strong> Do 200 kart kolorowych na godzin\u0119 i 1000 kart na godzin\u0119 w trybie czarno-bia\u0142ym.<\/li>\n<li><strong>Pojemno\u015b\u0107:<\/strong> 100 kart w zasobniku wej\u015bciowym i do 30 kart w zasobniku wyj\u015bciowym.<\/li>\n<li><strong>Typ karty:<\/strong> Format ISO 7810, CR80, rozmiar ID-1, kompatybilny z kartami PVC, PET i kompozytowymi.<\/li>\n<li><strong>Znajomo\u015bci:<\/strong> USB 2.0 i opcjonalnie Ethernet.<\/li>\n<\/ul>\n<p>Nale\u017cy pami\u0119ta\u0107, \u017ce do drukarki nie do\u0142\u0105czono \u017cebra drukarki; pami\u0119taj, aby doda\u0107 go do swojego zam\u00f3wienia.<\/p>","protected":false},"excerpt":{"rendered":"<p>Drukarka kart identyfikacyjnych Fargo DTC1250e oferuje przyjazne dla u\u017cytkownika i ekonomiczne rozwi\u0105zanie do szybkiego drukowania kart identyfikacyjnych.<\/p>\n<p>Dzi\u0119ki czasowi drukowania wynosz\u0105cemu zaledwie 16 sekund w przypadku kart kolorowych i 6 sekund w przypadku kart czarno-bia\u0142ych, jest to idealne rozwi\u0105zanie dla szk\u00f3\u0142 i klub\u00f3w cz\u0142onkowskich.<\/p>\n<p>Obejmuje trzyletni\u0105 gwarancj\u0119 i bezp\u0142atne oprogramowanie EasyBadge Lite.<\/p>","protected":false},"featured_media":144181,"template":"","meta":{"_acf_changed":false},"product_brand":[],"product_cat":[3206],"product_tag":[2830,3177,4863,3069],"class_list":{"0":"post-53776","1":"product","2":"type-product","3":"status-publish","4":"has-post-thumbnail","6":"product_cat-fargo","7":"product_tag-kortprinter-direct-to-card","8":"product_tag-fargo","9":"product_tag-pf","10":"product_tag-trade-produkt","11":"product_shipping_class-tunga-paket","12":"pa_brands-fargo","13":"pa_fabrikat-kortskrivare-fargo","14":"tm-no-options","16":"first","17":"instock","18":"sale","19":"taxable","20":"shipping-taxable","21":"purchasable","22":"product-type-simple"},"acf":[],"_links":{"self":[{"href":"https:\/\/secureus.se\/pl\/wp-json\/wp\/v2\/product\/53776","targetHints":{"allow":["GET"]}}],"collection":[{"href":"https:\/\/secureus.se\/pl\/wp-json\/wp\/v2\/product"}],"about":[{"href":"https:\/\/secureus.se\/pl\/wp-json\/wp\/v2\/types\/product"}],"wp:featuredmedia":[{"embeddable":true,"href":"https:\/\/secureus.se\/pl\/wp-json\/wp\/v2\/media\/144181"}],"wp:attachment":[{"href":"https:\/\/secureus.se\/pl\/wp-json\/wp\/v2\/media?parent=53776"}],"wp:term":[{"taxonomy":"product_brand","embeddable":true,"href":"https:\/\/secureus.se\/pl\/wp-json\/wp\/v2\/product_brand?post=53776"},{"taxonomy":"product_cat","embeddable":true,"href":"https:\/\/secureus.se\/pl\/wp-json\/wp\/v2\/product_cat?post=53776"},{"taxonomy":"product_tag","embeddable":true,"href":"https:\/\/secureus.se\/pl\/wp-json\/wp\/v2\/product_tag?post=53776"}],"curies":[{"name":"wp","href":"https:\/\/api.w.org\/{rel}","templated":true}]}}