{"id":53777,"date":"2022-06-21T17:54:42","date_gmt":"2022-06-21T15:54:42","guid":{"rendered":"https:\/\/secureus.se\/produkt\/magicard-600-duo-id-card-printer-dual-sided\/"},"modified":"2026-04-23T12:58:16","modified_gmt":"2026-04-23T10:58:16","slug":"kortskrivare-magicard-600-duo","status":"publish","type":"product","link":"https:\/\/secureus.se\/pl\/kortskrivare-magicard-600-duo\/","title":{"rendered":"Drukarka kart Magicard 600 DUO - drukarka kart identyfikacyjnych (dwustronna)"},"content":{"rendered":"<header class=\"attribute-sleeve-header center\"><\/header>\n<h3 data-section-id=\"rbaclb\" data-start=\"753\" data-end=\"842\">Magicard 600 DUO \u2013 Bezpieczna i wysokiej rozdzielczo\u015bci drukarka kart identyfikacyjnych do u\u017cytku profesjonalnego<\/h3>\n<p data-start=\"844\" data-end=\"1207\">Magicard 600 DUO to jedna z najnowocze\u015bniejszych drukarek do bezpo\u015bredniego druku kart na rynku, zaprojektowana dla organizacji wymagaj\u0105cych najwy\u017cszego poziomu bezpiecze\u0144stwa, wydajno\u015bci i jako\u015bci druku. \u0141\u0105czy w sobie szybko\u015b\u0107 druku, wysok\u0105 rozdzielczo\u015b\u0107 i wielowarstwow\u0105 ochron\u0119 danych, co czyni j\u0105 oczywistym wyborem dla firm, agencji rz\u0105dowych, szk\u00f3\u0142 i \u015brodowisk o wysokim poziomie bezpiecze\u0144stwa.<\/p>\n<hr data-start=\"1209\" data-end=\"1212\" \/>\n<h3 data-section-id=\"2cw7l6\" data-start=\"1214\" data-end=\"1251\">Ostre karty o wysokiej szczeg\u00f3\u0142owo\u015bci<\/h3>\n<p data-start=\"1253\" data-end=\"1405\">Dzi\u0119ki rozdzielczo\u015bci 600 x 300 dpi (\u017cywica) Magicard 600 mo\u017ce drukowa\u0107 bardzo ma\u0142y i wyra\u017any tekst, nawet do oko\u0142o 5 punkt\u00f3w. Dzi\u0119ki temu idealnie nadaje si\u0119 do:<\/p>\n<ul data-start=\"1407\" data-end=\"1534\">\n<li data-section-id=\"1oyl7dz\" data-start=\"1407\" data-end=\"1441\">Dow\u00f3d osobisty z du\u017c\u0105 ilo\u015bci\u0105 informacji<\/li>\n<li data-section-id=\"5bh5s9\" data-start=\"1442\" data-end=\"1486\">Karty z mikrotekstem i zabezpieczeniami<\/li>\n<li data-section-id=\"1lzosh9\" data-start=\"1487\" data-end=\"1534\">Profesjonalne karty dost\u0119powe o wysokiej precyzji<\/li>\n<\/ul>\n<p data-start=\"1536\" data-end=\"1673\">W rezultacie powsta\u0142a karta wyr\u00f3\u017cniaj\u0105ca si\u0119 wyrazistymi szczeg\u00f3\u0142ami, wyra\u017anymi liniami i dobr\u0105 czytelno\u015bci\u0105 nawet w przypadku skomplikowanych uk\u0142ad\u00f3w.<\/p>\n<hr data-start=\"1675\" data-end=\"1678\" \/>\n<h3 data-section-id=\"18lu4i3\" data-start=\"1680\" data-end=\"1725\">Drukowanie dwustronne zapewniaj\u0105ce maksymaln\u0105 funkcjonalno\u015b\u0107<\/h3>\n<p data-start=\"1727\" data-end=\"1796\">Model DUO charakteryzuje si\u0119 automatycznym drukiem dwustronnym, dzi\u0119ki czemu mo\u017cesz:<\/p>\n<ul data-start=\"1798\" data-end=\"1920\">\n<li data-section-id=\"l5vk6r\" data-start=\"1798\" data-end=\"1829\">Wi\u0119cej miejsca na informacje<\/li>\n<li data-section-id=\"yh27do\" data-start=\"1830\" data-end=\"1876\">Mo\u017cliwo\u015b\u0107 oddzielenia projektu od funkcji<\/li>\n<li data-section-id=\"1itnfsn\" data-start=\"1877\" data-end=\"1920\">Profesjonalne karty o przejrzystej strukturze<\/li>\n<\/ul>\n<p data-start=\"1922\" data-end=\"2046\">Doskonale nadaje si\u0119 na przyk\u0142ad do identyfikator\u00f3w personalnych, kt\u00f3rych przednia strona zawiera dane osobowe, a tylna \u2014 zasady, kod kreskowy lub autoryzacj\u0119.<\/p>\n<hr data-start=\"2048\" data-end=\"2051\" \/>\n<h3 data-section-id=\"195pgvj\" data-start=\"2053\" data-end=\"2094\">Wysoka pr\u0119dko\u015b\u0107 dla wydajnej produkcji<\/h3>\n<p data-start=\"2096\" data-end=\"2128\">Magicard 600 zosta\u0142 stworzony z my\u015bl\u0105 o szybko\u015bci:<\/p>\n<ul data-start=\"2130\" data-end=\"2262\">\n<li data-section-id=\"49htln\" data-start=\"2130\" data-end=\"2168\">Do 190 kart na godzin\u0119 w kolorze<\/li>\n<li data-section-id=\"xo7jkt\" data-start=\"2169\" data-end=\"2220\">Szybkie wydruki w mniej ni\u017c 20 sekund na kart\u0119<\/li>\n<li data-section-id=\"3ymz0y\" data-start=\"2221\" data-end=\"2262\">Stabilna praca w \u015brodowiskach o du\u017cym przep\u0142ywie<\/li>\n<\/ul>\n<p data-start=\"2264\" data-end=\"2391\">Dzi\u0119ki temu jest to rozwi\u0105zanie idealne dla przedsi\u0119biorstw, w kt\u00f3rych karty s\u0105 produkowane w spos\u00f3b ci\u0105g\u0142y lub w du\u017cych ilo\u015bciach.<\/p>\n<hr data-start=\"2393\" data-end=\"2396\" \/>\n<h3 data-section-id=\"1m7zz6t\" data-start=\"2398\" data-end=\"2433\">Zaawansowane bezpiecze\u0144stwo \u2013 naprawd\u0119<\/h3>\n<p data-start=\"2435\" data-end=\"2501\">To w\u0142a\u015bnie wyr\u00f3\u017cnia Magicard 600 na tle prostszych drukarek.<\/p>\n<h4 data-start=\"2503\" data-end=\"2529\">Wbudowana ochrona danych<\/h4>\n<ul data-start=\"2530\" data-end=\"2649\">\n<li data-section-id=\"1wwna9j\" data-start=\"2530\" data-end=\"2597\"><strong data-start=\"2532\" data-end=\"2553\">Niszczenie cyfrowe<\/strong> usuwa poufne dane po ka\u017cdym wydrukowaniu<\/li>\n<li data-section-id=\"1gfn1kc\" data-start=\"2598\" data-end=\"2649\">Zapobiega przechowywaniu przez drukark\u0119 danych osobowych<\/li>\n<\/ul>\n<h4 data-start=\"2651\" data-end=\"2683\">Platforma sprawdzona pod k\u0105tem bezpiecze\u0144stwa<\/h4>\n<ul data-start=\"2684\" data-end=\"2818\">\n<li data-section-id=\"1jymvo1\" data-start=\"2684\" data-end=\"2763\"><strong data-start=\"2686\" data-end=\"2709\">Benchmarking zagro\u017ce\u0144<\/strong> oznacza, \u017ce drukarka zosta\u0142a przetestowana pod k\u0105tem znanych zagro\u017ce\u0144 bezpiecze\u0144stwa<\/li>\n<li data-section-id=\"jsmiz\" data-start=\"2764\" data-end=\"2818\">Regularne aktualizacje zapewniaj\u0105ce najwy\u017cszy poziom bezpiecze\u0144stwa<\/li>\n<\/ul>\n<h4 data-start=\"2820\" data-end=\"2845\">Bezpieczny transfer danych<\/h4>\n<ul data-start=\"2846\" data-end=\"2924\">\n<li data-section-id=\"ww1if7\" data-start=\"2846\" data-end=\"2924\"><strong data-start=\"2848\" data-end=\"2872\">Kodowanie jednowierszowe<\/strong> umo\u017cliwia bezpieczne zarz\u0105dzanie danymi z centr\u00f3w danych<\/li>\n<\/ul>\n<hr data-start=\"2965\" data-end=\"2968\" \/>\n<h3 data-section-id=\"1lpgvsr\" data-start=\"2970\" data-end=\"3004\">Bezpiecze\u0144stwo wizualne z HoloKote\u00ae<\/h3>\n<ul data-start=\"3006\" data-end=\"3118\">\n<li data-section-id=\"134ltd2\" data-start=\"3006\" data-end=\"3045\">Wbudowany znak wodny na ka\u017cdej karcie<\/li>\n<li data-section-id=\"1b1gbxs\" data-start=\"3046\" data-end=\"3086\">Do 10 wst\u0119pnie zainstalowanych projekt\u00f3w<\/li>\n<li data-section-id=\"9ybuao\" data-start=\"3087\" data-end=\"3118\">Mo\u017cliwo\u015b\u0107 w\u0142asnego logo<\/li>\n<\/ul>\n<p data-start=\"3120\" data-end=\"3219\">Zabezpiecza przed kopiowaniem i daje bardziej profesjonalne wra\u017cenie.<\/p>\n<hr data-start=\"3221\" data-end=\"3224\" \/>\n<h3 data-section-id=\"7tic9w\" data-start=\"3226\" data-end=\"3256\">WiFi i \u0142atwa integracja<\/h3>\n<p data-start=\"3258\" data-end=\"3297\">Karta Magicard 600 jest gotowa do u\u017cycia zaraz po wyj\u0119ciu z pude\u0142ka:<\/p>\n<ul data-start=\"3299\" data-end=\"3398\">\n<li data-section-id=\"142d0jd\" data-start=\"3299\" data-end=\"3319\">USB i Ethernet<\/li>\n<li data-section-id=\"bpem8l\" data-start=\"3320\" data-end=\"3354\">WiFi w standardzie (z kluczem sprz\u0119towym)<\/li>\n<li data-section-id=\"zyvgsx\" data-start=\"3355\" data-end=\"3398\">\u0141atwa instalacja w istniej\u0105cych sieciach<\/li>\n<\/ul>\n<p data-start=\"3400\" data-end=\"3507\">Mo\u017cesz zacz\u0105\u0107 szybko, bez konieczno\u015bci zaawansowanej instalacji lub korzystania z zasob\u00f3w IT.<\/p>\n<hr data-start=\"3509\" data-end=\"3512\" \/>\n<h3 data-section-id=\"1gnkv0m\" data-start=\"3514\" data-end=\"3560\">Wiod\u0105ca na rynku gwarancja i niezawodno\u015b\u0107 operacyjna<\/h3>\n<p data-start=\"3562\" data-end=\"3652\">Karta Magicard 600 jest dostarczana z: <strong data-start=\"3589\" data-end=\"3607\">Magiczna ok\u0142adka Plus<\/strong>, kt\u00f3ra jest jedn\u0105 z najlepszych gwarancji na rynku:<\/p>\n<ul data-start=\"3654\" data-end=\"3769\">\n<li data-section-id=\"l98imx\" data-start=\"3654\" data-end=\"3671\">3-letnia gwarancja<\/li>\n<li data-section-id=\"67xrhw\" data-start=\"3672\" data-end=\"3704\">G\u0142owica drukuj\u0105ca w zestawie, bezproblemowo<\/li>\n<li data-section-id=\"1yujaa5\" data-start=\"3705\" data-end=\"3742\">Mo\u017cliwo\u015b\u0107 wymiany\/wypo\u017cyczenia drukarki w razie potrzeby<\/li>\n<li data-section-id=\"2tjo3t\" data-start=\"3743\" data-end=\"3769\">Globalne wsparcie techniczne<\/li>\n<\/ul>\n<p data-start=\"3812\" data-end=\"3943\">Aby gwarancja obowi\u0105zywa\u0142a, wymagane jest stosowanie oryginalnych materia\u0142\u00f3w eksploatacyjnych i regularna konserwacja.<\/p>\n<hr data-start=\"3945\" data-end=\"3948\" \/>\n<h3 data-section-id=\"9sdkbe\" data-start=\"3950\" data-end=\"3977\">Elastyczna produkcja kart<\/h3>\n<p data-start=\"3979\" data-end=\"4004\">Obs\u0142uga wielu typ\u00f3w kart:<\/p>\n<ul data-start=\"4006\" data-end=\"4121\">\n<li data-section-id=\"17e25u1\" data-start=\"4006\" data-end=\"4024\">Karta plastikowa CR80<\/li>\n<li data-section-id=\"m77ese\" data-start=\"4025\" data-end=\"4039\">Karta magnetyczna<\/li>\n<li data-section-id=\"187qey3\" data-start=\"4040\" data-end=\"4079\">Karta inteligentna \/ karta RFID (MIFARE, DESFire, iClass - wi\u0119kszo\u015b\u0107 z nich mamy w ofercie)<\/li>\n<li data-section-id=\"1fozm27\" data-start=\"4080\" data-end=\"4121\">Karta z chipem lub kodowaniem (opcjonalnie)<\/li>\n<\/ul>\n<p data-start=\"4123\" data-end=\"4189\">Grubo\u015b\u0107 karty: 0,51 \u2013 1,02 mm<\/p>\n<hr data-start=\"4191\" data-end=\"4194\" \/>\n<h3 data-section-id=\"2s7fqp\" data-start=\"4196\" data-end=\"4237\">Dane techniczne (w skr\u00f3cie)<\/h3>\n<ul data-start=\"4239\" data-end=\"4516\">\n<li data-section-id=\"gpnub3\" data-start=\"4239\" data-end=\"4267\">Model: Magicard 600 DUO<\/li>\n<li data-section-id=\"gdekxs\" data-start=\"4268\" data-end=\"4302\">Numer artyku\u0142u: P-MAG-3652-5021<\/li>\n<li data-section-id=\"1vn1bje\" data-start=\"4303\" data-end=\"4328\">Drukowanie: dwustronne<\/li>\n<li data-section-id=\"5e1idc\" data-start=\"4329\" data-end=\"4358\">Rozdzielczo\u015b\u0107: 600 x 300 dpi<\/li>\n<li data-section-id=\"17nzkcu\" data-start=\"4359\" data-end=\"4397\">Pr\u0119dko\u015b\u0107: do 190 kart\/godzin\u0119<\/li>\n<li data-section-id=\"6qlhy1\" data-start=\"4398\" data-end=\"4427\">Pojemno\u015b\u0107: 100 wej\u015b\u0107 \/ 70 wyj\u015b\u0107<\/li>\n<li data-section-id=\"16s8c15\" data-start=\"4428\" data-end=\"4463\">Po\u0142\u0105czenie: USB, Ethernet, WiFi<\/li>\n<li data-section-id=\"183q6gj\" data-start=\"4464\" data-end=\"4483\">Waga: ok. 4,7 kg<\/li>\n<li data-section-id=\"269k5\" data-start=\"4484\" data-end=\"4516\">Gwarancja: 3 lata MagiCover Plus<\/li>\n<\/ul>\n<hr data-start=\"4518\" data-end=\"4521\" \/>\n<h3 data-section-id=\"rpfyu3\" data-start=\"4523\" data-end=\"4543\">Wa\u017cne, \u017ceby wiedzie\u0107<\/h3>\n<ul data-start=\"4545\" data-end=\"4695\">\n<li data-section-id=\"ddg5am\" data-start=\"4545\" data-end=\"4566\">Wst\u0105\u017cka nie jest do\u0142\u0105czona \u2013 nale\u017cy j\u0105 zakupi\u0107 osobno<\/li>\n<li data-section-id=\"1qloq4v\" data-start=\"4567\" data-end=\"4633\">Aby uzyska\u0107 najlepsze rezultaty, zaleca si\u0119 stosowanie oryginalnych materia\u0142\u00f3w eksploatacyjnych Magicard<\/li>\n<li data-section-id=\"1dwctm2\" data-start=\"4634\" data-end=\"4695\">Regularne czyszczenie jest niezb\u0119dne do optymalnego dzia\u0142ania i gwarancji<\/li>\n<\/ul>\n<hr data-start=\"4697\" data-end=\"4700\" \/>\n<h3 data-section-id=\"ethgyn\" data-start=\"4702\" data-end=\"4717\">Idealny dla<\/h3>\n<ul data-start=\"4719\" data-end=\"4891\">\n<li data-section-id=\"xat3aq\" data-start=\"4719\" data-end=\"4747\">Firmy posiadaj\u0105ce systemy kontroli dost\u0119pu<\/li>\n<li data-section-id=\"ei9hza\" data-start=\"4748\" data-end=\"4774\">Szko\u0142y i uniwersytety<\/li>\n<li data-section-id=\"cali8m\" data-start=\"4775\" data-end=\"4820\">W\u0142adze i \u015brodowiska obj\u0119te klauzul\u0105 tajno\u015bci<\/li>\n<li data-section-id=\"uv9a7s\" data-start=\"4821\" data-end=\"4845\">Karty cz\u0142onkowskie i dowody osobiste<\/li>\n<li data-section-id=\"1lhyh42\" data-start=\"4846\" data-end=\"4891\">Wydarzenia i organizacje o wysokim poziomie bezpiecze\u0144stwa<\/li>\n<\/ul>\n<hr data-start=\"4893\" data-end=\"4896\" \/>\n<h2 data-section-id=\"ikim3p\" data-start=\"4898\" data-end=\"4960\"><span role=\"text\"><strong data-start=\"4901\" data-end=\"4960\">Co w\u0142a\u015bciwie sprawia, \u017ce jest lepszy od ta\u0144szych modeli<\/strong><\/span><\/h2>\n<ul data-start=\"4962\" data-end=\"5137\">\n<li data-section-id=\"mdi6vq\" data-start=\"4962\" data-end=\"5003\">Prawdziwe bezpiecze\u0144stwo danych (nie tylko wydruk\u00f3w)<\/li>\n<li data-section-id=\"y4bto1\" data-start=\"5004\" data-end=\"5046\">600 dpi dla ma\u0142ych tekst\u00f3w i szczeg\u00f3\u0142\u00f3w identyfikacyjnych<\/li>\n<li data-section-id=\"nbw9w3\" data-start=\"5047\" data-end=\"5068\">Wi-Fi w standardzie<\/li>\n<li data-section-id=\"1x4dets\" data-start=\"5069\" data-end=\"5104\">MagiCover Plus z drukark\u0105 wypo\u017cyczon\u0105<\/li>\n<li data-section-id=\"7wyiht\" data-start=\"5105\" data-end=\"5137\">Zbudowany do ci\u0105g\u0142ej pracy<\/li>\n<\/ul>","protected":false},"excerpt":{"rendered":"<p data-start=\"737\" data-end=\"1000\"><strong data-start=\"737\" data-end=\"1000\">Magicard 600 DUO to profesjonalna, dwustronna drukarka kart identyfikacyjnych dla firm i organizacji wymagaj\u0105cych wysokiego poziomu bezpiecze\u0144stwa, doskona\u0142ej jako\u015bci druku i szybkiej produkcji kart. Idealna do drukowania kart identyfikacyjnych, kart dost\u0119pu, kart cz\u0142onkowskich i innych kart plastikowych w \u015brodowiskach profesjonalnych.<\/strong><\/p>\n<ul data-start=\"1002\" data-end=\"1303\">\n<li data-section-id=\"n2ztkq\" data-start=\"1002\" data-end=\"1067\">Dwustronna drukarka do kart identyfikacyjnych do profesjonalnej produkcji kart<\/li>\n<li data-section-id=\"1ptcvh5\" data-start=\"1068\" data-end=\"1139\">Wysoka rozdzielczo\u015b\u0107 600 x 300 dpi zapewniaj\u0105ca ostry tekst i wyra\u017ane szczeg\u00f3\u0142y<\/li>\n<li data-section-id=\"d0p5ki\" data-start=\"1140\" data-end=\"1175\">Do 190 kart kolor\u00f3w na godzin\u0119<\/li>\n<li data-section-id=\"1x9ze86\" data-start=\"1176\" data-end=\"1219\">Wbudowany znak wodny zabezpieczaj\u0105cy HoloKote<\/li>\n<li data-section-id=\"1bv28rw\" data-start=\"1220\" data-end=\"1270\">WiFi, USB i Ethernet dla elastycznej \u0142\u0105czno\u015bci<\/li>\n<li data-section-id=\"1dn7irl\" data-start=\"1271\" data-end=\"1303\">4-letnia gwarancja MagiCover Plus<\/li>\n<li data-section-id=\"1dn7irl\" data-start=\"1271\" data-end=\"1303\">Oprogramowanie w zestawie<\/li>\n<\/ul>","protected":false},"featured_media":144196,"template":"","meta":{"_acf_changed":false},"product_brand":[],"product_cat":[3208],"product_tag":[3850,3172,3174,4863,3069],"class_list":{"0":"post-53777","1":"product","2":"type-product","3":"status-publish","4":"has-post-thumbnail","6":"product_cat-magicard","7":"product_tag-bastsaljare","8":"product_tag-dubbelsidig-dual-side","9":"product_tag-magicard","10":"product_tag-pf","11":"product_tag-trade-produkt","12":"product_shipping_class-tunga-paket","13":"pa_brands-magicard","14":"pa_fabrikat-kortskrivare-magicard","15":"tm-no-options","17":"first","18":"instock","19":"sale","20":"taxable","21":"shipping-taxable","22":"purchasable","23":"product-type-simple"},"acf":[],"_links":{"self":[{"href":"https:\/\/secureus.se\/pl\/wp-json\/wp\/v2\/product\/53777","targetHints":{"allow":["GET"]}}],"collection":[{"href":"https:\/\/secureus.se\/pl\/wp-json\/wp\/v2\/product"}],"about":[{"href":"https:\/\/secureus.se\/pl\/wp-json\/wp\/v2\/types\/product"}],"wp:featuredmedia":[{"embeddable":true,"href":"https:\/\/secureus.se\/pl\/wp-json\/wp\/v2\/media\/144196"}],"wp:attachment":[{"href":"https:\/\/secureus.se\/pl\/wp-json\/wp\/v2\/media?parent=53777"}],"wp:term":[{"taxonomy":"product_brand","embeddable":true,"href":"https:\/\/secureus.se\/pl\/wp-json\/wp\/v2\/product_brand?post=53777"},{"taxonomy":"product_cat","embeddable":true,"href":"https:\/\/secureus.se\/pl\/wp-json\/wp\/v2\/product_cat?post=53777"},{"taxonomy":"product_tag","embeddable":true,"href":"https:\/\/secureus.se\/pl\/wp-json\/wp\/v2\/product_tag?post=53777"}],"curies":[{"name":"wp","href":"https:\/\/api.w.org\/{rel}","templated":true}]}}