{"id":53779,"date":"2022-06-21T16:54:35","date_gmt":"2022-06-21T14:54:35","guid":{"rendered":"https:\/\/secureus.se\/produkt\/magicard-pronto-plastic-card-printer-single-sided\/"},"modified":"2026-04-10T16:08:39","modified_gmt":"2026-04-10T14:08:39","slug":"kortskrivare-magicard-pronto","status":"publish","type":"product","link":"https:\/\/secureus.se\/pl\/kortskrivare-magicard-pronto\/","title":{"rendered":"Drukarka kart Magicard Pronto - Drukarka kart identyfikacyjnych (jednostronna)"},"content":{"rendered":"<header class=\"attribute-sleeve-header center\"><strong>Kompaktowy i wydajny druk kart identyfikacyjnych za pomoc\u0105 Magicard Pronto:<\/strong> Magicard Pronto zosta\u0142 zaprojektowany, aby sprosta\u0107 potrzebom ma\u0142ych firm i pocz\u0105tkuj\u0105cych. Jest \u0142atwy w u\u017cyciu i dostarcza wysokiej jako\u015bci karty identyfikacyjne bez uszczerbku dla ceny.<\/p>\n<p><strong>Funkcje i zalety:<\/strong><\/p>\n<ul>\n<li><strong>Pr\u0119dko\u015b\u0107:<\/strong> Drukuje karty czarno-bia\u0142e w zaledwie 7 sekund, a karty kolorowe w 35 sekund, dzi\u0119ki czemu jest bardzo wydajna w codziennym u\u017cytkowaniu.<\/li>\n<li><strong>Wysoka jako\u015b\u0107:<\/strong> Wyposa\u017cony w standardowy znak wodny zabezpieczaj\u0105cy, kt\u00f3ry zapewnia dodatkow\u0105 ochron\u0119 przed klonowaniem bez dodatkowych koszt\u00f3w.<\/li>\n<li><strong>\u0141atwo\u015b\u0107 u\u017cycia:<\/strong> Kompaktowa konstrukcja sprawia, \u017ce idealnie nadaje si\u0119 do biurek i mniejszych przestrzeni roboczych, zapewniaj\u0105c u\u017cytkownikom \u0142atwy dost\u0119p.<\/li>\n<li><strong>D\u0142uga gwarancja:<\/strong> Dwuletnia gwarancja zapewnia spok\u00f3j ducha i wsparcie w razie potrzeby.<\/li>\n<\/ul>\n<p><strong>Specyfikacja techniczna:<\/strong><\/p>\n<ul>\n<li><strong>Szybko\u015b\u0107 druku:<\/strong> Do 200 kart na godzin\u0119 (druk kolorowy), 766 kart na godzin\u0119 (druk monochromatyczny).<\/li>\n<li><strong>Pojemno\u015b\u0107:<\/strong> 50 kart w zasobniku wej\u015bciowym i 50 kart w zasobniku wyj\u015bciowym.<\/li>\n<li><strong>Typ karty:<\/strong> Format ISO 7810, CR80, rozmiar ID-1, kompatybilny z kartami PVC i kompozytowymi.<\/li>\n<li><strong>Znajomo\u015bci:<\/strong> USB i Ethernet.<\/li>\n<\/ul>\n<p>Nale\u017cy pami\u0119ta\u0107, \u017ce do drukarki nie do\u0142\u0105czono \u017cebra drukarki; pami\u0119taj, aby doda\u0107 go do swojego zam\u00f3wienia.<\/p>\n<\/header>","protected":false},"excerpt":{"rendered":"<p>Drukarka kart identyfikacyjnych Magicard Pronto to jedna z naszych najlepiej sprzedaj\u0105cych si\u0119 drukarek, idealna dla ma\u0142ych firm o niskim nak\u0142adzie druku.<\/p>\n<p>Jest kompaktowa, lekka i zapewnia szybki czas druku wynosz\u0105cy 7 sekund w przypadku kart czarno-bia\u0142ych i 35 sekund w przypadku kart kolorowych.<\/p>\n<p>Dzi\u0119ki dwuletniej gwarancji i bezp\u0142atnemu oprogramowaniu EasyBadge Lite jest to niezawodne i niedrogie rozwi\u0105zanie.<\/p>","protected":false},"featured_media":144858,"template":"","meta":{"_acf_changed":false},"product_brand":[],"product_cat":[3208],"product_tag":[2830,3174,4863,3069],"class_list":{"0":"post-53779","1":"product","2":"type-product","3":"status-publish","4":"has-post-thumbnail","6":"product_cat-magicard","7":"product_tag-kortprinter-direct-to-card","8":"product_tag-magicard","9":"product_tag-pf","10":"product_tag-trade-produkt","11":"product_shipping_class-tunga-paket","12":"pa_brands-magicard","13":"pa_fabrikat-kortskrivare-magicard","14":"tm-no-options","16":"first","17":"instock","18":"sale","19":"taxable","20":"shipping-taxable","21":"purchasable","22":"product-type-simple"},"acf":[],"_links":{"self":[{"href":"https:\/\/secureus.se\/pl\/wp-json\/wp\/v2\/product\/53779","targetHints":{"allow":["GET"]}}],"collection":[{"href":"https:\/\/secureus.se\/pl\/wp-json\/wp\/v2\/product"}],"about":[{"href":"https:\/\/secureus.se\/pl\/wp-json\/wp\/v2\/types\/product"}],"wp:featuredmedia":[{"embeddable":true,"href":"https:\/\/secureus.se\/pl\/wp-json\/wp\/v2\/media\/144858"}],"wp:attachment":[{"href":"https:\/\/secureus.se\/pl\/wp-json\/wp\/v2\/media?parent=53779"}],"wp:term":[{"taxonomy":"product_brand","embeddable":true,"href":"https:\/\/secureus.se\/pl\/wp-json\/wp\/v2\/product_brand?post=53779"},{"taxonomy":"product_cat","embeddable":true,"href":"https:\/\/secureus.se\/pl\/wp-json\/wp\/v2\/product_cat?post=53779"},{"taxonomy":"product_tag","embeddable":true,"href":"https:\/\/secureus.se\/pl\/wp-json\/wp\/v2\/product_tag?post=53779"}],"curies":[{"name":"wp","href":"https:\/\/api.w.org\/{rel}","templated":true}]}}