{"id":53780,"date":"2022-06-21T17:54:34","date_gmt":"2022-06-21T15:54:34","guid":{"rendered":"https:\/\/secureus.se\/produkt\/magicard-300-id-card-printer-dual-sided\/"},"modified":"2026-04-23T12:59:04","modified_gmt":"2026-04-23T10:59:04","slug":"kortskrivare-magicard-300-2","status":"publish","type":"product","link":"https:\/\/secureus.se\/pl\/kortskrivare-magicard-300-2\/","title":{"rendered":"Drukarka kart Magicard 300 DUO \u2013 drukarka kart identyfikacyjnych (dwustronna)"},"content":{"rendered":"<header class=\"attribute-sleeve-header center\">\n<h3 data-section-id=\"112gxbi\" data-start=\"656\" data-end=\"736\">Magicard 300 DUO \u2013 Niezawodna i bezpieczna drukarka kart identyfikacyjnych do codziennego u\u017cytku<\/h3>\n<p data-start=\"738\" data-end=\"1021\">Magicard 300 DUO to elastyczna i niezawodna drukarka kart identyfikacyjnych, idealna dla firm, szk\u00f3\u0142 i organizacji, kt\u00f3re regularnie drukuj\u0105 karty identyfikacyjne. \u0141\u0105czy wysok\u0105 jako\u015b\u0107 druku, \u0142atwo\u015b\u0107 obs\u0142ugi i wbudowane zabezpieczenia w kompaktowym i ekonomicznym rozwi\u0105zaniu.<\/p>\n<p data-start=\"1023\" data-end=\"1213\">Drukarka zosta\u0142a zaprojektowana specjalnie dla przedsi\u0119biorstw, kt\u00f3re drukuj\u0105 do oko\u0142o 10 000 kart rocznie i poszukuj\u0105 stabilnego rozwi\u0105zania bez zb\u0119dnych komplikacji.<\/p>\n<hr data-start=\"1215\" data-end=\"1218\" \/>\n<h3 data-section-id=\"1fvllhe\" data-start=\"1220\" data-end=\"1269\">Wysoka jako\u015b\u0107 druku dla profesjonalnych kart<\/h3>\n<p data-start=\"1271\" data-end=\"1329\">Dzi\u0119ki rozdzielczo\u015bci 300 x 300 dpi Magicard 300 zapewnia:<\/p>\n<ul data-start=\"1331\" data-end=\"1399\">\n<li data-section-id=\"1tunt2k\" data-start=\"1331\" data-end=\"1353\">Ostre zdj\u0119cia<\/li>\n<li data-section-id=\"452m3n\" data-start=\"1354\" data-end=\"1375\">Wyra\u017ane loga<\/li>\n<li data-section-id=\"1u9ihby\" data-start=\"1376\" data-end=\"1399\">Dobra reprodukcja kolor\u00f3w<\/li>\n<\/ul>\n<p data-start=\"1401\" data-end=\"1529\">Doskonale nadaje si\u0119 do dowod\u00f3w osobistych, kart dost\u0119pu i kart cz\u0142onkowskich, gdzie wa\u017cne jest profesjonalne wra\u017cenie.<\/p>\n<hr data-start=\"1531\" data-end=\"1534\" \/>\n<h3 data-section-id=\"1y69j9m\" data-start=\"1536\" data-end=\"1580\">Drukowanie dwustronne \u2013 wi\u0119cej informacji<\/h3>\n<p data-start=\"1582\" data-end=\"1628\">Wersja dwustronna DUO umo\u017cliwia:<\/p>\n<ul data-start=\"1630\" data-end=\"1738\">\n<li data-section-id=\"1nvz1uc\" data-start=\"1630\" data-end=\"1673\">Umie\u015b\u0107 to\u017csamo\u015b\u0107 i zdj\u0119cie na pierwszej stronie<\/li>\n<li data-section-id=\"1ewhxty\" data-start=\"1674\" data-end=\"1738\">Dodaj kody kreskowe, regu\u0142y lub informacje z ty\u0142u<\/li>\n<\/ul>\n<p data-start=\"1740\" data-end=\"1789\">Zapewnia bardziej funkcjonalne i profesjonalne karty.<\/p>\n<hr data-start=\"1791\" data-end=\"1794\" \/>\n<h3 data-section-id=\"1m5k3mf\" data-start=\"1796\" data-end=\"1833\">Szybka i wydajna produkcja kart<\/h3>\n<p data-start=\"1835\" data-end=\"1874\">Magicard 300 zosta\u0142 stworzony do codziennego u\u017cytku:<\/p>\n<ul data-start=\"1876\" data-end=\"1985\">\n<li data-section-id=\"78jwjh\" data-start=\"1876\" data-end=\"1911\">Do 160 kart kolor\u00f3w na godzin\u0119<\/li>\n<li data-section-id=\"1t4kpyp\" data-start=\"1912\" data-end=\"1953\">Do 720 kart monochromatycznych na godzin\u0119<\/li>\n<li data-section-id=\"1n6agks\" data-start=\"1954\" data-end=\"1985\">Oko\u0142o 23 sekund na kart\u0119 kolor\u00f3w<\/li>\n<\/ul>\n<p data-start=\"1987\" data-end=\"2097\">Dzi\u0119ki temu jest to idealne rozwi\u0105zanie dla firm, kt\u00f3re maj\u0105 sta\u0142e zapotrzebowanie na druk kart.<\/p>\n<hr data-start=\"2099\" data-end=\"2102\" \/>\n<h3 data-section-id=\"w76xfc\" data-start=\"2104\" data-end=\"2149\">Wbudowane zabezpieczenia zapewniaj\u0105ce bezpieczn\u0105 produkcj\u0119 kart<\/h3>\n<p data-start=\"2151\" data-end=\"2207\">Magicard 300 oferuje kilka wa\u017cnych funkcji bezpiecze\u0144stwa:<\/p>\n<ul data-start=\"2209\" data-end=\"2359\">\n<li data-section-id=\"1hgdx4n\" data-start=\"2209\" data-end=\"2259\"><strong data-start=\"2211\" data-end=\"2238\">Znak wodny HoloKote\u00ae<\/strong> do ochrony wizualnej<\/li>\n<li data-section-id=\"7hxqdk\" data-start=\"2260\" data-end=\"2301\">Mo\u017cliwo\u015b\u0107 dodania w\u0142asnego logo<\/li>\n<li data-section-id=\"sz6ym4\" data-start=\"2302\" data-end=\"2359\"><strong data-start=\"2304\" data-end=\"2325\">Niszczenie cyfrowe<\/strong> kt\u00f3ry usuwa dane po wydrukowaniu<\/li>\n<\/ul>\n<p data-start=\"2361\" data-end=\"2468\">Utrudnia to kopiowanie kart i chroni poufne informacje.<\/p>\n<hr data-start=\"2470\" data-end=\"2473\" \/>\n<h3 data-section-id=\"1psx2cu\" data-start=\"2475\" data-end=\"2512\">\u0141atwa instalacja i u\u017cytkowanie<\/h3>\n<ul data-start=\"2514\" data-end=\"2615\">\n<li data-section-id=\"mzyl5q\" data-start=\"2514\" data-end=\"2537\">Pod\u0142\u0105cz i graj przez USB<\/li>\n<li data-section-id=\"ir2e03\" data-start=\"2538\" data-end=\"2573\">Ethernet do po\u0142\u0105czenia sieciowego<\/li>\n<li data-section-id=\"14cn7tu\" data-start=\"2574\" data-end=\"2615\">\u0141atwa integracja z istniej\u0105cymi systemami<\/li>\n<\/ul>\n<p data-start=\"2617\" data-end=\"2691\">Drukarka wymaga minimalnej wiedzy technicznej i mo\u017cna szybko rozpocz\u0105\u0107 jej u\u017cywanie.<\/p>\n<hr data-start=\"2693\" data-end=\"2696\" \/>\n<h3 data-section-id=\"13kkucz\" data-start=\"2698\" data-end=\"2728\">Zr\u00f3wnowa\u017cona i efektywna eksploatacja<\/h3>\n<p data-start=\"2730\" data-end=\"2788\">Karta Magicard 300 zosta\u0142a zaprojektowana z my\u015bl\u0105 o d\u0142ugiej \u017cywotno\u015bci i stabilnej pracy:<\/p>\n<ul data-start=\"2790\" data-end=\"2899\">\n<li data-section-id=\"j96c48\" data-start=\"2790\" data-end=\"2813\">Solidna konstrukcja<\/li>\n<li data-section-id=\"1itc5tk\" data-start=\"2814\" data-end=\"2849\">Efektywne wykorzystanie wst\u0105\u017cek<\/li>\n<li data-section-id=\"470800\" data-start=\"2850\" data-end=\"2899\">Mo\u017cliwo\u015b\u0107 uaktualnienia funkcji w razie potrzeby<\/li>\n<\/ul>\n<p data-start=\"2901\" data-end=\"3036\">Analizuje r\u00f3wnie\u017c dane dotycz\u0105ce wydruku w celu optymalizacji wykorzystania ta\u015bmy i zmniejszenia ilo\u015bci odpad\u00f3w.<\/p>\n<hr data-start=\"3038\" data-end=\"3041\" \/>\n<h3 data-section-id=\"iwf276\" data-start=\"3043\" data-end=\"3067\">Gwarancja i bezpiecze\u0144stwo<\/h3>\n<ul data-start=\"3069\" data-end=\"3155\">\n<li data-section-id=\"l98imx\" data-start=\"3069\" data-end=\"3086\">3-letnia gwarancja<\/li>\n<li data-section-id=\"1dh68nb\" data-start=\"3087\" data-end=\"3119\">Dost\u0119p do globalnego wsparcia<\/li>\n<li data-section-id=\"1ymlqo9\" data-start=\"3120\" data-end=\"3155\">Mo\u017cliwo\u015b\u0107 przed\u0142u\u017cenia gwarancji<\/li>\n<\/ul>\n<p data-start=\"3157\" data-end=\"3271\">Gwarancja obowi\u0105zuje pod warunkiem stosowania oryginalnych materia\u0142\u00f3w eksploatacyjnych i prawid\u0142owej konserwacji.<\/p>\n<hr data-start=\"3273\" data-end=\"3276\" \/>\n<h3 data-section-id=\"12w8785\" data-start=\"3278\" data-end=\"3323\">Specyfikacja techniczna (podsumowanie)<\/h3>\n<ul data-start=\"3325\" data-end=\"3604\">\n<li data-section-id=\"1vj96sq\" data-start=\"3325\" data-end=\"3353\">Model: Magicard 300 DUO<\/li>\n<li data-section-id=\"1vn1bje\" data-start=\"3354\" data-end=\"3379\">Drukowanie: dwustronne<\/li>\n<li data-section-id=\"1nsuhxh\" data-start=\"3380\" data-end=\"3409\">Rozdzielczo\u015b\u0107: 300 x 300 dpi<\/li>\n<li data-section-id=\"1c6m1mp\" data-start=\"3410\" data-end=\"3448\">Pr\u0119dko\u015b\u0107: do 160 kart\/godzin\u0119<\/li>\n<li data-section-id=\"6qlhy1\" data-start=\"3449\" data-end=\"3478\">Pojemno\u015b\u0107: 100 wej\u015b\u0107 \/ 70 wyj\u015b\u0107<\/li>\n<li data-section-id=\"1fr1ygq\" data-start=\"3479\" data-end=\"3506\">Format karty: CR80 \/ CR79<\/li>\n<li data-section-id=\"ex5tuj\" data-start=\"3507\" data-end=\"3556\">Typy kart: PVC, kompozytowe, karty inteligentne (opcjonalnie)<\/li>\n<li data-section-id=\"794tec\" data-start=\"3557\" data-end=\"3586\">Po\u0142\u0105czenie: USB, Ethernet<\/li>\n<li data-section-id=\"qnevs9\" data-start=\"3587\" data-end=\"3604\">Waga: oko\u0142o 5 kg<\/li>\n<\/ul>\n<hr data-start=\"3606\" data-end=\"3609\" \/>\n<h3 data-section-id=\"11hcs70\" data-start=\"3611\" data-end=\"3635\">Wa\u017cne, aby wzi\u0105\u0107 pod uwag\u0119<\/h3>\n<ul data-start=\"3637\" data-end=\"3754\">\n<li data-section-id=\"ddg5am\" data-start=\"3637\" data-end=\"3658\">Wst\u0105\u017cka nie jest do\u0142\u0105czona<\/li>\n<li data-section-id=\"ul3fqp\" data-start=\"3659\" data-end=\"3706\">Zalecane s\u0105 oryginalne materia\u0142y eksploatacyjne Magicard<\/li>\n<li data-section-id=\"ch1j62\" data-start=\"3707\" data-end=\"3754\">Aby zapewni\u0107 optymaln\u0105 prac\u0119, konieczne jest regularne czyszczenie<\/li>\n<\/ul>\n<hr data-start=\"3756\" data-end=\"3759\" \/>\n<h3 data-section-id=\"ethgyn\" data-start=\"3761\" data-end=\"3776\">Idealny dla<\/h3>\n<ul data-start=\"3778\" data-end=\"3922\">\n<li data-section-id=\"1crl4be\" data-start=\"3778\" data-end=\"3800\">Firmy i biura<\/li>\n<li data-section-id=\"ei9hza\" data-start=\"3801\" data-end=\"3827\">Szko\u0142y i uniwersytety<\/li>\n<li data-section-id=\"15fzodf\" data-start=\"3828\" data-end=\"3856\">Karty cz\u0142onkowskie i karty klienta<\/li>\n<li data-section-id=\"87575i\" data-start=\"3857\" data-end=\"3883\">Wizyt\u00f3wki i dowody osobiste<\/li>\n<li data-section-id=\"1g9o2sm\" data-start=\"3884\" data-end=\"3922\">Ma\u0142e i \u015brednie wolumeny kart<\/li>\n<\/ul>\n<\/header>","protected":false},"excerpt":{"rendered":"<p data-start=\"214\" data-end=\"415\">Magicard 300 DUO to przyjazna dla u\u017cytkownika i bezpieczna, dwustronna drukarka kart identyfikacyjnych dla firm, szk\u00f3\u0142 i organizacji. Idealna do codziennej produkcji kart, z wysok\u0105 jako\u015bci\u0105 i wbudowanymi funkcjami bezpiecze\u0144stwa.<\/p>\n<ul data-start=\"417\" data-end=\"599\">\n<li data-section-id=\"1uls68x\" data-start=\"417\" data-end=\"450\">Drukowanie dwustronne (dupleks)<\/li>\n<li data-section-id=\"k0hqt3\" data-start=\"451\" data-end=\"487\">300 x 300 dpi dla ostrych dowod\u00f3w osobistych<\/li>\n<li data-section-id=\"78jwjh\" data-start=\"488\" data-end=\"523\">Do 160 kart kolor\u00f3w na godzin\u0119<\/li>\n<li data-section-id=\"sg0mgt\" data-start=\"524\" data-end=\"560\">Znak wodny zabezpieczaj\u0105cy HoloKote\u00ae<\/li>\n<li data-section-id=\"142d0jd\" data-start=\"561\" data-end=\"581\">USB i Ethernet<\/li>\n<li data-section-id=\"l98imx\" data-start=\"582\" data-end=\"599\">3-letnia gwarancja<\/li>\n<\/ul>","protected":false},"featured_media":144389,"template":"","meta":{"_acf_changed":false},"product_brand":[],"product_cat":[3208],"product_tag":[3850,3172,3174,4863,3069],"class_list":{"0":"post-53780","1":"product","2":"type-product","3":"status-publish","4":"has-post-thumbnail","6":"product_cat-magicard","7":"product_tag-bastsaljare","8":"product_tag-dubbelsidig-dual-side","9":"product_tag-magicard","10":"product_tag-pf","11":"product_tag-trade-produkt","12":"product_shipping_class-tunga-paket","13":"pa_brands-magicard","14":"pa_fabrikat-kortskrivare-magicard","15":"tm-no-options","17":"first","18":"instock","19":"sale","20":"taxable","21":"shipping-taxable","22":"purchasable","23":"product-type-simple"},"acf":[],"_links":{"self":[{"href":"https:\/\/secureus.se\/pl\/wp-json\/wp\/v2\/product\/53780","targetHints":{"allow":["GET"]}}],"collection":[{"href":"https:\/\/secureus.se\/pl\/wp-json\/wp\/v2\/product"}],"about":[{"href":"https:\/\/secureus.se\/pl\/wp-json\/wp\/v2\/types\/product"}],"wp:featuredmedia":[{"embeddable":true,"href":"https:\/\/secureus.se\/pl\/wp-json\/wp\/v2\/media\/144389"}],"wp:attachment":[{"href":"https:\/\/secureus.se\/pl\/wp-json\/wp\/v2\/media?parent=53780"}],"wp:term":[{"taxonomy":"product_brand","embeddable":true,"href":"https:\/\/secureus.se\/pl\/wp-json\/wp\/v2\/product_brand?post=53780"},{"taxonomy":"product_cat","embeddable":true,"href":"https:\/\/secureus.se\/pl\/wp-json\/wp\/v2\/product_cat?post=53780"},{"taxonomy":"product_tag","embeddable":true,"href":"https:\/\/secureus.se\/pl\/wp-json\/wp\/v2\/product_tag?post=53780"}],"curies":[{"name":"wp","href":"https:\/\/api.w.org\/{rel}","templated":true}]}}