{"id":54533,"date":"2022-05-25T11:58:14","date_gmt":"2022-05-25T09:58:14","guid":{"rendered":"https:\/\/secureus.se\/produkt\/bordslasare-access-em-teknik-125-khz-programmerbara-systemnummer\/"},"modified":"2026-04-07T13:09:12","modified_gmt":"2026-04-07T11:09:12","slug":"rfid-lasare-access-em-teknik-125-khz-programmerbara-systemnummer","status":"publish","type":"product","link":"https:\/\/secureus.se\/pl\/rfid-lasare-access-em-teknik-125-khz-programmerbara-systemnummer\/","title":{"rendered":"Czytnik RFID Access EM \u2013 Technologia 125 kHz Programowalna"},"content":{"rendered":"<p><strong>UWAGA! Niekompatybilny z MAC!<br \/>\n<\/strong><strong>Czytniki s\u0105 dost\u0119pne w wersji pojedynczej lub kombinowanej, a oprogramowanie mo\u017cna pobra\u0107 bezp\u0142atnie, aby m\u00f3c zaprogramowa\u0107 czytniki pod dowolnym wybranym systemem.<\/strong><br \/>\nTy wybierasz do jakiego systemu zaprogramujemy czytnik i dostarczamy go w ci\u0105gu 1-2 dni roboczych.<\/p>\n<p><em><strong>Ten czytnik jest przeznaczony tylko dla LF i dlatego nie jest u\u017cywany wyb\u00f3r cz\u0119stotliwo\u015bci.<\/strong><\/em><\/p>\n<p><strong>Aby zobaczy\u0107, jakiego wyboru musisz dokona\u0107 w oprogramowaniu dla swojego systemu, skorzystaj z naszej listy t\u0142umacze\u0144, kt\u00f3r\u0105 znajdziesz w sekcji Pliki do pobrania.<\/strong><\/p>\n<p><strong>Czytnik obj\u0119ty jest 2-letni\u0105 gwarancj\u0105.<\/strong><br \/>\nStonehouse Security opracowa\u0142o uk\u0142ad i oprogramowanie dla wszystkich czytnik\u00f3w ACCESS, jest niezawodne, szybkie i dostosowane do rynku szwedzkiego.<br \/>\nCzytnik przystosowany jest do rynku zabezpiecze\u0144 i jego klient\u00f3w ko\u0144cowych, ale tak\u017ce do innych zastosowa\u0144, gdzie konieczne jest odczytanie kodu znajduj\u0105cego si\u0119 na chipie elektronicznym w czytniku RFID.<br \/>\nCzytnik sto\u0142owy ACCESS wykorzystuje po\u0142\u0105czenie USB i mo\u017cna go pod\u0142\u0105czy\u0107 w trybie plug and play z ju\u017c zakodowanym czytnikiem.<\/p>\n<p>Je\u015bli potrzebujesz pomocy w programowaniu, skontaktuj si\u0119 z nami, a pomo\u017cemy Ci w tym bezp\u0142atnie.<br \/>\nProgram czytnika obs\u0142uguje: RCO, Bewator\/Vanderbilt 8 i 13 cyfr, Axema, Axema VAKA, ASSA, Aptus, Paxton.<\/p>\n<p><strong>\ud83d\udcbe Pobierz oprogramowanie:<\/strong><br \/>\n<a href=\"https:\/\/stonehouse.se\/programvaror\/ACCESS%20-%20Version%201.exe\" rel=\"noopener\">\ud83d\udce5 Wersja 1.exe<\/a><br \/>\n<a href=\"https:\/\/stonehouse.se\/programvaror\/ACCESS%20-%20Version%202.exe\" rel=\"noopener\">\ud83d\udce5 Wersja 2.exe<\/a><br \/>\n<a href=\"http:\/\/stonehouse.se\/programvaror\/ReaderSetting_Setup_3.0.0.5.exe\" rel=\"noopener\">\ud83d\udce5 Wersja 3.0.0.5.exe<\/a><\/p>","protected":false},"excerpt":{"rendered":"<p><em><strong>W zestawie kabel USB.<br \/>\nWa\u017cne jest, aby podczas konfiguracji czytnika wiedzie\u0107, jakiego chipa u\u017cywasz.<\/strong><\/em><\/p>","protected":false},"featured_media":163620,"template":"","meta":{"_acf_changed":false},"product_brand":[],"product_cat":[1743],"product_tag":[2405,2958],"class_list":{"0":"post-54533","1":"product","2":"type-product","3":"status-publish","4":"has-post-thumbnail","6":"product_cat-rfid-lasare","7":"product_tag-rel-rfid","8":"product_tag-stonehouse-produkt","9":"product_shipping_class-postnord-varubrev","10":"pa_access-lasare-chippets-uid-kod","11":"pa_access-lasare-em-kod-aptus","12":"pa_access-lasare-em-kod-rco","13":"pa_access-lasare-em-kod-assa-arx","14":"pa_access-lasare-em-kod-axema-10-siffror","15":"pa_access-lasare-em-kod-axema-vaka-13-siffror","16":"pa_access-lasare-em-kod-bewator-vanderbilt-13-siffror","17":"pa_access-lasare-em-kod-bewator-vanderbilt-8-siffror","18":"pa_brands-stonehouse-security","19":"tm-has-options","21":"first","22":"instock","23":"sale","24":"featured","25":"taxable","26":"shipping-taxable","27":"purchasable","28":"product-type-simple"},"acf":[],"_links":{"self":[{"href":"https:\/\/secureus.se\/pl\/wp-json\/wp\/v2\/product\/54533","targetHints":{"allow":["GET"]}}],"collection":[{"href":"https:\/\/secureus.se\/pl\/wp-json\/wp\/v2\/product"}],"about":[{"href":"https:\/\/secureus.se\/pl\/wp-json\/wp\/v2\/types\/product"}],"wp:featuredmedia":[{"embeddable":true,"href":"https:\/\/secureus.se\/pl\/wp-json\/wp\/v2\/media\/163620"}],"wp:attachment":[{"href":"https:\/\/secureus.se\/pl\/wp-json\/wp\/v2\/media?parent=54533"}],"wp:term":[{"taxonomy":"product_brand","embeddable":true,"href":"https:\/\/secureus.se\/pl\/wp-json\/wp\/v2\/product_brand?post=54533"},{"taxonomy":"product_cat","embeddable":true,"href":"https:\/\/secureus.se\/pl\/wp-json\/wp\/v2\/product_cat?post=54533"},{"taxonomy":"product_tag","embeddable":true,"href":"https:\/\/secureus.se\/pl\/wp-json\/wp\/v2\/product_tag?post=54533"}],"curies":[{"name":"wp","href":"https:\/\/api.w.org\/{rel}","templated":true}]}}