{"id":55421,"date":"2022-04-21T10:22:00","date_gmt":"2022-04-21T08:22:00","guid":{"rendered":"https:\/\/secureus.se\/produkt\/plastkort-utan-magnetremsa-inget-chip\/"},"modified":"2026-02-16T22:01:56","modified_gmt":"2026-02-16T21:01:56","slug":"plastkort-vit-cr80","status":"publish","type":"product","link":"https:\/\/secureus.se\/pl\/plastkort-vit-cr80\/","title":{"rendered":"Karta plastikowa Bia\u0142a CR80 Premium"},"content":{"rendered":"<h1>Karta plastikowa Bia\u0142a CR80<\/h1>\n<p>Witamy w naszym sklepie internetowym, w kt\u00f3rym znajdziesz wysokiej jako\u015bci karty plastikowe Bia\u0142e CR80, kt\u00f3re zaspokoj\u0105 wszystkie Twoje potrzeby!<\/p>\n<p>Nasze karty plastikowe CR80 to idealne rozwi\u0105zanie do tworzenia stylowych i profesjonalnych wizyt\u00f3wek, wizyt\u00f3wek i nie tylko. Dzi\u0119ki naszym kartom plastikowym mo\u017cesz \u0142atwo stworzy\u0107 osobiste karty z obrazami i tekstem, kt\u00f3re zrobi\u0105 trwa\u0142e wra\u017cenie.<\/p>\n<p>Nasze karty plastikowe CR80 zosta\u0142y zaprojektowane tak, aby bezproblemowo wsp\u00f3\u0142pracowa\u0107 z drukarkami kart lub, jak si\u0119 je cz\u0119sto nazywa, drukarkami kart plastikowych.<\/p>\n<p>Ta zgodno\u015b\u0107 u\u0142atwia drukowanie w\u0142asnych, niestandardowych kart bezpo\u015brednio z w\u0142asnego miejsca pracy lub biura. Niezale\u017cnie od tego, czy chcesz stworzy\u0107 profesjonalne dowody osobiste, karty cz\u0142onkowskie, czy co\u015b innego, nasze karty plastikowe CR80 s\u0105 idealnym wyborem.<\/p>\n<p>Wykonane z wysokiej jako\u015bci materia\u0142u, nasze karty plastikowe s\u0105 trwa\u0142e i wytrzyma\u0142e, dzi\u0119ki czemu zachowuj\u0105 swoj\u0105 jako\u015b\u0107 i wygl\u0105d przez d\u0142ugi czas.<\/p>\n<p>Bia\u0142a powierzchnia plastikowych kart zapewnia czyste i profesjonalne t\u0142o dla Twojego projektu i tekstu, dzi\u0119ki czemu Twoje karty wyr\u00f3\u017cniaj\u0105 si\u0119 i pozostawiaj\u0105 niezatarte wra\u017cenie.<\/p>\n<p>Niezale\u017cnie od tego, czy prowadzisz firm\u0119, organizacj\u0119, czy po prostu chcesz tworzy\u0107 spersonalizowane karty do r\u00f3\u017cnych cel\u00f3w, mo\u017cesz polega\u0107 na naszych bia\u0142ych kartach plastikowych CR80, kt\u00f3re za ka\u017cdym razem zapewniaj\u0105 najwy\u017csz\u0105 jako\u015b\u0107 i wydajno\u015b\u0107.<\/p>\n<p>Je\u015bli potrzebujesz chipa RFID, jest on r\u00f3wnie\u017c dost\u0119pny w naszym sklepie, skontaktuj si\u0119 z nami, je\u015bli masz pytania.<\/p>\n<p>Zapoznaj si\u0119 z nasz\u0105 ofert\u0105 ju\u017c dzi\u015b i pozw\u00f3l swoim kreatywnym pomys\u0142om urzeczywistni\u0107 si\u0119 na wysokiej jako\u015bci kartach plastikowych z naszego sklepu internetowego!<\/p>","protected":false},"excerpt":{"rendered":"<p>Nasze karty plastikowe CR80 s\u0105 najwy\u017cszej jako\u015bci. S\u0105 idealnym rozwi\u0105zaniem do tworzenia stylowych i profesjonalnych wizyt\u00f3wek, wizyt\u00f3wek i nie tylko.<\/p>\n<p>Dzi\u0119ki naszym kartom plastikowym mo\u017cesz \u0142atwo stworzy\u0107 osobiste karty z obrazami i tekstem, kt\u00f3re zrobi\u0105 trwa\u0142e wra\u017cenie.<\/p>\n<p>Nasze karty plastikowe CR80 zosta\u0142y zaprojektowane tak, aby bezproblemowo wsp\u00f3\u0142pracowa\u0107 z drukarkami kart lub, jak si\u0119 je cz\u0119sto nazywa, drukarkami kart plastikowych.<\/p>","protected":false},"featured_media":136040,"template":"","meta":{"_acf_changed":false},"product_brand":[],"product_cat":[1711,1653,4235],"product_tag":[3077,2958],"class_list":{"0":"post-55421","1":"product","2":"type-product","3":"status-publish","4":"has-post-thumbnail","6":"product_cat-rfid-kort","7":"product_cat-gor-dina-egna-foretagskort","8":"product_cat-plastkort-utan-chip","9":"product_tag-rfid-desfire","10":"product_tag-stonehouse-produkt","11":"product_shipping_class-postnord-varubrev","12":"pa_brands-stonehouse-security","13":"pa_chip-teknik-inget-chip","14":"pa_plastkort-teknik-kort-utan-chip-endast-plastkort-for-ex-besokskort-medlemskort","15":"tm-no-options","17":"first","18":"instock","19":"sale","20":"featured","21":"taxable","22":"shipping-taxable","23":"purchasable","24":"product-type-simple"},"acf":[],"_links":{"self":[{"href":"https:\/\/secureus.se\/pl\/wp-json\/wp\/v2\/product\/55421","targetHints":{"allow":["GET"]}}],"collection":[{"href":"https:\/\/secureus.se\/pl\/wp-json\/wp\/v2\/product"}],"about":[{"href":"https:\/\/secureus.se\/pl\/wp-json\/wp\/v2\/types\/product"}],"wp:featuredmedia":[{"embeddable":true,"href":"https:\/\/secureus.se\/pl\/wp-json\/wp\/v2\/media\/136040"}],"wp:attachment":[{"href":"https:\/\/secureus.se\/pl\/wp-json\/wp\/v2\/media?parent=55421"}],"wp:term":[{"taxonomy":"product_brand","embeddable":true,"href":"https:\/\/secureus.se\/pl\/wp-json\/wp\/v2\/product_brand?post=55421"},{"taxonomy":"product_cat","embeddable":true,"href":"https:\/\/secureus.se\/pl\/wp-json\/wp\/v2\/product_cat?post=55421"},{"taxonomy":"product_tag","embeddable":true,"href":"https:\/\/secureus.se\/pl\/wp-json\/wp\/v2\/product_tag?post=55421"}],"curies":[{"name":"wp","href":"https:\/\/api.w.org\/{rel}","templated":true}]}}