{"id":55594,"date":"2022-04-12T09:58:00","date_gmt":"2022-04-12T07:58:00","guid":{"rendered":"https:\/\/secureus.se\/produkt\/satel-4g-gsm-larmsandare-4-utgangar-universell-4g-sandare-for-alla-larm-2\/"},"modified":"2026-04-21T13:49:23","modified_gmt":"2026-04-21T11:49:23","slug":"satel-4g-gsm-x-lte-larmsandare","status":"publish","type":"product","link":"https:\/\/secureus.se\/pl\/satel-4g-gsm-x-lte-larmsandare\/","title":{"rendered":"Nadajnik alarmowy SATEL 4G GSM X-LTE"},"content":{"rendered":"<div>\n<h1><strong>Nadajnik alarmowy SATEL 4G GSM X-LTE<\/strong> to zaawansowany modu\u0142 komunikacyjny zaprojektowany w celu zapewnienia bezpiecznej i niezawodnej transmisji alarm\u00f3w poprzez LTE, HSPA+, EDGE i GPRS.<\/h1>\n<p>Idealnie nadaje si\u0119 do modernizacji istniej\u0105cych alarm\u00f3w korzystaj\u0105cych z 2G lub 3G i oferuje nowoczesne rozwi\u0105zanie, kt\u00f3re mo\u017ce r\u00f3wnie\u017c zast\u0105pi\u0107 stacjonarne linie telefoniczne. Dzi\u0119ki GSM-X LTE mo\u017cesz wysy\u0142a\u0107 alarmy, zdalnie sterowa\u0107 urz\u0105dzeniami i otrzymywa\u0107 powiadomienia bezpo\u015brednio na sw\u00f3j telefon kom\u00f3rkowy.<\/p>\n<h4>Funkcje i zalety<\/h4>\n<ul>\n<li><strong>Uniwersalna kompatybilno\u015b\u0107:<\/strong> Pasuje do wszystkich system\u00f3w alarmowych i paneli sterowania, dzi\u0119ki czemu idealnie nadaje si\u0119 zar\u00f3wno do obiekt\u00f3w mieszkalnych, jak i komercyjnych.<\/li>\n<li><strong>Elastyczny transfer danych:<\/strong> Obs\u0142uguje wiele technologii przesy\u0142ania danych (LTE, HSPA+, EDGE, GPRS) w celu zapewnienia optymalnego zasi\u0119gu i szybko\u015bci.<\/li>\n<li><strong>Zdalne sterowanie:<\/strong> Czterema programowalnymi wyj\u015bciami mo\u017cna sterowa\u0107 zdalnie za pomoc\u0105 aplikacji mobilnej GX Control, co u\u0142atwia zarz\u0105dzanie o\u015bwietleniem, bramami, roletami i innymi urz\u0105dzeniami.<\/li>\n<li><strong>Podw\u00f3jne gniazdo karty SIM:<\/strong> Dwa gniazda kart SIM zapewniaj\u0105 ci\u0105g\u0142o\u015b\u0107 pracy i redundancj\u0119.<\/li>\n<li><strong>Powiadomienia:<\/strong> Wysy\u0142aj powiadomienia g\u0142osowe, SMS-owe, PUSH lub CLIP, aby na bie\u017c\u0105co informowa\u0107 Ci\u0119 o wydarzeniach.<\/li>\n<li><strong>Odporno\u015b\u0107 na temperatur\u0119:<\/strong> Wytrzymuje temperatury robocze od -10\u00b0C do +55\u00b0C, dzi\u0119ki czemu jest niezawodny w r\u00f3\u017cnych \u015brodowiskach.<\/li>\n<\/ul>\n<h4>Specyfikacja techniczna<\/h4>\n<ul>\n<li><strong>Typ urz\u0105dzenia:<\/strong> Uniwersalny modu\u0142 komunikacyjny<\/li>\n<li><strong>Technologia przesy\u0142ania danych:<\/strong> LTE\/HSPA+\/EDGE\/GPRS<\/li>\n<li><strong>Liczba gniazd kart SIM:<\/strong> 2<\/li>\n<li><strong>Liczba programowalnych wej\u015b\u0107:<\/strong> 8 (NIE, NC)<\/li>\n<li><strong>Liczba wyj\u015b\u0107:<\/strong> 4 (OC)<\/li>\n<li><strong>Napi\u0119cie zasilania:<\/strong> 12 V DC +\/- 15 %<\/li>\n<li><strong>Pob\u00f3r mocy w trybie gotowo\u015bci:<\/strong> 170 mA<\/li>\n<li><strong>Maksymalny pob\u00f3r mocy:<\/strong> 520mA<\/li>\n<li><strong>Wymiary obudowy:<\/strong> 126 x 158 x 46 mm<\/li>\n<li><strong>Wymiary p\u0142ytki elektroniki:<\/strong> 141 x 70 mm<\/li>\n<li><strong>Zakres temperatur pracy:<\/strong> -10 ~ +55\u00b0C<\/li>\n<\/ul>\n<h4>Obszary zastosowa\u0144<\/h4>\n<ul>\n<li><strong>Rezydencje:<\/strong> Aby zapewni\u0107 szybk\u0105 i niezawodn\u0105 transmisj\u0119 alarm\u00f3w oraz zdalne sterowanie urz\u0105dzeniami gospodarstwa domowego.<\/li>\n<li><strong>Nieruchomo\u015bci komercyjne:<\/strong> Idealny do biur, sklep\u00f3w i magazyn\u00f3w, kt\u00f3re wymagaj\u0105 wysokiego bezpiecze\u0144stwa i niezawodnej komunikacji.<\/li>\n<li><strong>\u015arodowiska przemys\u0142owe:<\/strong> S\u0142u\u017cy do zdalnego monitorowania i sterowania procesami przemys\u0142owymi, poprawiaj\u0105c bezpiecze\u0144stwo i wydajno\u015b\u0107.<\/li>\n<\/ul>\n<h4>Prostszy przewodnik instalacji<\/h4>\n<ol>\n<li><strong>Przygotowania:<\/strong>\n<ul>\n<li>Wy\u0142\u0105cz zasilanie bie\u017c\u0105cego systemu alarmowego.<\/li>\n<li>Wyjmij stary modem 2G lub 3G z jednostki centralnej.<\/li>\n<\/ul>\n<\/li>\n<li><strong>Instalacja GSM-X LTE:<\/strong>\n<ul>\n<li>W\u0142\u00f3\u017c karty SIM do dw\u00f3ch gniazd kart SIM.<\/li>\n<li>Pod\u0142\u0105cz GSM-X LTE do systemu alarmowego. U\u017cyj programowalnych wej\u015b\u0107 i wyj\u015b\u0107, aby dopasowa\u0107 je do swoich potrzeb.<\/li>\n<\/ul>\n<\/li>\n<li><strong>Zasilanie:<\/strong>\n<ul>\n<li>Pod\u0142\u0105cz GSM-X LTE do zasilania i sprawd\u017a, czy urz\u0105dzenie uruchamia si\u0119 poprawnie.<\/li>\n<\/ul>\n<\/li>\n<li><strong>Konfiguracja:<\/strong>\n<ul>\n<li>Do konfiguracji urz\u0105dzenia u\u017cyj aplikacji mobilnej GX Control (dost\u0119pnej w App Store i Google Play). Post\u0119puj zgodnie z instrukcj\u0105, aby zaprogramowa\u0107 wej\u015bcia, wyj\u015bcia i powiadomienia.<\/li>\n<li>Przetestuj wszystkie funkcje, aby zapewni\u0107 prawid\u0142owe dzia\u0142anie systemu.<\/li>\n<\/ul>\n<\/li>\n<li><strong>Zdalne sterowanie i powiadomienia:<\/strong>\n<ul>\n<li>Dzi\u0119ki aplikacji GX Control mo\u017cesz \u0142atwo zdalnie sterowa\u0107 pod\u0142\u0105czonymi urz\u0105dzeniami i otrzymywa\u0107 powiadomienia o zdarzeniach w czasie rzeczywistym.<\/li>\n<\/ul>\n<\/li>\n<\/ol>\n<p><strong>Aplikacj\u0119 mobiln\u0105 znajdziesz w sklepie Appstore\/Google Play - Wyszukaj satel GX Control\u00a0<\/strong><\/p>\n<div>\n<p>&nbsp;<\/p>\n<\/div>\n<p>Kr\u00f3tki film prezentuj\u0105cy zalety Transmitera Uniwersalnego 4g firmy Satel<\/p>\n<\/div>\n<p><iframe title=\"Uniwersalny modu\u0142 komunikacyjny GSM-X | SATELA\" width=\"1170\" height=\"658\" src=\"https:\/\/www.youtube.com\/embed\/yOMctBzkGtY?feature=oembed\" frameborder=\"0\" allow=\"accelerometer; autoplay; clipboard-write; encrypted-media; gyroscope; picture-in-picture; web-share\" referrerpolicy=\"strict-origin-when-cross-origin\" allowfullscreen><\/iframe><\/p>\n<h4><\/h4>\n<h4>Dla tych, kt\u00f3rzy chc\u0105 wiedzie\u0107 wi\u0119cej i zobaczy\u0107, jak mo\u017cna programowa\u0107 za pomoc\u0105 oprogramowania.<\/h4>\n<p><iframe title=\"SATEL e-Akademia 48: Przedstawiamy Uniwersalny Modu\u0142 Komunikacyjny GSM-X\" width=\"1170\" height=\"658\" src=\"https:\/\/www.youtube.com\/embed\/Qdmx7okUNA4?feature=oembed\" frameborder=\"0\" allow=\"accelerometer; autoplay; clipboard-write; encrypted-media; gyroscope; picture-in-picture; web-share\" referrerpolicy=\"strict-origin-when-cross-origin\" allowfullscreen><\/iframe><\/p>","protected":false},"excerpt":{"rendered":"<p>SATEL 4G GSM X-LTE to uniwersalny nadajnik alarmowy obs\u0142uguj\u0105cy LTE i HSPA+.<\/p>\n<p>Idealny do zast\u0105pienia 2G\/3G lub telefon\u00f3w stacjonarnych.<\/p>","protected":false},"featured_media":144589,"template":"","meta":{"_acf_changed":false},"product_brand":[],"product_cat":[1551],"product_tag":[2963,2251,2425],"class_list":{"0":"post-55594","1":"product","2":"type-product","3":"status-publish","4":"has-post-thumbnail","6":"product_cat-larmoverforing","7":"product_tag-grade-2","8":"product_tag-larmoverforing-4g-sandare","9":"product_tag-rel-4g-larmoverforing","10":"product_shipping_class-tunga-paket","11":"pa_brands-satel","12":"tm-no-options","14":"first","15":"instock","16":"sale","17":"featured","18":"taxable","19":"shipping-taxable","20":"purchasable","21":"product-type-simple"},"acf":[],"_links":{"self":[{"href":"https:\/\/secureus.se\/pl\/wp-json\/wp\/v2\/product\/55594","targetHints":{"allow":["GET"]}}],"collection":[{"href":"https:\/\/secureus.se\/pl\/wp-json\/wp\/v2\/product"}],"about":[{"href":"https:\/\/secureus.se\/pl\/wp-json\/wp\/v2\/types\/product"}],"wp:featuredmedia":[{"embeddable":true,"href":"https:\/\/secureus.se\/pl\/wp-json\/wp\/v2\/media\/144589"}],"wp:attachment":[{"href":"https:\/\/secureus.se\/pl\/wp-json\/wp\/v2\/media?parent=55594"}],"wp:term":[{"taxonomy":"product_brand","embeddable":true,"href":"https:\/\/secureus.se\/pl\/wp-json\/wp\/v2\/product_brand?post=55594"},{"taxonomy":"product_cat","embeddable":true,"href":"https:\/\/secureus.se\/pl\/wp-json\/wp\/v2\/product_cat?post=55594"},{"taxonomy":"product_tag","embeddable":true,"href":"https:\/\/secureus.se\/pl\/wp-json\/wp\/v2\/product_tag?post=55594"}],"curies":[{"name":"wp","href":"https:\/\/api.w.org\/{rel}","templated":true}]}}