{"id":55601,"date":"2022-04-08T12:25:00","date_gmt":"2022-04-08T10:25:00","guid":{"rendered":"https:\/\/secureus.se\/produkt\/powerseries-power-supply-module-pc5200\/"},"modified":"2026-01-06T20:49:46","modified_gmt":"2026-01-06T19:49:46","slug":"dsc-power-supply-pc5200","status":"publish","type":"product","link":"https:\/\/secureus.se\/pl\/dsc-power-supply-pc5200\/","title":{"rendered":"Zasilacz DSC PC5200 Relay 1A \/12V (ten produkt jest na wyczerpaniu)"},"content":{"rendered":"<p><strong>Zasilacz DSC PC5200<\/strong> to solidne i niezawodne \u017ar\u00f3d\u0142o zasilania zaprojektowane w celu zapewnienia sta\u0142ego i stabilnego napi\u0119cia 12VDC o wydajno\u015bci do 1A.<\/p>\n<p>Ta p\u0142ytka zasilaj\u0105ca idealnie nadaje si\u0119 do system\u00f3w PowerSeries, umo\u017cliwiaj\u0105c \u0142atwe pod\u0142\u0105czenie r\u00f3\u017cnych urz\u0105dze\u0144 i rozwi\u0105za\u0144 bezpiecze\u0144stwa.<\/p>\n<p>Dzi\u0119ki oddzielnym wej\u015bciom sabota\u017cowym dla obud\u00f3w PC5200 zapewnia wysoki poziom bezpiecze\u0144stwa i monitorowania.<\/p>\n<p>Aby zapewni\u0107 nieprzerwan\u0105 prac\u0119, jednostka wymaga w\u0142asnego akumulatora zasilania awaryjnego (7Ah) i transformatora (17VAC).<\/p>\n<p>Ponadto p\u0142yta zasilaj\u0105ca jest w pe\u0142ni monitorowana pod k\u0105tem usterek pr\u0105du przemiennego, niskiego poziomu na\u0142adowania baterii i usterek AUX, co czyni j\u0105 niezawodnym rozwi\u0105zaniem zar\u00f3wno dla komercyjnych, jak i prywatnych system\u00f3w bezpiecze\u0144stwa.<\/p>\n<p>PC5200 mo\u017cna \u0142atwo pod\u0142\u0105czy\u0107 za pomoc\u0105 4 przewod\u00f3w i zapewnia r\u00f3\u017cnorodne opcje instalacji.<\/p>\n<p>Jest kompatybilny ze wszystkimi panelami sterowania PowerSeries, co czyni go idealnym komponentem do tworzenia dostosowanego do indywidualnych potrzeb systemu bezpiecze\u0144stwa, spe\u0142niaj\u0105cego okre\u015blone potrzeby.<\/p>","protected":false},"excerpt":{"rendered":"<p>Zasilacz DSC PC5200 to p\u0142ytka zasilaj\u0105ca z wyj\u015bciem 12VDC i 1A, idealna dla systemu PowerSeries.<\/p>","protected":false},"featured_media":145169,"template":"","meta":{"_acf_changed":false},"product_brand":[],"product_cat":[3330,1322],"product_tag":[3311,3027],"class_list":{"0":"post-55601","1":"product","2":"type-product","3":"status-publish","4":"has-post-thumbnail","6":"product_cat-powerseries-1616-1864","7":"product_cat-dsc-larm-neo-power-hybridlarm","8":"product_tag-dsc-neo-svensk-manual","9":"product_tag-power-pc1616-1864-aldre-versionen-av-neo","10":"product_shipping_class-postnord-varubrev","11":"pa_brands-4dsc","12":"pa_dsc-neo-hybridlarm-power-pc1616-1864-aldre-version-av-neo","13":"tm-has-options","15":"first","16":"outofstock","17":"sale","18":"featured","19":"taxable","20":"shipping-taxable","21":"purchasable","22":"product-type-simple"},"acf":[],"_links":{"self":[{"href":"https:\/\/secureus.se\/pl\/wp-json\/wp\/v2\/product\/55601","targetHints":{"allow":["GET"]}}],"collection":[{"href":"https:\/\/secureus.se\/pl\/wp-json\/wp\/v2\/product"}],"about":[{"href":"https:\/\/secureus.se\/pl\/wp-json\/wp\/v2\/types\/product"}],"wp:featuredmedia":[{"embeddable":true,"href":"https:\/\/secureus.se\/pl\/wp-json\/wp\/v2\/media\/145169"}],"wp:attachment":[{"href":"https:\/\/secureus.se\/pl\/wp-json\/wp\/v2\/media?parent=55601"}],"wp:term":[{"taxonomy":"product_brand","embeddable":true,"href":"https:\/\/secureus.se\/pl\/wp-json\/wp\/v2\/product_brand?post=55601"},{"taxonomy":"product_cat","embeddable":true,"href":"https:\/\/secureus.se\/pl\/wp-json\/wp\/v2\/product_cat?post=55601"},{"taxonomy":"product_tag","embeddable":true,"href":"https:\/\/secureus.se\/pl\/wp-json\/wp\/v2\/product_tag?post=55601"}],"curies":[{"name":"wp","href":"https:\/\/api.w.org\/{rel}","templated":true}]}}