{"id":55602,"date":"2022-04-08T12:23:00","date_gmt":"2022-04-08T10:23:00","guid":{"rendered":"https:\/\/secureus.se\/produkt\/powerseries-pc1864-pcb\/"},"modified":"2026-01-06T20:49:27","modified_gmt":"2026-01-06T19:49:27","slug":"dsc-powerseries-1864-control-panel","status":"publish","type":"product","link":"https:\/\/secureus.se\/pl\/dsc-powerseries-1864-control-panel\/","title":{"rendered":"Panel sterowania DSC PowerSeries 1864 (ten produkt jest wycofany z produkcji)"},"content":{"rendered":"<p><strong>Seria mocy DSC 1864<\/strong> to pot\u0119\u017cna p\u0142yta centralna, kt\u00f3ra stanowi rdze\u0144 alarm\u00f3w DSC PowerSeries.<\/p>\n<p>Dzi\u0119ki podstawowej konfiguracji obejmuj\u0105cej 8 stref system mo\u017cna \u0142atwo rozszerzy\u0107 do 64 stref sta\u0142ych i dodatkowych 64 stref bezprzewodowych, zapewniaj\u0105c maksymaln\u0105 elastyczno\u015b\u0107 i dostosowanie do r\u00f3\u017cnych potrzeb bezpiecze\u0144stwa.<\/p>\n<p>Zosta\u0142 zaprojektowany do obs\u0142ugi maksymalnie 8 monitorowanych klawiatur i mo\u017ce obs\u0142ugiwa\u0107 8 partycji, umo\u017cliwiaj\u0105c kompleksowe i dostosowane rozwi\u0105zania bezpiecze\u0144stwa zar\u00f3wno w zastosowaniach mieszkaniowych, jak i komercyjnych.<\/p>\n<p>Dzi\u0119ki 4 programowalnym wyj\u015bciom PGM, kt\u00f3re mo\u017cna rozszerzy\u0107 do 14 za pomoc\u0105 PC5204 lub PC5208, DSC PowerSeries 1864 umo\u017cliwia u\u017cytkownikom \u0142atwe sterowanie urz\u0105dzeniami i systemami zewn\u0119trznymi.<\/p>\n<p>Posiada bufor zdarze\u0144 na 500 zdarze\u0144 i obs\u0142uguje do 95 kod\u00f3w u\u017cytkownik\u00f3w, co czyni go idealnym rozwi\u0105zaniem dla du\u017cych instalacji, w kt\u00f3rych wielu u\u017cytkownik\u00f3w potrzebuje dost\u0119pu.<\/p>\n<p>Jest kompatybilny z CP-01 i obs\u0142uguje klawiatury bezprzewodowe poprzez transceiver TR5164-433, zapewniaj\u0105c dodatkow\u0105 \u0142atwo\u015b\u0107 obs\u0142ugi i bezpiecze\u0144stwo.<\/p>\n<p>Dzi\u0119ki solidnej konstrukcji i zaawansowanym funkcjom DSC PowerSeries 1864 to niezawodny wyb\u00f3r dla ka\u017cdego, kto szuka wydajnego i wszechstronnego rozwi\u0105zania bezpiecze\u0144stwa.<\/p>","protected":false},"excerpt":{"rendered":"<p>DSC PowerSeries 1864 to centralna p\u0142ytka PCB z 8 strefami i mo\u017cliwo\u015bci\u0105 rozbudowy do 64 stref, idealna do zaawansowanych system\u00f3w bezpiecze\u0144stwa.<\/p>","protected":false},"featured_media":144417,"template":"","meta":{"_acf_changed":false},"product_brand":[],"product_cat":[3330,1322],"product_tag":[3311,3027],"class_list":{"0":"post-55602","1":"product","2":"type-product","3":"status-publish","4":"has-post-thumbnail","6":"product_cat-powerseries-1616-1864","7":"product_cat-dsc-larm-neo-power-hybridlarm","8":"product_tag-dsc-neo-svensk-manual","9":"product_tag-power-pc1616-1864-aldre-versionen-av-neo","10":"product_shipping_class-postnord-varubrev","11":"pa_brands-4dsc","12":"pa_dsc-neo-hybridlarm-power-pc1616-1864-aldre-version-av-neo","13":"tm-has-options","15":"first","16":"outofstock","17":"sale","18":"featured","19":"taxable","20":"shipping-taxable","21":"purchasable","22":"product-type-simple"},"acf":[],"_links":{"self":[{"href":"https:\/\/secureus.se\/pl\/wp-json\/wp\/v2\/product\/55602","targetHints":{"allow":["GET"]}}],"collection":[{"href":"https:\/\/secureus.se\/pl\/wp-json\/wp\/v2\/product"}],"about":[{"href":"https:\/\/secureus.se\/pl\/wp-json\/wp\/v2\/types\/product"}],"wp:featuredmedia":[{"embeddable":true,"href":"https:\/\/secureus.se\/pl\/wp-json\/wp\/v2\/media\/144417"}],"wp:attachment":[{"href":"https:\/\/secureus.se\/pl\/wp-json\/wp\/v2\/media?parent=55602"}],"wp:term":[{"taxonomy":"product_brand","embeddable":true,"href":"https:\/\/secureus.se\/pl\/wp-json\/wp\/v2\/product_brand?post=55602"},{"taxonomy":"product_cat","embeddable":true,"href":"https:\/\/secureus.se\/pl\/wp-json\/wp\/v2\/product_cat?post=55602"},{"taxonomy":"product_tag","embeddable":true,"href":"https:\/\/secureus.se\/pl\/wp-json\/wp\/v2\/product_tag?post=55602"}],"curies":[{"name":"wp","href":"https:\/\/api.w.org\/{rel}","templated":true}]}}