{"id":55603,"date":"2022-04-08T12:21:00","date_gmt":"2022-04-08T10:21:00","guid":{"rendered":"https:\/\/secureus.se\/produkt\/powerseries-pc1616-pcb\/"},"modified":"2026-01-06T20:49:05","modified_gmt":"2026-01-06T19:49:05","slug":"dsc-powerseries-1616-control-panel","status":"publish","type":"product","link":"https:\/\/secureus.se\/pl\/dsc-powerseries-1616-control-panel\/","title":{"rendered":"Panel sterowania DSC PowerSeries 1616 (ten produkt jest wycofany z produkcji)"},"content":{"rendered":"<p><strong>Seria DSC Power 1616<\/strong> to solidny i elastyczny panel sterowania b\u0119d\u0105cy cz\u0119\u015bci\u0105 linii DSC PowerSeries, opracowanej przed DSC NEO.<\/p>\n<p>Dzi\u0119ki podstawowej konfiguracji 6 stref na p\u0142ycie g\u0142\u00f3wnej, system mo\u017cna \u0142atwo rozszerzy\u0107 do 16 sta\u0142ych stref i obs\u0142ugiwa\u0107 do 32 stref bezprzewodowych.<\/p>\n<p>To sprawia, \u017ce PowerSeries 1616 to doskona\u0142y wyb\u00f3r zar\u00f3wno dla dom\u00f3w, jak i firm, kt\u00f3re wymagaj\u0105 konfigurowalnego rozwi\u0105zania bezpiecze\u0144stwa.<\/p>\n<p>Centrala ta mo\u017ce pracowa\u0107 w dw\u00f3ch obszarach, co umo\u017cliwia zarz\u0105dzanie oddzielnymi systemami bezpiecze\u0144stwa w ramach tej samej instalacji.<\/p>\n<p>Dzi\u0119ki buforowi zdarze\u0144 na 500 zdarze\u0144 i obs\u0142udze do 97 kod\u00f3w u\u017cytkownik\u00f3w zapewnia zar\u00f3wno bezpiecze\u0144stwo, jak i elastyczno\u015b\u0107 dla wielu u\u017cytkownik\u00f3w.<\/p>\n<p>PowerSeries 1616 posiada dwa programowalne wyj\u015bcia PGM, kt\u00f3re mo\u017cna rozszerzy\u0107 do 14 za pomoc\u0105 PC5204 lub PC5208, umo\u017cliwiaj\u0105c dodatkow\u0105 kontrol\u0119 urz\u0105dze\u0144 zewn\u0119trznych.<\/p>\n<p>Panel obs\u0142uguje do 8 monitorowanych manipulator\u00f3w i jest kompatybilny z klawiaturami bezprzewodowymi poprzez transceiver TR5164-433, dzi\u0119ki czemu instalacja jest prosta i wydajna.<\/p>\n<p>PowerSeries 1616 jest zgodny z CP-01 i zapewnia niezawodne rozwi\u0105zanie dla nowoczesnego rynku zabezpiecze\u0144.<\/p>","protected":false},"excerpt":{"rendered":"<p>DSC PowerSeries 1616 to wszechstronna centrala alarmowa obs\u0142uguj\u0105ca 6-16 stref, idealna do system\u00f3w bezpiecze\u0144stwa z maksymalnie 32 strefami bezprzewodowymi.<\/p>\n<p>&nbsp;<\/p>","protected":false},"featured_media":145176,"template":"","meta":{"_acf_changed":false},"product_brand":[],"product_cat":[3330,1322],"product_tag":[3311,3027],"class_list":{"0":"post-55603","1":"product","2":"type-product","3":"status-publish","4":"has-post-thumbnail","6":"product_cat-powerseries-1616-1864","7":"product_cat-dsc-larm-neo-power-hybridlarm","8":"product_tag-dsc-neo-svensk-manual","9":"product_tag-power-pc1616-1864-aldre-versionen-av-neo","10":"product_shipping_class-postnord-varubrev","11":"pa_brands-4dsc","12":"pa_dsc-neo-hybridlarm-power-pc1616-1864-aldre-version-av-neo","13":"tm-has-options","15":"first","16":"outofstock","17":"sale","18":"featured","19":"taxable","20":"shipping-taxable","21":"purchasable","22":"product-type-simple"},"acf":[],"_links":{"self":[{"href":"https:\/\/secureus.se\/pl\/wp-json\/wp\/v2\/product\/55603","targetHints":{"allow":["GET"]}}],"collection":[{"href":"https:\/\/secureus.se\/pl\/wp-json\/wp\/v2\/product"}],"about":[{"href":"https:\/\/secureus.se\/pl\/wp-json\/wp\/v2\/types\/product"}],"wp:featuredmedia":[{"embeddable":true,"href":"https:\/\/secureus.se\/pl\/wp-json\/wp\/v2\/media\/145176"}],"wp:attachment":[{"href":"https:\/\/secureus.se\/pl\/wp-json\/wp\/v2\/media?parent=55603"}],"wp:term":[{"taxonomy":"product_brand","embeddable":true,"href":"https:\/\/secureus.se\/pl\/wp-json\/wp\/v2\/product_brand?post=55603"},{"taxonomy":"product_cat","embeddable":true,"href":"https:\/\/secureus.se\/pl\/wp-json\/wp\/v2\/product_cat?post=55603"},{"taxonomy":"product_tag","embeddable":true,"href":"https:\/\/secureus.se\/pl\/wp-json\/wp\/v2\/product_tag?post=55603"}],"curies":[{"name":"wp","href":"https:\/\/api.w.org\/{rel}","templated":true}]}}