{"id":55604,"date":"2022-04-08T12:19:00","date_gmt":"2022-04-08T10:19:00","guid":{"rendered":"https:\/\/secureus.se\/produkt\/powerseries-zone-expander-pc5108\/"},"modified":"2026-02-23T10:03:15","modified_gmt":"2026-02-23T09:03:15","slug":"dsc-hardwire-zone-expander-pc5108","status":"publish","type":"product","link":"https:\/\/secureus.se\/pl\/dsc-hardwire-zone-expander-pc5108\/","title":{"rendered":"Przewodowy ekspander linii DSC PowerSeries PC5108"},"content":{"rendered":"<p><strong>Przewodowy ekspander linii DSC PC5108<\/strong> to wydajna karta rozszerze\u0144, kt\u00f3ra umo\u017cliwia pod\u0142\u0105czenie do 8 dodatkowych stref sprz\u0119towych do system\u00f3w alarmowych DSC PowerSeries.<\/p>\n<p>Zaprojektowana do u\u017cytku z centralami alarmowymi PC1616, PC1832 i PC1864, p\u0142ytka ta zapewnia elastyczno\u015b\u0107 integracji r\u00f3\u017cnych typ\u00f3w alarm\u00f3w, w tym detektor\u00f3w, czujnik\u00f3w st\u0142uczenia szk\u0142a i styk\u00f3w magnetycznych.<\/p>\n<p>Dzi\u0119ki napi\u0119ciu zasilania 12 V DC i zasilaniu AUX zapewniaj\u0105cemu 125 mA (zabezpieczone PTC), PC5108 oferuje niezawodne rozwi\u0105zanie rozszerzaj\u0105ce mo\u017cliwo\u015bci systemu bezpiecze\u0144stwa.<\/p>\n<p>Instalacja tej karty jest prosta i wydajna, co czyni j\u0105 doskona\u0142ym wyborem w celu poprawy bezpiecze\u0144stwa zar\u00f3wno w \u015brodowiskach mieszkalnych, jak i komercyjnych.<\/p>\n<p>Nale\u017cy pami\u0119ta\u0107, \u017ce ta karta rozszerze\u0144 nie jest kompatybilna z systemem DSC NEO, ale zosta\u0142a opracowana specjalnie dla rozwi\u0105za\u0144 DSC PowerSeries.<\/p>\n<p>Dzi\u0119ki PC5108 u\u017cytkownicy mog\u0105 mie\u0107 pewno\u015b\u0107, \u017ce ich czujki alarmowe s\u0105 prawid\u0142owo pod\u0142\u0105czone i \u017ce ich system bezpiecze\u0144stwa dzia\u0142a najlepiej.<\/p>","protected":false},"excerpt":{"rendered":"<p>Hardwire Zone Expander DSC PC5108 to 8-liniowa karta rozszerze\u0144 u\u017cywana do \u0142\u0105czenia czujek alarmowych z systemami DSC PowerSeries.<\/p>","protected":false},"featured_media":145182,"template":"","meta":{"_acf_changed":false},"product_brand":[],"product_cat":[3330,1322],"product_tag":[3311,3027],"class_list":{"0":"post-55604","1":"product","2":"type-product","3":"status-publish","4":"has-post-thumbnail","6":"product_cat-powerseries-1616-1864","7":"product_cat-dsc-larm-neo-power-hybridlarm","8":"product_tag-dsc-neo-svensk-manual","9":"product_tag-power-pc1616-1864-aldre-versionen-av-neo","10":"product_shipping_class-postnord-varubrev","11":"pa_brands-4dsc","12":"pa_dsc-neo-hybridlarm-power-pc1616-1864-aldre-version-av-neo","13":"tm-has-options","15":"first","16":"instock","17":"sale","18":"featured","19":"taxable","20":"shipping-taxable","21":"purchasable","22":"product-type-simple"},"acf":[],"_links":{"self":[{"href":"https:\/\/secureus.se\/pl\/wp-json\/wp\/v2\/product\/55604","targetHints":{"allow":["GET"]}}],"collection":[{"href":"https:\/\/secureus.se\/pl\/wp-json\/wp\/v2\/product"}],"about":[{"href":"https:\/\/secureus.se\/pl\/wp-json\/wp\/v2\/types\/product"}],"wp:featuredmedia":[{"embeddable":true,"href":"https:\/\/secureus.se\/pl\/wp-json\/wp\/v2\/media\/145182"}],"wp:attachment":[{"href":"https:\/\/secureus.se\/pl\/wp-json\/wp\/v2\/media?parent=55604"}],"wp:term":[{"taxonomy":"product_brand","embeddable":true,"href":"https:\/\/secureus.se\/pl\/wp-json\/wp\/v2\/product_brand?post=55604"},{"taxonomy":"product_cat","embeddable":true,"href":"https:\/\/secureus.se\/pl\/wp-json\/wp\/v2\/product_cat?post=55604"},{"taxonomy":"product_tag","embeddable":true,"href":"https:\/\/secureus.se\/pl\/wp-json\/wp\/v2\/product_tag?post=55604"}],"curies":[{"name":"wp","href":"https:\/\/api.w.org\/{rel}","templated":true}]}}