{"id":55606,"date":"2022-04-08T12:16:00","date_gmt":"2022-04-08T10:16:00","guid":{"rendered":"https:\/\/secureus.se\/produkt\/wireless-key-ws4939\/"},"modified":"2026-01-06T20:48:46","modified_gmt":"2026-01-06T19:48:46","slug":"dsc-4-button-wireless-key-ws4939","status":"publish","type":"product","link":"https:\/\/secureus.se\/pl\/dsc-4-button-wireless-key-ws4939\/","title":{"rendered":"4-przyciskowy klucz bezprzewodowy DSC - pilot zdalnego sterowania WS4939 433 Mhz (ten produkt jest na wyczerpaniu)"},"content":{"rendered":"<p><strong>Bezprzewodowy klucz DSC z 4 przyciskami WS4939<\/strong> to funkcjonalny i praktyczny bezprzewodowy pilot zdalnego sterowania, kt\u00f3ry zapewnia u\u017cytkownikom \u0142atwy dost\u0119p i kontrol\u0119 nad systemem bezpiecze\u0144stwa.<\/p>\n<p>Posiada cztery programowalne przyciski, dzi\u0119ki kt\u00f3rym mo\u017cna szybko aktywowa\u0107 okre\u015blone funkcje, takie jak w\u0142\u0105czenie lub wy\u0142\u0105czenie alarmu, alarmowanie w sytuacji awaryjnej czy sterowanie innymi pod\u0142\u0105czonymi urz\u0105dzeniami.<\/p>\n<p>Pilot posiada kontrol\u0119 napi\u0119cia baterii i jest dostarczany z dwiema bateriami litowymi typu CR2025, zapewniaj\u0105cymi d\u0142ugotrwa\u0142e u\u017cytkowanie.<\/p>\n<p>Urz\u0105dzenie mo\u017ce wsp\u00f3\u0142pracowa\u0107 z maksymalnie 16 pilotami w systemie, nie zajmuj\u0105c przy tym miejsca na sekcje, co czyni go idealnym rozwi\u0105zaniem w przypadku skomplikowanych instalacji.<\/p>\n<p>Dzi\u0119ki kompaktowej konstrukcji (wymiary 57x32x11 mm) ten pilot jest zar\u00f3wno \u0142atwy w obs\u0142udze, jak i \u0142atwy do przenoszenia.<\/p>\n<p>Aby zapewni\u0107 optymalne dzia\u0142anie, alarm musi by\u0107 wyposa\u017cony w modu\u0142 nadawczo-odbiorczy HSM2HOST lub klawiatur\u0119 z technologi\u0105 RF, kt\u00f3ra dzia\u0142a jako odbiornik produkt\u00f3w bezprzewodowych.<\/p>\n<p>4-przyciskowy klucz bezprzewodowy DSC jest idealny zar\u00f3wno dla dom\u00f3w, jak i firm i zapewnia wygodny spos\u00f3b zarz\u0105dzania systemem bezpiecze\u0144stwa w spos\u00f3b przyjazny dla u\u017cytkownika.<\/p>","protected":false},"excerpt":{"rendered":"<p>4-przyciskowy klucz bezprzewodowy DSC WS4939 to bezprzewodowy pilot zdalnego sterowania z czterema programowalnymi przyciskami, idealny do sterowania systemami DSC PowerSeries Neo.<\/p>","protected":false},"featured_media":144639,"template":"","meta":{"_acf_changed":false},"product_brand":[],"product_cat":[1322,3327],"product_tag":[3311,3027],"class_list":{"0":"post-55606","1":"product","2":"type-product","3":"status-publish","4":"has-post-thumbnail","6":"product_cat-dsc-larm-neo-power-hybridlarm","7":"product_cat-overfall-fjarrkontrol","8":"product_tag-dsc-neo-svensk-manual","9":"product_tag-power-pc1616-1864-aldre-versionen-av-neo","10":"product_shipping_class-postnord-varubrev","11":"pa_brands-4dsc","12":"pa_dsc-neo-hybridlarm-power-pc1616-1864-aldre-version-av-neo","13":"tm-has-options","15":"first","16":"outofstock","17":"sale","18":"featured","19":"taxable","20":"shipping-taxable","21":"purchasable","22":"product-type-simple"},"acf":[],"_links":{"self":[{"href":"https:\/\/secureus.se\/pl\/wp-json\/wp\/v2\/product\/55606","targetHints":{"allow":["GET"]}}],"collection":[{"href":"https:\/\/secureus.se\/pl\/wp-json\/wp\/v2\/product"}],"about":[{"href":"https:\/\/secureus.se\/pl\/wp-json\/wp\/v2\/types\/product"}],"wp:featuredmedia":[{"embeddable":true,"href":"https:\/\/secureus.se\/pl\/wp-json\/wp\/v2\/media\/144639"}],"wp:attachment":[{"href":"https:\/\/secureus.se\/pl\/wp-json\/wp\/v2\/media?parent=55606"}],"wp:term":[{"taxonomy":"product_brand","embeddable":true,"href":"https:\/\/secureus.se\/pl\/wp-json\/wp\/v2\/product_brand?post=55606"},{"taxonomy":"product_cat","embeddable":true,"href":"https:\/\/secureus.se\/pl\/wp-json\/wp\/v2\/product_cat?post=55606"},{"taxonomy":"product_tag","embeddable":true,"href":"https:\/\/secureus.se\/pl\/wp-json\/wp\/v2\/product_tag?post=55606"}],"curies":[{"name":"wp","href":"https:\/\/api.w.org\/{rel}","templated":true}]}}