{"id":55617,"date":"2022-04-08T11:12:00","date_gmt":"2022-04-08T09:12:00","guid":{"rendered":"https:\/\/secureus.se\/produkt\/wireless-pir-detector-ws4904pw\/"},"modified":"2026-04-25T17:17:38","modified_gmt":"2026-04-25T15:17:38","slug":"dsc-pet-pir-motion-ws4904p","status":"publish","type":"product","link":"https:\/\/secureus.se\/pl\/dsc-pet-pir-motion-ws4904p\/","title":{"rendered":"Bezprzewodowa czujka ruchu DSC PET PIR WS4904P"},"content":{"rendered":"<p><strong>Bezprzewodowa czujka ruchu DSC PET PIR WS4904P<\/strong> to idealne rozwi\u0105zanie dla w\u0142a\u015bcicieli zwierz\u0105t poszukuj\u0105cych wydajnej i niezawodnej czujki ruchu.<\/p>\n<p>Ta bezprzewodowa czujka wykorzystuje technologi\u0119 433 MHz i ma imponuj\u0105cy promie\u0144 zasi\u0119gu 15,2 x 18,3 metra, zapewniaj\u0105c kompleksow\u0105 ochron\u0119 Twojego domu.<\/p>\n<p>Dzi\u0119ki odporno\u015bci na zwierz\u0119ta domowe do 27 kg mo\u017cna go bezpiecznie u\u017cywa\u0107 w \u015brodowiskach, w kt\u00f3rych poruszaj\u0105 si\u0119 zwierz\u0119ta, bez obawy o fa\u0142szywe alarmy.<\/p>\n<p>Posiada funkcj\u0119 automatycznego w\u0142\u0105czania testu obchodu oraz funkcj\u0119 oszcz\u0119dzania baterii, kt\u00f3ra aktywuje si\u0119 po 3 minutach bezczynno\u015bci, co zapewnia d\u0142ug\u0105 \u017cywotno\u015b\u0107 baterii wynosz\u0105c\u0105 oko\u0142o 5 lat w przypadku do\u0142\u0105czonej baterii litowej typu CR123A.<\/p>\n<p>Konfiguracja i instalacja WS4904P jest bardzo \u0142atwa, co pozwala szybko uruchomi\u0107 system bezpiecze\u0144stwa.<\/p>\n<p>Czujka monitoruje r\u00f3wnie\u017c sabota\u017c, napi\u0119cie baterii i komunikacj\u0119, aby zapewni\u0107 wysoki poziom bezpiecze\u0144stwa.<\/p>\n<p>Nale\u017cy pami\u0119ta\u0107, \u017ce do korzystania z produkt\u00f3w bezprzewodowych PowerG wymagany jest transceiver HSM2HOST lub klawiatura z technologi\u0105 RF, kt\u00f3ra b\u0119dzie dzia\u0142a\u0107 jako odbiornik.<\/p>\n<p>DSC PET PIR WS4904P idealnie nadaje si\u0119 zar\u00f3wno do zastosowa\u0144 mieszkaniowych, jak i komercyjnych, zapewniaj\u0105c wydajne i niezawodne rozwi\u0105zanie bezpiecze\u0144stwa.<\/p>","protected":false},"excerpt":{"rendered":"<p>DSC PET PIR WS4904P to bezprzewodowy czujnik zwierz\u0105t o odporno\u015bci na zwierz\u0119ta do 27 kg, doskonale sprawdzaj\u0105cy si\u0119 w systemach bezpiecze\u0144stwa w domach ze zwierz\u0119tami.<\/p>","protected":false},"featured_media":144872,"template":"","meta":{"_acf_changed":false},"product_brand":[],"product_cat":[1322],"product_tag":[3152,3311],"class_list":{"0":"post-55617","1":"product","2":"type-product","3":"status-publish","4":"has-post-thumbnail","6":"product_cat-dsc-larm-neo-power-hybridlarm","7":"product_tag-cr123-tillbehor","8":"product_tag-dsc-neo-svensk-manual","9":"product_shipping_class-postnord-varubrev","10":"pa_brands-4dsc","11":"pa_dsc-neo-hybridlarm-power-pc1616-1864-aldre-version-av-neo","12":"tm-has-options","14":"first","15":"instock","16":"sale","17":"featured","18":"taxable","19":"shipping-taxable","20":"purchasable","21":"product-type-simple"},"acf":[],"_links":{"self":[{"href":"https:\/\/secureus.se\/pl\/wp-json\/wp\/v2\/product\/55617","targetHints":{"allow":["GET"]}}],"collection":[{"href":"https:\/\/secureus.se\/pl\/wp-json\/wp\/v2\/product"}],"about":[{"href":"https:\/\/secureus.se\/pl\/wp-json\/wp\/v2\/types\/product"}],"wp:featuredmedia":[{"embeddable":true,"href":"https:\/\/secureus.se\/pl\/wp-json\/wp\/v2\/media\/144872"}],"wp:attachment":[{"href":"https:\/\/secureus.se\/pl\/wp-json\/wp\/v2\/media?parent=55617"}],"wp:term":[{"taxonomy":"product_brand","embeddable":true,"href":"https:\/\/secureus.se\/pl\/wp-json\/wp\/v2\/product_brand?post=55617"},{"taxonomy":"product_cat","embeddable":true,"href":"https:\/\/secureus.se\/pl\/wp-json\/wp\/v2\/product_cat?post=55617"},{"taxonomy":"product_tag","embeddable":true,"href":"https:\/\/secureus.se\/pl\/wp-json\/wp\/v2\/product_tag?post=55617"}],"curies":[{"name":"wp","href":"https:\/\/api.w.org\/{rel}","templated":true}]}}