{"id":55618,"date":"2022-03-24T12:58:00","date_gmt":"2022-03-24T11:58:00","guid":{"rendered":"https:\/\/secureus.se\/produkt\/tagg-glassfibre-kombi-em4200-mifare-1k-svart\/"},"modified":"2026-03-09T14:47:03","modified_gmt":"2026-03-09T13:47:03","slug":"rfid-tagg-glasfiber-kombi","status":"publish","type":"product","link":"https:\/\/secureus.se\/pl\/rfid-tagg-glasfiber-kombi\/","title":{"rendered":"Tag Combi EM4200 + Mifare1k\u00ae Czarny \u2013 W\u0142\u00f3kno szklane HD Wandaloodporny"},"content":{"rendered":"<h1>Tag Combi EM4200\/Mifare1k W\u0142\u00f3kno szklane HD<\/h1>\n<h3>Tag dla systemu alarmowego\/przechodniego i rezerwacji.<\/h3>\n<div>\n<h3><strong style=\"font-size: 16px\">Tutaj ze standardowymi numerami wygrawerowanymi na etykiecie dla praktycznie wszystkich system\u00f3w bezpiecze\u0144stwa.<\/strong><\/h3>\n<div>\n<p><span style=\"text-decoration: underline\"><strong>RCO (MFR), Axema VAKA (MFV)<\/strong><\/span><\/p>\n<p><span style=\"text-decoration: underline\"><strong>(MFD) ASSA, Aptus, Bewator, Axema, Axema VAKA, Vanderbilt<\/strong><\/span><\/p>\n<p><span style=\"text-decoration: underline\"><strong>A = Aptus, R = RCO, AX = Axema, S = ASSA<\/strong><\/span><\/p>\n<p><span style=\"text-decoration: underline\"><strong>V=Axema VAKA i B= Bewator\/Vanderbilt.<\/strong><\/span><\/p>\n<\/div>\n<p>Nasz \u201eTagg Fiberglass HD\u201d jest nie tylko zaawansowany technicznie, ale tak\u017ce niezwykle trwa\u0142y i niezawodny.<\/p>\n<p>Wykonany z wyj\u0105tkowo wzmocnionego w\u0142\u00f3kna szklanego\/materia\u0142u epoksydowego i maj\u0105cy zaledwie 1,6 mm grubo\u015bci, jest w stanie wytrzyma\u0107 trudne warunki i obci\u0105\u017cenia bez utraty wydajno\u015bci.<\/p>\n<p>Dodatkowo przywieszka jest wodoodporna, co zapewnia ochron\u0119 przed wilgoci\u0105 i wilgoci\u0105 oraz sprawia, \u017ce nadaje si\u0119 zar\u00f3wno do u\u017cytku wewn\u0105trz, jak i na zewn\u0105trz.<\/p>\n<p>Ten innowacyjny brelok zosta\u0142 specjalnie zaprojektowany, aby spe\u0142ni\u0107 Twoje potrzeby w zakresie system\u00f3w bezpiecze\u0144stwa i identyfikacji.<\/p>\n<p>Dzi\u0119ki solidnej konstrukcji i imponuj\u0105cej funkcjonalno\u015bci znacznik RFID \u201eGlasfiber HD\u201d stanowi niezawodne i wydajne rozwi\u0105zanie do r\u00f3\u017cnych zastosowa\u0144.<\/p>\n<p>Oferujemy kilka wariant\u00f3w \u201eFiberglass HD\u201d, aby spe\u0142ni\u0107 Twoje specyficzne wymagania.<\/p>\n<p>Istnieje kilka produkt\u00f3w do wyboru: EM4200, Mifare1k, kombinacja Mifare1k i EM4200, Mifare4k oraz kombinacja Mifare4k i EM4200.<\/p>\n<p>Ka\u017cdy wariant ma swoje unikalne cechy i funkcje, co zapewnia elastyczno\u015b\u0107 i wszechstronno\u015b\u0107.<\/p>\n<p>Aby jeszcze bardziej dostosowa\u0107 brelok do kluczy, oferujemy opcj\u0119 wygrawerowania numer\u00f3w, takich jak numery seryjne,<\/p>\n<p>lub numery z Twoich system\u00f3w dost\u0119pu (RCO, Vanderbilt, Bewator, Axema Aptus ASSA itp.).<\/p>\n<p>U\u0142atwia to identyfikacj\u0119 i zarz\u0105dzanie tagami, oszcz\u0119dzaj\u0105c czas i zwi\u0119kszaj\u0105c efektywno\u015b\u0107 przep\u0142ywu pracy.<\/p>\n<h3>Jak zawsze u nas, oryginalny chip od<a href=\"https:\/\/www.nxp.com\/\" rel=\"noopener\"> NXP<\/a> I <a href=\"https:\/\/www.emmicroelectronic.com\/\" rel=\"noopener\">Mikroelektronika EM.<\/a><\/h3>\n<p><strong>Pasuje do wszystkiego i wszystkich!<\/strong><\/p>\n<ul>\n<li>System przepustek<\/li>\n<li>System go\u015bci<\/li>\n<li>Rezerwacja pralni<\/li>\n<li>System alarmowy i bezpiecze\u0144stwa<\/li>\n<\/ul>\n<p>&nbsp;<\/p>\n<\/div>","protected":false},"excerpt":{"rendered":"<p>Tag RFID \u201eGlass fibre HD\u201d \u2013 wandaloodporny i wodoodporny! \u2013 idealne rozwi\u0105zanie dla system\u00f3w bezpiecze\u0144stwa i identyfikacji. Chip Mifare1k gotowy do grawerowania lub kolorowego logo. Ten produkt posiada certyfikowany chip firmy NXP\u00ae, kt\u00f3ra jest globaln\u0105 firm\u0105 technologiczn\u0105 z siedzib\u0105 w Holandii. NXP\u00ae specjalizuje si\u0119 w RFID i NFC i oferuje szerok\u0105 gam\u0119 produkt\u00f3w z zakresu bezpiecze\u0144stwa, \u0142\u0105czno\u015bci i rozwi\u0105za\u0144 wbudowanych<\/p>","protected":false},"featured_media":133934,"template":"","meta":{"_acf_changed":false},"product_brand":[],"product_cat":[1349,4786],"product_tag":[2436,4146,2958],"class_list":{"0":"post-55618","1":"product","2":"type-product","3":"status-publish","4":"has-post-thumbnail","6":"product_cat-rfid-tag-glasfiber","7":"product_cat-mifare1kem4200-tagg","8":"product_tag-250-moq-hd","9":"product_tag-nxp","10":"product_tag-stonehouse-produkt","11":"product_shipping_class-postnord-varubrev","12":"pa_brands-stonehouse-security","13":"pa_chip-teknik-kombi-em4200mifare1k","14":"pa_farg-svart","15":"pa_sakerhetssystem-aptus-mfd","16":"pa_sakerhetssystem-assa-arx-solid","17":"pa_sakerhetssystem-axema","18":"pa_sakerhetssystem-axema-vaka-access","19":"pa_sakerhetssystem-bewator-vanderbilt-entro-8-siffror","20":"pa_sakerhetssystem-bewator-vanderbilt-omnis-13-siffror","21":"pa_sakerhetssystem-blank-inga-nummer","22":"pa_sakerhetssystem-chipnummer-decimalt","23":"pa_sakerhetssystem-chipnummer-hexadecimalt","24":"pa_sakerhetssystem-paxton","25":"pa_sakerhetssystem-rco","26":"pa_sakerhetssystem-tidomat","27":"pa_tagg-glasfiber-tagg-glasfiber-hd","28":"tm-no-options","30":"first","31":"instock","32":"sale","33":"featured","34":"taxable","35":"shipping-taxable","36":"purchasable","37":"product-type-simple"},"acf":[],"_links":{"self":[{"href":"https:\/\/secureus.se\/pl\/wp-json\/wp\/v2\/product\/55618","targetHints":{"allow":["GET"]}}],"collection":[{"href":"https:\/\/secureus.se\/pl\/wp-json\/wp\/v2\/product"}],"about":[{"href":"https:\/\/secureus.se\/pl\/wp-json\/wp\/v2\/types\/product"}],"wp:featuredmedia":[{"embeddable":true,"href":"https:\/\/secureus.se\/pl\/wp-json\/wp\/v2\/media\/133934"}],"wp:attachment":[{"href":"https:\/\/secureus.se\/pl\/wp-json\/wp\/v2\/media?parent=55618"}],"wp:term":[{"taxonomy":"product_brand","embeddable":true,"href":"https:\/\/secureus.se\/pl\/wp-json\/wp\/v2\/product_brand?post=55618"},{"taxonomy":"product_cat","embeddable":true,"href":"https:\/\/secureus.se\/pl\/wp-json\/wp\/v2\/product_cat?post=55618"},{"taxonomy":"product_tag","embeddable":true,"href":"https:\/\/secureus.se\/pl\/wp-json\/wp\/v2\/product_tag?post=55618"}],"curies":[{"name":"wp","href":"https:\/\/api.w.org\/{rel}","templated":true}]}}