{"id":55968,"date":"2022-03-17T11:40:00","date_gmt":"2022-03-17T10:40:00","guid":{"rendered":"https:\/\/secureus.se\/produkt\/tagg-abs-pro-kombi-em4200-mifare-1k-rod\/"},"modified":"2026-03-27T15:31:22","modified_gmt":"2026-03-27T14:31:22","slug":"kombi-em4200-mifare1k-abs-pro-rod-2-9mm","status":"publish","type":"product","link":"https:\/\/secureus.se\/pl\/kombi-em4200-mifare1k-abs-pro-rod-2-9mm\/","title":{"rendered":"Combi EM4200 + Mifare 1k ABS Pro Red - 2,9 mm (Dual 125 kHz + 13,56 MHz)"},"content":{"rendered":"<h1>Combi EM4200 + Mifare 1k ABS Pro Red - 2,9 mm (Dual 125 kHz + 13,56 MHz)<\/h1>\n<p><strong>Najpopularniejszy w Szwecji znacznik kombinowany - dzia\u0142a jednocze\u015bnie w systemach EM i Mifare.<\/strong><br \/>\nDwa oryginalne chipy (EM4200 + Mifare Classic 1k) w jednym znaczniku. Ca\u0142kowicie czyste i gotowe do samodzielnego zaprogramowania obu stron + grawerowania logo\/numeru.<\/p>\n<div style=\"background: #f4f9ff;border: 2px solid #0066cc;border-radius: 12px;padding: 20px;margin: 30px 0;text-align: center\">\n<h3 style=\"margin: 0 0 12px 0;color: #003366\">Nie jeste\u015b pewien co do EM lub Mifare?<\/h3>\n<p style=\"margin: 8px 0;font-size: 1.05em;color: #333\">Dzi\u0119ki temu tagowi nie musisz wybiera\u0107 \u2013 dzia\u0142a on w obu przypadkach!<br \/>\nZach\u0119camy do testowania z nasz\u0105 etykiet\u0105 testow\u0105 \u2013 69 SEK (zwrot pieni\u0119dzy przy zakupie powy\u017cej 100 sztuk)<\/p>\n<p><a style=\"display: inline-block;background: #0066cc;color: white;font-weight: bold;padding: 14px 32px;border-radius: 8px;text-decoration: none;margin: 15px 0;font-size: 1.1em\" href=\"\/pl\/testtagg-em-mifare\/\">Kup tag testowy \u2013 69 kr<\/a><\/p>\n<\/div>\n<h2>Pracuje w (mi\u0119dzy innymi)<\/h2>\n<ul>\n<li>Aptus \u2219 RCO \u2219 ASSA ARX \u2219 Axema \u2219 Vanderbilt \u2219 Bewator<\/li>\n<li>Paxton \u2219 Tidomat \u2219 Pacom \u2219 system dla go\u015bci \u2219 rezerwacja pralni<\/li>\n<\/ul>\n<h2>Dlaczego profesjonali\u015bci wybieraj\u0105 tag kombi<\/h2>\n<ul>\n<li>Jeden znacznik \u2013 dwie technologie (EM 125 kHz + Mifare 13,56 MHz)<\/li>\n<li>Tylko <strong>2,9 mm<\/strong> cienki \u2013 najpopularniejszy format w Szwecji<\/li>\n<li>Oryginalny uk\u0142ad scalony firm EM Microelectronic i NXP<\/li>\n<li>Ca\u0142kowicie puste \u2013 zaprogramuj obie strony dok\u0142adnie tak, jak chcesz<\/li>\n<\/ul>\n<h2>Dostosuj dok\u0142adnie tak, jak chcesz<\/h2>\n<p>Kliknij \u201eDostosuj produkt\u201d i wybierz:<\/p>\n<ul>\n<li>Logo grawerowane laserowo \u2013 bez minimalnego zam\u00f3wienia<\/li>\n<li>Wygrawerowane numery dla strony EM i\/lub Mifare<\/li>\n<li>Logo kolorowe + numer (min. 500 szt.)<\/li>\n<li>Numer seryjny lub UID uk\u0142adu dla obu uk\u0142ad\u00f3w<\/li>\n<li>Programowanie kluczy\/sektor\u00f3w \u2013 Skontaktuj si\u0119 z nami<\/li>\n<li>Mo\u017cemy r\u00f3wnie\u017c odczyta\u0107 kafelki z gotowego pliku Excel lub podobnego, prosimy o kontakt.<\/li>\n<\/ul>\n<p>\u2714\ufe0f Zawsze kontaktujemy si\u0119 z Tob\u0105 w celu uzyskania proof\u00f3w przed produkcj\u0105<\/p>\n<h2>Specyfikacja techniczna<\/h2>\n<table style=\"width: 100%;border-collapse: collapse;margin: 20px 0\">\n<tbody>\n<tr>\n<td><strong>\u017beton<\/strong><\/td>\n<td>EM4200 + Mifare Classic 1k orygina\u0142<\/td>\n<\/tr>\n<tr>\n<td><strong>Cz\u0119stotliwo\u015b\u0107<\/strong><\/td>\n<td>125 kHz + 13,56 MHz (podw\u00f3jne)<\/td>\n<\/tr>\n<tr>\n<td><strong>Pami\u0119\u0107 Mifare<\/strong><\/td>\n<td>1 KB (16 sektor\u00f3w)<\/td>\n<\/tr>\n<tr>\n<td><strong>Tworzywo<\/strong><\/td>\n<td>Wytrzyma\u0142y plastik ABS<\/td>\n<\/tr>\n<tr>\n<td><strong>Grubo\u015b\u0107<\/strong><\/td>\n<td>2,9 mm<\/td>\n<\/tr>\n<tr>\n<td><strong>Zabarwienie<\/strong><\/td>\n<td>Czarny \u2219 Bia\u0142y \u2219 Niebieski \u2219 Czerwony \u2219 Zielony \u2219 \u017b\u00f3\u0142ty<\/td>\n<\/tr>\n<\/tbody>\n<\/table>\n<h2>Dostawa i wsparcie<\/h2>\n<ul>\n<li>Normalnie <strong>1\u20133 dni robocze<\/strong><\/li>\n<li><strong>Darmowa wysy\u0142ka<\/strong> ponad 1000 SEK<\/li>\n<li>Potrzebujesz pomocy z programowaniem? Naprawimy to!<\/li>\n<\/ul>","protected":false},"excerpt":{"rendered":"<p><strong>EM4200 + Mifare 1k ABS Pro combi - 2,9 mm<\/strong><br \/>\nPodw\u00f3jne oryginalne chipy (EM + Mifare Classic 1K (Original NXP)) \u2219 W pe\u0142ni puste \u2219 Mo\u017cliwe niestandardowe programowanie i grawerowanie<br \/>\nDzia\u0142a jednocze\u015bnie w systemach EM i Mifare<\/p>","protected":false},"featured_media":163687,"template":"","meta":{"_acf_changed":false},"product_brand":[],"product_cat":[1340,4786,2354],"product_tag":[2074,2435,2432,4146,2958,2966],"class_list":{"0":"post-55968","1":"product","2":"type-product","3":"status-publish","4":"has-post-thumbnail","6":"product_cat-rfid-tagg-abs-pro","7":"product_cat-mifare1kem4200-tagg","8":"product_cat-rfid-taggar","9":"product_tag-ej-lagerfraga","10":"product_tag-kombi-emmif-standard-blank-alpha","11":"product_tag-kombi-emmif-standard-blank-dtc","12":"product_tag-nxp","13":"product_tag-stonehouse-produkt","14":"product_tag-utvalda-taggar-kombitaggar-med-dubbla-chip","15":"product_shipping_class-postnord-varubrev","16":"pa_brands-stonehouse-security","17":"pa_chip-teknik-kombi-em4200mifare1k","18":"pa_farg-rod","19":"pa_pro-larmsystem-aptus","20":"pa_pro-larmsystem-assa-abs-pro-system","21":"pa_pro-larmsystem-axema","22":"pa_pro-larmsystem-axema-vaka","23":"pa_pro-larmsystem-blank-inga-nummer","24":"pa_pro-larmsystem-cdvi","25":"pa_pro-larmsystem-decimala-nummer","26":"pa_pro-larmsystem-enstaka-siffror-valfria","27":"pa_pro-larmsystem-hexadecimal-nummer","28":"pa_pro-larmsystem-lopnummer-valfria","29":"pa_pro-larmsystem-paxton","30":"pa_pro-larmsystem-rco-abs-pro-system","31":"pa_pro-larmsystem-tidomat","32":"pa_pro-larmsystem-vanderbilt-bewator-entro-8-siffror","33":"pa_pro-larmsystem-vanderbilt-bewator-omnis-bewator-2010-13-siffror","34":"tm-has-options","36":"first","37":"instock","38":"sale","39":"featured","40":"taxable","41":"shipping-taxable","42":"purchasable","43":"product-type-simple"},"acf":[],"_links":{"self":[{"href":"https:\/\/secureus.se\/pl\/wp-json\/wp\/v2\/product\/55968","targetHints":{"allow":["GET"]}}],"collection":[{"href":"https:\/\/secureus.se\/pl\/wp-json\/wp\/v2\/product"}],"about":[{"href":"https:\/\/secureus.se\/pl\/wp-json\/wp\/v2\/types\/product"}],"wp:featuredmedia":[{"embeddable":true,"href":"https:\/\/secureus.se\/pl\/wp-json\/wp\/v2\/media\/163687"}],"wp:attachment":[{"href":"https:\/\/secureus.se\/pl\/wp-json\/wp\/v2\/media?parent=55968"}],"wp:term":[{"taxonomy":"product_brand","embeddable":true,"href":"https:\/\/secureus.se\/pl\/wp-json\/wp\/v2\/product_brand?post=55968"},{"taxonomy":"product_cat","embeddable":true,"href":"https:\/\/secureus.se\/pl\/wp-json\/wp\/v2\/product_cat?post=55968"},{"taxonomy":"product_tag","embeddable":true,"href":"https:\/\/secureus.se\/pl\/wp-json\/wp\/v2\/product_tag?post=55968"}],"curies":[{"name":"wp","href":"https:\/\/api.w.org\/{rel}","templated":true}]}}