{"id":56481,"date":"2022-03-11T07:53:00","date_gmt":"2022-03-11T06:53:00","guid":{"rendered":"https:\/\/secureus.se\/produkt\/usb-32gb-bla-med-er-logo\/"},"modified":"2026-03-10T11:29:59","modified_gmt":"2026-03-10T10:29:59","slug":"usb-32gb-bla-med-er-logo","status":"publish","type":"product","link":"https:\/\/secureus.se\/pl\/usb-32gb-bla-med-er-logo\/","title":{"rendered":"Pami\u0119\u0107 USB 32 GB Niebieskie \u2013 bezp\u0142atne kolorowe logo"},"content":{"rendered":"<div>\n<p>Tutaj masz pami\u0119\u0107 USB do przechowywania dokumentacji lub dla klient\u00f3w lub wewn\u0105trz firmy, a tak\u017ce \u201eupomink\u00f3w\u201d.<\/p>\n<p>Produkujemy je w fabryce zgodnie z Twoim zam\u00f3wieniem, a wyprodukowanie ich zgodnie z zam\u00f3wieniem zajmuje oko\u0142o 14-20 dni roboczych.<\/p>\n<\/div>\n<div>Pami\u0119taj, \u017ce musisz przes\u0142a\u0107 nam swoje logo, a poniewa\u017c jest to artyku\u0142 projektowy, skontaktujemy si\u0119 z Tob\u0105 z sugestiami dotycz\u0105cymi korekty, zanim rozpoczniemy produkcj\u0119.<\/div>","protected":false},"excerpt":{"rendered":"<p>Tutaj masz pami\u0119\u0107 USB do przechowywania dokumentacji lub dla klient\u00f3w lub wewn\u0105trz firmy, a tak\u017ce \u201eupomink\u00f3w\u201d. Produkujemy je w fabryce zgodnie z Twoim zam\u00f3wieniem, a zajmuje to ok<\/p>","protected":false},"featured_media":144521,"template":"","meta":{"_acf_changed":false},"product_brand":[],"product_cat":[1824],"product_tag":[2914,2958],"class_list":{"0":"post-56481","1":"product","2":"type-product","3":"status-publish","4":"has-post-thumbnail","6":"product_cat-usb-minnen-logo-minneskort","7":"product_tag-32-gb","8":"product_tag-stonehouse-produkt","9":"product_shipping_class-postnord-varubrev","10":"pa_brands-stonehouse-security","11":"pa_farg-bla","12":"tm-has-options","14":"first","15":"onbackorder","16":"sale","17":"featured","18":"taxable","19":"shipping-taxable","20":"purchasable","21":"product-type-simple"},"acf":[],"_links":{"self":[{"href":"https:\/\/secureus.se\/pl\/wp-json\/wp\/v2\/product\/56481","targetHints":{"allow":["GET"]}}],"collection":[{"href":"https:\/\/secureus.se\/pl\/wp-json\/wp\/v2\/product"}],"about":[{"href":"https:\/\/secureus.se\/pl\/wp-json\/wp\/v2\/types\/product"}],"wp:featuredmedia":[{"embeddable":true,"href":"https:\/\/secureus.se\/pl\/wp-json\/wp\/v2\/media\/144521"}],"wp:attachment":[{"href":"https:\/\/secureus.se\/pl\/wp-json\/wp\/v2\/media?parent=56481"}],"wp:term":[{"taxonomy":"product_brand","embeddable":true,"href":"https:\/\/secureus.se\/pl\/wp-json\/wp\/v2\/product_brand?post=56481"},{"taxonomy":"product_cat","embeddable":true,"href":"https:\/\/secureus.se\/pl\/wp-json\/wp\/v2\/product_cat?post=56481"},{"taxonomy":"product_tag","embeddable":true,"href":"https:\/\/secureus.se\/pl\/wp-json\/wp\/v2\/product_tag?post=56481"}],"curies":[{"name":"wp","href":"https:\/\/api.w.org\/{rel}","templated":true}]}}