{"id":56505,"date":"2022-03-11T07:13:00","date_gmt":"2022-03-11T06:13:00","guid":{"rendered":"https:\/\/secureus.se\/produkt\/kopplingsdosa-39-par-slits\/"},"modified":"2026-04-01T14:38:28","modified_gmt":"2026-04-01T12:38:28","slug":"kopplingsdosa-mz-3-ct-39-par-slits","status":"publish","type":"product","link":"https:\/\/secureus.se\/pl\/kopplingsdosa-mz-3-ct-39-par-slits\/","title":{"rendered":"Puszka przy\u0142\u0105czeniowa MZ-3 CT 39 par szczelinowa"},"content":{"rendered":"<h1>Skrzynka przy\u0142\u0105czeniowa MZ-3 CT \u2013 idealna do instalacji niskonapi\u0119ciowych<\/h1>\n<p>MZ-3 CT to uniwersalna puszka przy\u0142\u0105czeniowa zaprojektowana z my\u015bl\u0105 o u\u0142atwieniu wykonywania instalacji elektrycznych niskonapi\u0119ciowych w systemach bezpiecze\u0144stwa i rozwi\u0105zaniach domofonowych.<\/p>\n<p>\u0141\u0105cznie 39 par po\u0142\u0105cze\u0144 gniazdowych zapewnia maksymaln\u0105 elastyczno\u015b\u0107 i wydajno\u015b\u0107 w przypadku z\u0142o\u017conych instalacji.<\/p>\n<p>Wyposa\u017cony w wy\u0142\u0105czniki antysabota\u017cowe i numerowane po\u0142\u0105czenia przetwornik MZ-3 CT jest bezpiecznym wyborem zar\u00f3wno dla ma\u0142ych, jak i du\u017cych system\u00f3w.<\/p>\n<p>Modu\u0142 jest \u0142atwy w monta\u017cu, a jego solidna konstrukcja gwarantuje d\u0142ugotrwa\u0142e u\u017cytkowanie w ka\u017cdych warunkach.<\/p>\n<h3>W\u0142a\u015bciwo\u015bci:<\/h3>\n<ul>\n<li><strong>39 par z\u0142\u0105czy gniazdowych:<\/strong> Do \u0142atwego i szybkiego \u0142\u0105czenia wielu kabli.<\/li>\n<li><strong>Ochrona przed manipulacj\u0105:<\/strong> Zapobiega nieautoryzowanemu dost\u0119powi i manipulacjom.<\/li>\n<li><strong>Numerowane terminale:<\/strong> Umo\u017cliwia szybk\u0105 i bezb\u0142\u0119dn\u0105 instalacj\u0119.<\/li>\n<li><strong>Maksymalne napi\u0119cie robocze:<\/strong> 24 V AC\/DC i pr\u0105d do 500 mA.<\/li>\n<li><strong>Kompaktowa konstrukcja:<\/strong> Wymiary zaledwie 132 x 89 x 30 mm u\u0142atwiaj\u0105ce umieszczenie.<\/li>\n<\/ul>\n<p>Ta puszka przy\u0142\u0105czeniowa jest idealnym rozwi\u0105zaniem dla profesjonalnych elektryk\u00f3w poszukuj\u0105cych niezawodnego i wysokiej jako\u015bci narz\u0119dzia do prac instalacyjnych.<\/p>\n<p>Dzi\u0119ki swojej wszechstronno\u015bci i bezpiecze\u0144stwu spe\u0142nia najwy\u017csze standardy nowoczesnych system\u00f3w niskonapi\u0119ciowych.<\/p>","protected":false},"excerpt":{"rendered":"<p>MZ-3 CT to nowoczesna puszka przy\u0142\u0105czeniowa wyposa\u017cona w 39 par z\u0142\u0105czy szczelinowych, idealna do instalacji niskonapi\u0119ciowych, takich jak alarmy i domofony.<\/p>\n<p>Dzi\u0119ki wy\u0142\u0105cznikom antysabota\u017cowym i ponumerowanym po\u0142\u0105czeniom instalacja jest \u0142atwiejsza, a bezpiecze\u0144stwo maksymalne.<\/p>","protected":false},"featured_media":144883,"template":"","meta":{"_acf_changed":false},"product_brand":[],"product_cat":[1545],"product_tag":[2220,2421],"class_list":{"0":"post-56505","1":"product","2":"type-product","3":"status-publish","4":"has-post-thumbnail","6":"product_cat-kopplingsdosa-larmdosa","7":"product_tag-dosor-rekommenderade-lagt-pris","8":"product_tag-rel-installationstillbehor","9":"product_shipping_class-postnord-varubrev","10":"pa_brands-satel","11":"tm-no-options","13":"first","14":"instock","15":"sale","16":"featured","17":"taxable","18":"shipping-taxable","19":"purchasable","20":"product-type-simple"},"acf":[],"_links":{"self":[{"href":"https:\/\/secureus.se\/pl\/wp-json\/wp\/v2\/product\/56505","targetHints":{"allow":["GET"]}}],"collection":[{"href":"https:\/\/secureus.se\/pl\/wp-json\/wp\/v2\/product"}],"about":[{"href":"https:\/\/secureus.se\/pl\/wp-json\/wp\/v2\/types\/product"}],"wp:featuredmedia":[{"embeddable":true,"href":"https:\/\/secureus.se\/pl\/wp-json\/wp\/v2\/media\/144883"}],"wp:attachment":[{"href":"https:\/\/secureus.se\/pl\/wp-json\/wp\/v2\/media?parent=56505"}],"wp:term":[{"taxonomy":"product_brand","embeddable":true,"href":"https:\/\/secureus.se\/pl\/wp-json\/wp\/v2\/product_brand?post=56505"},{"taxonomy":"product_cat","embeddable":true,"href":"https:\/\/secureus.se\/pl\/wp-json\/wp\/v2\/product_cat?post=56505"},{"taxonomy":"product_tag","embeddable":true,"href":"https:\/\/secureus.se\/pl\/wp-json\/wp\/v2\/product_tag?post=56505"}],"curies":[{"name":"wp","href":"https:\/\/api.w.org\/{rel}","templated":true}]}}