{"id":56506,"date":"2022-03-11T07:13:00","date_gmt":"2022-03-11T06:13:00","guid":{"rendered":"https:\/\/secureus.se\/produkt\/brandlarmssiren-24v-ip54-en54-3\/"},"modified":"2026-03-12T13:14:19","modified_gmt":"2026-03-12T12:14:19","slug":"siren-brandlarmssiren-18-28v","status":"publish","type":"product","link":"https:\/\/secureus.se\/pl\/siren-brandlarmssiren-18-28v\/","title":{"rendered":"Syrena Syrena sygnalizacji po\u017caru 18-28V z certyfikatem IP54 EN54-3"},"content":{"rendered":"<h1>\u00a0Syrena Syrena sygnalizacji po\u017caru SATEL IP54 EN54-3 z elastycznymi funkcjami<\/h1>\n<p>Ten <strong>certyfikowana syrena alarmowa<\/strong> firmy SATEL zosta\u0142 zaprojektowany tak, aby spe\u0142nia\u0107 najwy\u017csze wymagania w zakresie bezpiecze\u0144stwa i niezawodno\u015bci.<\/p>\n<p>Dzi\u0119ki mo\u017cliwo\u015bci wyboru pomi\u0119dzy 32 r\u00f3\u017cnymi d\u017awi\u0119kami i regulowanej regulacji g\u0142o\u015bno\u015bci, syren\u0119 mo\u017cna dostosowa\u0107 do r\u00f3\u017cnych zastosowa\u0144 i \u015brodowisk.<\/p>\n<p>Solidna konstrukcja i certyfikat IP54 sprawiaj\u0105, \u017ce idealnie nadaje si\u0119 zar\u00f3wno do alarm\u00f3w przeciwpo\u017carowych, jak i antyw\u0142amaniowych.<\/p>\n<p><strong>G\u0142\u00f3wne cechy:<\/strong><\/p>\n<ul>\n<li><strong>Orzecznictwo:<\/strong> Spe\u0142nia norm\u0119 EN54-3 dotycz\u0105c\u0105 system\u00f3w sygnalizacji po\u017caru.<\/li>\n<li><strong>Opcje d\u017awi\u0119ku:<\/strong> Wybierz jeden z 32 r\u00f3\u017cnych sygna\u0142\u00f3w d\u017awi\u0119kowych, aby uzyska\u0107 maksymaln\u0105 elastyczno\u015b\u0107.<\/li>\n<li><strong>Funkcja podw\u00f3jnego d\u017awi\u0119ku:<\/strong> Opcja aktywacji dw\u00f3ch oddzielnych d\u017awi\u0119k\u00f3w dla r\u00f3\u017cnych alert\u00f3w.<\/li>\n<li><strong>Regulacja g\u0142o\u015bno\u015bci:<\/strong> Dostosuj poziom d\u017awi\u0119ku do \u015brodowiska instalacji.<\/li>\n<li><strong>Solidna konstrukcja:<\/strong> Certyfikat IP54 zapewniaj\u0105cy odporno\u015b\u0107 na kurz i wod\u0119.<\/li>\n<\/ul>\n<p><strong>Zalety:<\/strong><\/p>\n<ul>\n<li>Energooszcz\u0119dny przy maksymalnym poborze pr\u0105du tylko 32 mA.<\/li>\n<li>Wytrzymuje temperatury od -25\u00b0C do +70\u00b0C, dzi\u0119ki czemu idealnie nadaje si\u0119 do zmiennych warunk\u00f3w \u015brodowiskowych.<\/li>\n<li>Konstrukcja odporna na manipulacje, kt\u00f3ra zapobiega nieupowa\u017cnionym manipulacjom.<\/li>\n<\/ul>\n<p>Syrena ta idealnie nadaje si\u0119 do stosowania w obiektach komercyjnych, magazynach i budynkach u\u017cyteczno\u015bci publicznej, gdzie niezb\u0119dna jest niezawodna sygnalizacja.<\/p>\n<p>Dzi\u0119ki dostosowywalnej konstrukcji i elastycznym funkcjom jest to rozwi\u0105zanie, kt\u00f3remu mo\u017cesz zaufa\u0107.<\/p>","protected":false},"excerpt":{"rendered":"<p>Certyfikowana sygnalizator po\u017carowy firmy SATEL spe\u0142niaj\u0105cy norm\u0119 EN54-3.<\/p>\n<p>Wyposa\u017cony w 32 opcje d\u017awi\u0119ku, funkcj\u0119 podw\u00f3jnego d\u017awi\u0119ku i regulacj\u0119 g\u0142o\u015bno\u015bci dla maksymalnej elastyczno\u015bci.<\/p>\n<p>Idealny do system\u00f3w przeciwpo\u017carowych i bezpiecze\u0144stwa.<\/p>","protected":false},"featured_media":144772,"template":"","meta":{"_acf_changed":false},"product_brand":[],"product_cat":[1825,1562,5098],"product_tag":[2959,2269,2422,2420],"class_list":{"0":"post-56506","1":"product","2":"type-product","3":"status-publish","4":"has-post-thumbnail","6":"product_cat-sirener-brand","7":"product_cat-larmdon-blixtljus","8":"product_cat-siren-brand","9":"product_tag-certifierad-en54","10":"product_tag-larmdon-brand-rod","11":"product_tag-rel-brand","12":"product_tag-rel-larmdonblixt","13":"product_shipping_class-tunga-paket","14":"pa_brands-satel","15":"tm-no-options","17":"first","18":"outofstock","19":"sale","20":"featured","21":"taxable","22":"shipping-taxable","23":"purchasable","24":"product-type-simple"},"acf":[],"_links":{"self":[{"href":"https:\/\/secureus.se\/pl\/wp-json\/wp\/v2\/product\/56506","targetHints":{"allow":["GET"]}}],"collection":[{"href":"https:\/\/secureus.se\/pl\/wp-json\/wp\/v2\/product"}],"about":[{"href":"https:\/\/secureus.se\/pl\/wp-json\/wp\/v2\/types\/product"}],"wp:featuredmedia":[{"embeddable":true,"href":"https:\/\/secureus.se\/pl\/wp-json\/wp\/v2\/media\/144772"}],"wp:attachment":[{"href":"https:\/\/secureus.se\/pl\/wp-json\/wp\/v2\/media?parent=56506"}],"wp:term":[{"taxonomy":"product_brand","embeddable":true,"href":"https:\/\/secureus.se\/pl\/wp-json\/wp\/v2\/product_brand?post=56506"},{"taxonomy":"product_cat","embeddable":true,"href":"https:\/\/secureus.se\/pl\/wp-json\/wp\/v2\/product_cat?post=56506"},{"taxonomy":"product_tag","embeddable":true,"href":"https:\/\/secureus.se\/pl\/wp-json\/wp\/v2\/product_tag?post=56506"}],"curies":[{"name":"wp","href":"https:\/\/api.w.org\/{rel}","templated":true}]}}