{"id":56507,"date":"2022-03-11T07:13:00","date_gmt":"2022-03-11T06:13:00","guid":{"rendered":"https:\/\/secureus.se\/produkt\/stonehouse-telebox-10-par-slits-skruv\/"},"modified":"2025-12-31T20:01:10","modified_gmt":"2025-12-31T19:01:10","slug":"stonehouse-telebox-10-par-slits-skruv","status":"publish","type":"product","link":"https:\/\/secureus.se\/pl\/stonehouse-telebox-10-par-slits-skruv\/","title":{"rendered":"Stonehouse Telebox 10-parowy slot\/\u015bruba"},"content":{"rendered":"<p>Budka telefoniczna na 10 par z oddzielnym zaciskiem przy\u0142\u0105czeniowym dla przychodz\u0105cego kabla zasilaj\u0105cego.<\/p>\n<p>Oddzielny terminal przy\u0142\u0105czeniowy dla ekranu.<\/p>\n<p>Z\u0142\u0105cze szczelinowe i z\u0142\u0105cze \u015brubowe. Dostawca: Stonehouse<\/p>\n<p>Nale\u017cy pami\u0119ta\u0107, \u017ce na pude\u0142ku mo\u017cna r\u00f3wnie\u017c wygrawerowa\u0107 numery lub logo, zgodnie z poni\u017cszymi opcjami.<\/p>\n<p>Po\u0142\u0105czenie: szczelina\/\u015bruba<\/p>\n<p>Pary biegun\u00f3w: 10<\/p>\n<p>Wymiary: 133x72x50 mm<\/p>","protected":false},"excerpt":{"rendered":"<p>10 par alarm\u00f3w i telebox\u00f3w w najni\u017cszych cenach w Szwecji - Dla profesjonalist\u00f3w od profesjonalist\u00f3w<\/p>","protected":false},"featured_media":144985,"template":"","meta":{"_acf_changed":false},"product_brand":[],"product_cat":[1547],"product_tag":[2207,2989,2958],"class_list":{"0":"post-56507","1":"product","2":"type-product","3":"status-publish","4":"has-post-thumbnail","6":"product_cat-plint-larm-telebox","7":"product_tag-box-telebox-teleplint","8":"product_tag-egen-logo-ej-taggar-kort","9":"product_tag-stonehouse-produkt","10":"product_shipping_class-postnord-varubrev","11":"pa_brands-stonehouse-security","12":"tm-no-options","14":"first","15":"instock","16":"sale","17":"featured","18":"taxable","19":"shipping-taxable","20":"purchasable","21":"product-type-simple"},"acf":[],"_links":{"self":[{"href":"https:\/\/secureus.se\/pl\/wp-json\/wp\/v2\/product\/56507","targetHints":{"allow":["GET"]}}],"collection":[{"href":"https:\/\/secureus.se\/pl\/wp-json\/wp\/v2\/product"}],"about":[{"href":"https:\/\/secureus.se\/pl\/wp-json\/wp\/v2\/types\/product"}],"wp:featuredmedia":[{"embeddable":true,"href":"https:\/\/secureus.se\/pl\/wp-json\/wp\/v2\/media\/144985"}],"wp:attachment":[{"href":"https:\/\/secureus.se\/pl\/wp-json\/wp\/v2\/media?parent=56507"}],"wp:term":[{"taxonomy":"product_brand","embeddable":true,"href":"https:\/\/secureus.se\/pl\/wp-json\/wp\/v2\/product_brand?post=56507"},{"taxonomy":"product_cat","embeddable":true,"href":"https:\/\/secureus.se\/pl\/wp-json\/wp\/v2\/product_cat?post=56507"},{"taxonomy":"product_tag","embeddable":true,"href":"https:\/\/secureus.se\/pl\/wp-json\/wp\/v2\/product_tag?post=56507"}],"curies":[{"name":"wp","href":"https:\/\/api.w.org\/{rel}","templated":true}]}}