{"id":56509,"date":"2022-03-11T07:13:00","date_gmt":"2022-03-11T06:13:00","guid":{"rendered":"https:\/\/secureus.se\/produkt\/spw-100-siren-inomhus-med-kraftigt-120-db-ljud\/"},"modified":"2026-04-01T14:10:21","modified_gmt":"2026-04-01T12:10:21","slug":"spw-100-siren-inomhus","status":"publish","type":"product","link":"https:\/\/secureus.se\/pl\/spw-100-siren-inomhus\/","title":{"rendered":"Syrena wewn\u0119trzna Satel SPW-100 Syrena \u2013 mocny d\u017awi\u0119k 120 dB"},"content":{"rendered":"<h1>Syrena wewn\u0119trzna SPW-100 \u2013 skuteczna i niezawodna sygnalizacja alarmu<\/h1>\n<p>SPW-100 firmy SATEL to mocny i elastyczny sygnalizator wewn\u0119trzny, zaprojektowany tak, aby spe\u0142nia\u0107 wymagania nowoczesnych rozwi\u0105za\u0144 bezpiecze\u0144stwa.<\/p>\n<p>Dzi\u0119ki imponuj\u0105cemu poziomowi d\u017awi\u0119ku a\u017c do 120 dB gwarantuje skuteczn\u0105 sygnalizacj\u0119 nawet w du\u017cych budynkach takich jak magazyny, gara\u017ce czy pomieszczenia biurowe.<\/p>\n<p>Syrena ta oferuje trzy tony do wyboru, dzi\u0119ki czemu mo\u017cna dostosowa\u0107 alarm do r\u00f3\u017cnych potrzeb.<\/p>\n<p>Stylowa, owalna obudowa umo\u017cliwia monta\u017c zar\u00f3wno na \u015bcianie, jak i na suficie, dzi\u0119ki czemu instalacja jest prosta i elastyczna.<\/p>\n<p><strong>G\u0142\u00f3wne cechy:<\/strong><\/p>\n<ul>\n<li><strong>Wysoka g\u0142o\u015bno\u015b\u0107:<\/strong> Sygna\u0142 d\u017awi\u0119kowy o nat\u0119\u017ceniu 120 dB zapewnia s\u0142yszalno\u015b\u0107 w du\u017cych i ha\u0142a\u015bliwych \u015brodowiskach.<\/li>\n<li><strong>Konfigurowalna sygnalizacja:<\/strong> Trzy r\u00f3\u017cne odcienie pasuj\u0105ce do konkretnych zastosowa\u0144.<\/li>\n<li><strong>Zabezpieczenie antysabota\u017cowe:<\/strong> Wbudowane zabezpieczenie przed nieuprawnionym dost\u0119pem poprzez otwarcie obudowy lub od\u0142\u0105czenie od \u015bciany.<\/li>\n<li><strong>Kompaktowa konstrukcja:<\/strong> Z \u0142atwo\u015bci\u0105 dopasowuje si\u0119 do r\u00f3\u017cnych \u015brodowisk wewn\u0119trznych.<\/li>\n<\/ul>\n<p>SPW-100 to solidne i energooszcz\u0119dne rozwi\u0105zanie o niskim poborze pr\u0105du wynosz\u0105cym 320 mA.<\/p>\n<p>Oferuje wysokie bezpiecze\u0144stwo i \u0142atwo\u015b\u0107 u\u017cytkowania zar\u00f3wno w obiektach mieszkalnych, jak i komercyjnych.<\/p>\n<p>&nbsp;<\/p>","protected":false},"excerpt":{"rendered":"<p>Sygnalizator wewn\u0119trzny SPW-100 firmy SATEL charakteryzuje si\u0119 du\u017c\u0105 g\u0142o\u015bno\u015bci\u0105 na poziomie 120 dB i trzema tonami do wyboru.<\/p>\n<p>Dzi\u0119ki zabezpieczeniu przed sabota\u017cem i kompaktowej konstrukcji idealnie nadaje si\u0119 do \u015brodowisk wewn\u0119trznych, kt\u00f3re wymagaj\u0105 niezawodnej funkcjonalno\u015bci alarmowej.<\/p>","protected":false},"featured_media":144900,"template":"","meta":{"_acf_changed":false},"product_brand":[],"product_cat":[1306,1562],"product_tag":[2268],"class_list":{"0":"post-56509","1":"product","2":"type-product","3":"status-publish","4":"has-post-thumbnail","6":"product_cat-larm-sakerhet","7":"product_cat-larmdon-blixtljus","8":"product_tag-larmdon-siren-inomhus","9":"product_shipping_class-postnord-varubrev","10":"pa_brands-satel","11":"tm-no-options","13":"first","14":"instock","15":"sale","16":"featured","17":"taxable","18":"shipping-taxable","19":"purchasable","20":"product-type-simple"},"acf":[],"_links":{"self":[{"href":"https:\/\/secureus.se\/pl\/wp-json\/wp\/v2\/product\/56509","targetHints":{"allow":["GET"]}}],"collection":[{"href":"https:\/\/secureus.se\/pl\/wp-json\/wp\/v2\/product"}],"about":[{"href":"https:\/\/secureus.se\/pl\/wp-json\/wp\/v2\/types\/product"}],"wp:featuredmedia":[{"embeddable":true,"href":"https:\/\/secureus.se\/pl\/wp-json\/wp\/v2\/media\/144900"}],"wp:attachment":[{"href":"https:\/\/secureus.se\/pl\/wp-json\/wp\/v2\/media?parent=56509"}],"wp:term":[{"taxonomy":"product_brand","embeddable":true,"href":"https:\/\/secureus.se\/pl\/wp-json\/wp\/v2\/product_brand?post=56509"},{"taxonomy":"product_cat","embeddable":true,"href":"https:\/\/secureus.se\/pl\/wp-json\/wp\/v2\/product_cat?post=56509"},{"taxonomy":"product_tag","embeddable":true,"href":"https:\/\/secureus.se\/pl\/wp-json\/wp\/v2\/product_tag?post=56509"}],"curies":[{"name":"wp","href":"https:\/\/api.w.org\/{rel}","templated":true}]}}