{"id":56512,"date":"2022-03-11T07:13:00","date_gmt":"2022-03-11T06:13:00","guid":{"rendered":"https:\/\/secureus.se\/produkt\/kopplingsdosa-38-skruvar-sabotage\/"},"modified":"2026-04-27T15:17:37","modified_gmt":"2026-04-27T13:17:37","slug":"kopplingsdosa-mz-3-s38-skruvar","status":"publish","type":"product","link":"https:\/\/secureus.se\/pl\/kopplingsdosa-mz-3-s38-skruvar\/","title":{"rendered":"Zacisk monta\u017cowy Satel Puszka przy\u0142\u0105czeniowa 38 zacisk\u00f3w 2,5\u00d72,5 mm 24 V AC\/DC (MZ-3 S)"},"content":{"rendered":"<h1>MZ-3 S \u2013 najlepsza skrzynka przy\u0142\u0105czeniowa zapewniaj\u0105ca bezpiecze\u0144stwo i elastyczno\u015b\u0107<\/h1>\n<p>MZ-3 S to wysokiej jako\u015bci puszka przy\u0142\u0105czeniowa przeznaczona do instalacji elektrycznych niskonapi\u0119ciowych, w tym system\u00f3w alarmowych.<\/p>\n<p>Dzi\u0119ki kompaktowym rozmiarom i przyjaznej u\u017cytkownikowi konstrukcji jest to doskona\u0142y wyb\u00f3r zar\u00f3wno do instalacji komercyjnych, jak i prywatnych.<\/p>\n<p>Dzi\u0119ki 38 zaciskom \u015brubowym MZ-3 S oferuje wiele mo\u017cliwo\u015bci po\u0142\u0105cze\u0144. Ka\u017cdy blok zaciskowy jest ponumerowany, co u\u0142atwia identyfikacj\u0119, a tym samym sprawia, \u017ce instalacja jest szybka i prosta.<\/p>\n<p>Dodatkowo modu\u0142 wyposa\u017cony jest w wy\u0142\u0105cznik antysabota\u017cowy, kt\u00f3ry gwarantuje ochron\u0119 systemu przed nieautoryzowanym dost\u0119pem.<\/p>\n<p>Zasilacz MZ-3 S mo\u017ce pracowa\u0107 przy nat\u0119\u017ceniu do 500 mA i napi\u0119ciu 24 V AC\/DC, co czyni go wszechstronnym urz\u0105dzeniem do wielu zastosowa\u0144.<\/p>\n<p>Solidna konstrukcja i inteligentne rozwi\u0105zania, takie jak mo\u017cliwo\u015b\u0107 wykorzystania terminali z oddzielnymi szynami za\u0142adowczymi, gwarantuj\u0105 d\u0142ugotrwa\u0142e u\u017cytkowanie i niezawodno\u015b\u0107.<\/p>\n<h4>Zalety:<\/h4>\n<ul>\n<li><strong>Bezpiecze\u0144stwo w centrum uwagi<\/strong>: Wbudowany wy\u0142\u0105cznik antysabota\u017cowy zapewniaj\u0105cy wi\u0119ksze bezpiecze\u0144stwo.<\/li>\n<li><strong>Sprawna instalacja<\/strong>: Numerowane zaciski \u015brubowe u\u0142atwiaj\u0105 obs\u0142ug\u0119 i pod\u0142\u0105czanie.<\/li>\n<li><strong>Elastyczne u\u017cytkowanie<\/strong>:Mo\u017ce obs\u0142ugiwa\u0107 zar\u00f3wno zasilanie pr\u0105dem zmiennym, jak i sta\u0142ym.<\/li>\n<li><strong>Zr\u00f3wnowa\u017cony projekt<\/strong>:Solidna konstrukcja i obs\u0142uga do 500 mA.<\/li>\n<\/ul>\n<h4>Dane techniczne:<\/h4>\n<ul>\n<li><strong>Maksymalna liczba terminali<\/strong>: 38<\/li>\n<li><strong>Obecna pojemno\u015b\u0107<\/strong>:Do 500mA<\/li>\n<li><strong>Wolta\u017c<\/strong>: 12-24 V pr\u0105du przemiennego\/sta\u0142ego<\/li>\n<li><strong>Rozmiar<\/strong>: 132 x 89 x 30 mm<\/li>\n<li><strong>Waga<\/strong>: 151g<\/li>\n<\/ul>\n<p>MZ-3 S to idealne rozwi\u0105zanie dla os\u00f3b poszukuj\u0105cych bezpiecznej i elastycznej puszki przy\u0142\u0105czeniowej do instalacji niskonapi\u0119ciowych.<\/p>\n<p>Wybierz MZ-3 S i zapewnij sobie maksymaln\u0105 wydajno\u015b\u0107 i \u0142atwo\u015b\u0107 monta\u017cu.<\/p>","protected":false},"excerpt":{"rendered":"<p>Puszka przy\u0142\u0105czeniowa MZ-3 S z 38 zaciskami \u015brubowymi i wy\u0142\u0105cznikiem antysabota\u017cowym to idealne rozwi\u0105zanie dla instalacji elektrycznych niskonapi\u0119ciowych.<\/p>\n<p>Idealne do system\u00f3w alarmowych, umo\u017cliwiaj\u0105 \u0142atw\u0105 identyfikacj\u0119 po\u0142\u0105cze\u0144 dzi\u0119ki numeracji.<\/p>","protected":false},"featured_media":144745,"template":"","meta":{"_acf_changed":false},"product_brand":[],"product_cat":[1545],"product_tag":[2220,2421],"class_list":{"0":"post-56512","1":"product","2":"type-product","3":"status-publish","4":"has-post-thumbnail","6":"product_cat-kopplingsdosa-larmdosa","7":"product_tag-dosor-rekommenderade-lagt-pris","8":"product_tag-rel-installationstillbehor","9":"product_shipping_class-postnord-varubrev","10":"pa_brands-satel","11":"tm-no-options","13":"first","14":"instock","15":"sale","16":"featured","17":"taxable","18":"shipping-taxable","19":"purchasable","20":"product-type-simple"},"acf":[],"_links":{"self":[{"href":"https:\/\/secureus.se\/pl\/wp-json\/wp\/v2\/product\/56512","targetHints":{"allow":["GET"]}}],"collection":[{"href":"https:\/\/secureus.se\/pl\/wp-json\/wp\/v2\/product"}],"about":[{"href":"https:\/\/secureus.se\/pl\/wp-json\/wp\/v2\/types\/product"}],"wp:featuredmedia":[{"embeddable":true,"href":"https:\/\/secureus.se\/pl\/wp-json\/wp\/v2\/media\/144745"}],"wp:attachment":[{"href":"https:\/\/secureus.se\/pl\/wp-json\/wp\/v2\/media?parent=56512"}],"wp:term":[{"taxonomy":"product_brand","embeddable":true,"href":"https:\/\/secureus.se\/pl\/wp-json\/wp\/v2\/product_brand?post=56512"},{"taxonomy":"product_cat","embeddable":true,"href":"https:\/\/secureus.se\/pl\/wp-json\/wp\/v2\/product_cat?post=56512"},{"taxonomy":"product_tag","embeddable":true,"href":"https:\/\/secureus.se\/pl\/wp-json\/wp\/v2\/product_tag?post=56512"}],"curies":[{"name":"wp","href":"https:\/\/api.w.org\/{rel}","templated":true}]}}