{"id":56513,"date":"2022-03-11T07:13:00","date_gmt":"2022-03-11T06:13:00","guid":{"rendered":"https:\/\/secureus.se\/produkt\/tidrela-12v-dc-multifunktion-18-olika-funktioner-0-1-sek-100-timmar\/"},"modified":"2026-04-20T16:25:00","modified_gmt":"2026-04-20T14:25:00","slug":"tidrela-12v-dc-multifunktion","status":"publish","type":"product","link":"https:\/\/secureus.se\/pl\/tidrela-12v-dc-multifunktion\/","title":{"rendered":"Przeka\u017anik czasowy 12 V DC Wielofunkcyjny 18 r\u00f3\u017cnych funkcji 0,1 s - 100 godzin"},"content":{"rendered":"<h1>Przeka\u017anik czasowy 12 V DC \u2013 wielofunkcyjny i o wysokiej wydajno\u015bci<\/h1>\n<p>The <strong>Przeka\u017anik czasowy 12V DC z 18 funkcjami<\/strong> to zaawansowane rozwi\u0105zanie do zarz\u0105dzania procesami czasowo-logicznymi w systemach automatyki i sterowania.<\/p>\n<p>Dzi\u0119ki wielu funkcjom i du\u017cej precyzji ten przeka\u017anik czasowy idealnie nadaje si\u0119 do sterowania zamkami, urz\u0105dzeniami elektromagnetycznymi i innymi procesami wymagaj\u0105cymi precyzyjnego zarz\u0105dzania czasem.<\/p>\n<h5>G\u0142\u00f3wne funkcje<\/h5>\n<ul>\n<li><strong>18 programowalnych funkcji czasowych<\/strong>: Elastyczno\u015b\u0107 w obs\u0142udze r\u00f3\u017cnych zastosowa\u0144, takich jak op\u00f3\u017anienia czasowe, impulsy i sterowanie cykliczne.<\/li>\n<li><strong>Przedzia\u0142 czasowy od 0,1 sekundy do 100 godzin<\/strong>: Idealny do proces\u00f3w kr\u00f3tko- i d\u0142ugoterminowych.<\/li>\n<li><strong>Wysoka pojemno\u015b\u0107<\/strong>: Przeka\u017anik o maksymalnym pr\u0105dzie prze\u0142\u0105czania 10A i maksymalnym napi\u0119ciu 250VAC\/30VDC.<\/li>\n<li><strong>Wy\u015bwietlacz LED i wskazanie optyczne<\/strong>: Przejrzyste programowanie i status w czasie rzeczywistym na wy\u015bwietlaczu LED.<\/li>\n<li><strong>\u0141atwe w obs\u0142udze programowanie<\/strong>: Trzy proste przyciski do szybkiego ustawiania funkcji i odst\u0119p\u00f3w czasowych.<\/li>\n<\/ul>\n<h5>Korzy\u015bci<\/h5>\n<ul>\n<li><strong>Niezawodne dzia\u0142anie<\/strong>: Wykorzystuje oscylatory kwarcowe w celu zapewnienia wysokiej precyzji i powtarzalno\u015bci.<\/li>\n<li><strong>Elastyczno\u015b\u0107 w u\u017cyciu<\/strong>: Mo\u017ce obs\u0142u\u017cy\u0107 zar\u00f3wno proste, jak i z\u0142o\u017cone sterowanie w systemach sterowania i bezpiecze\u0144stwa.<\/li>\n<li><strong>Trwa\u0142a konstrukcja<\/strong>: Oznaczenie CE i solidna konstrukcja odporna na temperatury robocze od -10\u00b0C do +40\u00b0C.<\/li>\n<\/ul>\n<h5>Dane techniczne<\/h5>\n<ul>\n<li><strong>Napi\u0119cie robocze<\/strong>: 10\u201316 V pr\u0105du sta\u0142ego<\/li>\n<li><strong>Maksymalny pr\u0105d prze\u0142\u0105czania<\/strong>: 10A<\/li>\n<li><strong>Wymiary<\/strong>: 120 x 43 x 22 mm<\/li>\n<li><strong>Montowanie<\/strong>: Ta\u015bma lub \u015bruby umo\u017cliwiaj\u0105ce elastyczny monta\u017c<\/li>\n<\/ul>\n<p>Z tym <strong>regulator czasowy<\/strong> otrzymujesz wszechstronne i niezawodne rozwi\u0105zanie do zarz\u0105dzania czasem w systemach automatyki i sterowania.<\/p>","protected":false},"excerpt":{"rendered":"<p>Innowacyjny przeka\u017anik czasowy 12V DC z 18 funkcjami i programowalnym przedzia\u0142em czasowym od 0,1 sekundy do 100 godzin.<\/p>\n<p>Idealny do system\u00f3w automatyki i sterowania.<\/p>","protected":false},"featured_media":145402,"template":"","meta":{"_acf_changed":false},"product_brand":[],"product_cat":[4154,1548],"product_tag":[2427,2231],"class_list":{"0":"post-56513","1":"product","2":"type-product","3":"status-publish","4":"has-post-thumbnail","6":"product_cat-tidrela","7":"product_cat-relaer-elektronik","8":"product_tag-rel-relaelektonik","9":"product_tag-tidrelaer","10":"product_shipping_class-postnord-varubrev","11":"pa_brands-pulsar","12":"tm-no-options","14":"first","15":"instock","16":"sale","17":"featured","18":"taxable","19":"shipping-taxable","20":"purchasable","21":"product-type-simple"},"acf":[],"_links":{"self":[{"href":"https:\/\/secureus.se\/pl\/wp-json\/wp\/v2\/product\/56513","targetHints":{"allow":["GET"]}}],"collection":[{"href":"https:\/\/secureus.se\/pl\/wp-json\/wp\/v2\/product"}],"about":[{"href":"https:\/\/secureus.se\/pl\/wp-json\/wp\/v2\/types\/product"}],"wp:featuredmedia":[{"embeddable":true,"href":"https:\/\/secureus.se\/pl\/wp-json\/wp\/v2\/media\/145402"}],"wp:attachment":[{"href":"https:\/\/secureus.se\/pl\/wp-json\/wp\/v2\/media?parent=56513"}],"wp:term":[{"taxonomy":"product_brand","embeddable":true,"href":"https:\/\/secureus.se\/pl\/wp-json\/wp\/v2\/product_brand?post=56513"},{"taxonomy":"product_cat","embeddable":true,"href":"https:\/\/secureus.se\/pl\/wp-json\/wp\/v2\/product_cat?post=56513"},{"taxonomy":"product_tag","embeddable":true,"href":"https:\/\/secureus.se\/pl\/wp-json\/wp\/v2\/product_tag?post=56513"}],"curies":[{"name":"wp","href":"https:\/\/api.w.org\/{rel}","templated":true}]}}