{"id":56518,"date":"2022-03-11T07:13:00","date_gmt":"2022-03-11T06:13:00","guid":{"rendered":"https:\/\/secureus.se\/produkt\/oppnaknapp-touch-exklusive-silver-aluminium\/"},"modified":"2025-12-31T19:51:47","modified_gmt":"2025-12-31T18:51:47","slug":"oppnaknapp-touch-exklusive-silver-aluminium","status":"publish","type":"product","link":"https:\/\/secureus.se\/pl\/oppnaknapp-touch-exklusive-silver-aluminium\/","title":{"rendered":"Przycisk otwieraj\u0105cy Touch Exclusive Silver \u2013 Aluminium"},"content":{"rendered":"<p>MTT jest jednym z produkt\u00f3w Mini Range.<\/p>\n<p>Seria ta oferuje unikalne cechy, takie jak ten sam estetyczny, kompaktowy wygl\u0105d obudowy i r\u00f3\u017cne kolory, odpowiednie dla ka\u017cdego \u015brodowiska.<\/p>\n<p>Czu\u0142y przycisk dotykowy MTT jest ca\u0142kowicie elektronicznym, niemechanicznym i ergonomicznie zaprojektowanym urz\u0105dzeniem steruj\u0105cym Stonehouse ACCESS.<\/p>\n<p>Mo\u017ce dzia\u0142a\u0107 jako niezale\u017cny, r\u0119cznie sterowany przycisk lub alternatywnie mo\u017ce by\u0107 pod\u0142\u0105czony do sterownika, aby u\u0142atwi\u0107 DOST\u0118P Stonehouse z bezpiecznego obszaru.<\/p>","protected":false},"excerpt":{"rendered":"<p>Przyciski otwierania \/ przyciski trcy do alarm\u00f3w, kontroli dost\u0119pu - Kontroluj sw\u00f3j zamek za pomoc\u0105 elektroniki - 500 000 otwar\u0107!<\/p>","protected":false},"featured_media":144686,"template":"","meta":{"_acf_changed":false},"product_brand":[],"product_cat":[4867],"product_tag":[3068,2937,2958],"class_list":{"0":"post-56518","1":"product","2":"type-product","3":"status-publish","4":"has-post-thumbnail","6":"product_cat-oppnaknappar-kategorier","7":"product_tag-oppnaknapp-beroringsfria","8":"product_tag-oppnaknappar","9":"product_tag-stonehouse-produkt","10":"product_shipping_class-postnord-varubrev","11":"pa_brands-stonehouse-security","12":"tm-no-options","14":"first","15":"instock","16":"sale","17":"featured","18":"taxable","19":"shipping-taxable","20":"purchasable","21":"product-type-simple"},"acf":[],"_links":{"self":[{"href":"https:\/\/secureus.se\/pl\/wp-json\/wp\/v2\/product\/56518","targetHints":{"allow":["GET"]}}],"collection":[{"href":"https:\/\/secureus.se\/pl\/wp-json\/wp\/v2\/product"}],"about":[{"href":"https:\/\/secureus.se\/pl\/wp-json\/wp\/v2\/types\/product"}],"wp:featuredmedia":[{"embeddable":true,"href":"https:\/\/secureus.se\/pl\/wp-json\/wp\/v2\/media\/144686"}],"wp:attachment":[{"href":"https:\/\/secureus.se\/pl\/wp-json\/wp\/v2\/media?parent=56518"}],"wp:term":[{"taxonomy":"product_brand","embeddable":true,"href":"https:\/\/secureus.se\/pl\/wp-json\/wp\/v2\/product_brand?post=56518"},{"taxonomy":"product_cat","embeddable":true,"href":"https:\/\/secureus.se\/pl\/wp-json\/wp\/v2\/product_cat?post=56518"},{"taxonomy":"product_tag","embeddable":true,"href":"https:\/\/secureus.se\/pl\/wp-json\/wp\/v2\/product_tag?post=56518"}],"curies":[{"name":"wp","href":"https:\/\/api.w.org\/{rel}","templated":true}]}}