{"id":56521,"date":"2022-03-11T07:13:00","date_gmt":"2022-03-11T06:13:00","guid":{"rendered":"https:\/\/secureus.se\/produkt\/tidrela-12v-0-45-sekunder-1-st-vxl-rela-m-ind\/"},"modified":"2026-03-13T19:01:57","modified_gmt":"2026-03-13T18:01:57","slug":"tidrela-12v-0-45-sekunder-1-st-vxl-rela-m-ind","status":"publish","type":"product","link":"https:\/\/secureus.se\/pl\/tidrela-12v-0-45-sekunder-1-st-vxl-rela-m-ind\/","title":{"rendered":"Przeka\u017anik czasowy 12V \u2013 0-45 sekund 1 szt. Przeka\u017anik xxl m ind."},"content":{"rendered":"<p>Czas dzia\u0142ania przeka\u017anika mo\u017cna regulowa\u0107 w zakresie od 0 do oko\u0142o 45 sekund (\/ \u2013 15 sekund).<\/p>\n<p>Dioda LED pokazuje, \u017ce przeka\u017anik jest aktywny.<\/p>\n<p>Wyj\u015bcie przeka\u017anikowe<\/p>\n<p>Opis kontakt\u00f3w:<\/p>\n<p>\u201eCOM\u201d \u2013 wyj\u015bcie wsp\u00f3lne dla wyj\u015bcia NO\/NC<\/p>\n<p>\u201eNO\u201d \u2013 wyj\u015bcie NO (normalnie otwarte)<\/p>\n<p>\u201eNC\u201d \u2013 wyj\u015bcie NC (normalnie zwarte)<\/p>\n<p>Napi\u0119cie zasilania: 12-16 VDC<\/p>\n<p>\u201eS\u201d \u2013 wej\u015bcie steruj\u0105ce.<\/p>\n<p>\u201e-S\u201d \u2013 wej\u015bcie steruj\u0105ce.<\/p>","protected":false},"excerpt":{"rendered":"<p>Czas dzia\u0142ania przeka\u017anika mo\u017cna regulowa\u0107 w zakresie od 0 do oko\u0142o 45 sekund (\/ \u2013 15 sekund). Dioda LED pokazuje, \u017ce przeka\u017anik jest aktywny. Wyj\u015bcie przeka\u017anikowe Opis styk\u00f3w: \u201eCOM\u201d \u2013 wyj\u015bcie wsp\u00f3lne dla NO \/<\/p>","protected":false},"featured_media":144666,"template":"","meta":{"_acf_changed":false},"product_brand":[],"product_cat":[4154,1548],"product_tag":[2427,2231],"class_list":{"0":"post-56521","1":"product","2":"type-product","3":"status-publish","4":"has-post-thumbnail","6":"product_cat-tidrela","7":"product_cat-relaer-elektronik","8":"product_tag-rel-relaelektonik","9":"product_tag-tidrelaer","10":"product_shipping_class-postnord-varubrev","11":"pa_brands-stonehouse-security","12":"tm-no-options","14":"first","15":"instock","16":"sale","17":"featured","18":"taxable","19":"shipping-taxable","20":"purchasable","21":"product-type-simple"},"acf":[],"_links":{"self":[{"href":"https:\/\/secureus.se\/pl\/wp-json\/wp\/v2\/product\/56521","targetHints":{"allow":["GET"]}}],"collection":[{"href":"https:\/\/secureus.se\/pl\/wp-json\/wp\/v2\/product"}],"about":[{"href":"https:\/\/secureus.se\/pl\/wp-json\/wp\/v2\/types\/product"}],"wp:featuredmedia":[{"embeddable":true,"href":"https:\/\/secureus.se\/pl\/wp-json\/wp\/v2\/media\/144666"}],"wp:attachment":[{"href":"https:\/\/secureus.se\/pl\/wp-json\/wp\/v2\/media?parent=56521"}],"wp:term":[{"taxonomy":"product_brand","embeddable":true,"href":"https:\/\/secureus.se\/pl\/wp-json\/wp\/v2\/product_brand?post=56521"},{"taxonomy":"product_cat","embeddable":true,"href":"https:\/\/secureus.se\/pl\/wp-json\/wp\/v2\/product_cat?post=56521"},{"taxonomy":"product_tag","embeddable":true,"href":"https:\/\/secureus.se\/pl\/wp-json\/wp\/v2\/product_tag?post=56521"}],"curies":[{"name":"wp","href":"https:\/\/api.w.org\/{rel}","templated":true}]}}