{"id":56522,"date":"2022-03-11T07:13:00","date_gmt":"2022-03-11T06:13:00","guid":{"rendered":"https:\/\/secureus.se\/produkt\/oppnaknapp-touch-standard-smalprofil-metall\/"},"modified":"2025-12-31T20:00:22","modified_gmt":"2025-12-31T19:00:22","slug":"oppnaknapp-touch-standard-smalprofil-metall","status":"publish","type":"product","link":"https:\/\/secureus.se\/pl\/oppnaknapp-touch-standard-smalprofil-metall\/","title":{"rendered":"Przycisk otwierania Touch Standard - w\u0105ski profil Metal, IP65, 12-36 V (NO\/NC\/COM)"},"content":{"rendered":"<p data-start=\"731\" data-end=\"1026\"><strong data-start=\"731\" data-end=\"780\">Przycisk otwierania Touch Standard \u2013 w\u0105ski profil Metal<\/strong> to wytrzyma\u0142y i elegancki przycisk otwierania przeznaczony do profesjonalnych system\u00f3w kontroli dost\u0119pu i sterowania drzwiami.<br data-start=\"876\" data-end=\"879\" \/>Przycisk jest aktywowany lekkim dotkni\u0119ciem i prze\u0142\u0105cza przeka\u017anik pomi\u0119dzy NO\/NC\/COM \u2013 bez cz\u0119\u015bci mechanicznych, co zapewnia d\u0142ug\u0105 \u017cywotno\u015b\u0107 i wysok\u0105 niezawodno\u015b\u0107 dzia\u0142ania.<\/p>\n<p data-start=\"1028\" data-end=\"1254\">Wbudowany wska\u017anik LED prze\u0142\u0105cza si\u0119 mi\u0119dzy <strong data-start=\"1072\" data-end=\"1090\">czerwony (czuwanie)<\/strong> I <strong data-start=\"1095\" data-end=\"1116\">zielony (aktywowany)<\/strong> dla wyra\u017anego przekazu wizualnego.<br data-start=\"1145\" data-end=\"1148\" \/>Budowa w <strong data-start=\"1165\" data-end=\"1179\">Stop cynku<\/strong> z <strong data-start=\"1184\" data-end=\"1209\">elektronika wype\u0142niona \u017cywic\u0105 epoksydow\u0105<\/strong> chroni przed wilgoci\u0105, kurzem i czynnikami zewn\u0119trznymi.<\/p>\n<p data-start=\"1256\" data-end=\"1484\">Dzi\u0119ki temu <strong data-start=\"1270\" data-end=\"1288\">Stopie\u0144 ochrony IP65<\/strong> I <strong data-start=\"1293\" data-end=\"1316\">kompaktowy, smuk\u0142y profil<\/strong> Mo\u017cna go montowa\u0107 zar\u00f3wno wewn\u0105trz, jak i na zewn\u0105trz, nawet w ciasnych przestrzeniach.<br data-start=\"1383\" data-end=\"1386\" \/>Nie wymaga programowania \u2013 wystarczy pod\u0142\u0105czy\u0107 przewody zasilania i przeka\u017anika, i ju\u017c jest gotowe do u\u017cycia.<\/p>\n<hr data-start=\"1486\" data-end=\"1489\" \/>\n<h3 data-start=\"1491\" data-end=\"1526\"><strong data-start=\"1498\" data-end=\"1526\">Specyfikacje techniczne<\/strong><\/h3>\n<div class=\"_tableContainer_1rjym_1\">\n<div class=\"group _tableWrapper_1rjym_13 flex w-fit flex-col-reverse\">\n<table class=\"w-fit min-w-(--thread-content-width)\" data-start=\"1527\" data-end=\"2096\">\n<thead data-start=\"1527\" data-end=\"1547\">\n<tr data-start=\"1527\" data-end=\"1547\">\n<th data-start=\"1527\" data-end=\"1538\" data-col-size=\"sm\">Nieruchomo\u015b\u0107<\/th>\n<th data-start=\"1538\" data-end=\"1547\" data-col-size=\"md\">Warto\u015b\u0107<\/th>\n<\/tr>\n<\/thead>\n<tbody data-start=\"1571\" data-end=\"2096\">\n<tr data-start=\"1571\" data-end=\"1608\">\n<td data-start=\"1571\" data-end=\"1577\" data-col-size=\"sm\">Typ<\/td>\n<td data-col-size=\"md\" data-start=\"1577\" data-end=\"1608\">Dotykowy przycisk otwierania<\/td>\n<\/tr>\n<tr data-start=\"1609\" data-end=\"1647\">\n<td data-start=\"1609\" data-end=\"1618\" data-col-size=\"sm\">Model<\/td>\n<td data-col-size=\"md\" data-start=\"1618\" data-end=\"1647\">Dotykowy standardowy w\u0105ski profil<\/td>\n<\/tr>\n<tr data-start=\"1648\" data-end=\"1682\">\n<td data-start=\"1648\" data-end=\"1659\" data-col-size=\"sm\">Tworzywo<\/td>\n<td data-col-size=\"md\" data-start=\"1659\" data-end=\"1682\">Stop cynku (metal)<\/td>\n<\/tr>\n<tr data-start=\"1683\" data-end=\"1720\">\n<td data-start=\"1683\" data-end=\"1691\" data-col-size=\"sm\">Ochrona<\/td>\n<td data-start=\"1691\" data-end=\"1720\" data-col-size=\"md\">Elektronika uszczelniona epoksydem<\/td>\n<\/tr>\n<tr data-start=\"1721\" data-end=\"1746\">\n<td data-start=\"1721\" data-end=\"1732\" data-col-size=\"sm\">Wolta\u017c<\/td>\n<td data-start=\"1732\" data-end=\"1746\" data-col-size=\"md\">12\u201336 V pr\u0105du sta\u0142ego<\/td>\n<\/tr>\n<tr data-start=\"1747\" data-end=\"1781\">\n<td data-start=\"1747\" data-end=\"1764\" data-col-size=\"sm\">Obecna pojemno\u015b\u0107<\/td>\n<td data-start=\"1764\" data-end=\"1781\" data-col-size=\"md\">3 A przy 36 V pr\u0105du sta\u0142ego<\/td>\n<\/tr>\n<tr data-start=\"1782\" data-end=\"1812\">\n<td data-start=\"1782\" data-end=\"1795\" data-col-size=\"sm\">Wyj\u015bcie przeka\u017anikowe<\/td>\n<td data-start=\"1795\" data-end=\"1812\" data-col-size=\"md\">NO \/ NC \/ COM<\/td>\n<\/tr>\n<tr data-start=\"1813\" data-end=\"1866\">\n<td data-start=\"1813\" data-end=\"1826\" data-col-size=\"sm\">Wskazanie<\/td>\n<td data-start=\"1826\" data-end=\"1866\" data-col-size=\"md\">Dioda LED: czerwona (czuwanie), zielona (aktywowana)<\/td>\n<\/tr>\n<tr data-start=\"1867\" data-end=\"1902\">\n<td data-start=\"1867\" data-end=\"1882\" data-col-size=\"sm\">Ocena IP<\/td>\n<td data-start=\"1882\" data-end=\"1902\" data-col-size=\"md\">IP65 (odporno\u015b\u0107 na zachlapanie)<\/td>\n<\/tr>\n<tr data-start=\"1903\" data-end=\"1941\">\n<td data-start=\"1903\" data-end=\"1915\" data-col-size=\"sm\">\u017bycie<\/td>\n<td data-start=\"1915\" data-end=\"1941\" data-col-size=\"md\">&gt; 500 000 aktywacji<\/td>\n<\/tr>\n<tr data-start=\"1942\" data-end=\"1968\">\n<td data-start=\"1942\" data-end=\"1949\" data-col-size=\"sm\">Mierzy\u0107<\/td>\n<td data-start=\"1949\" data-end=\"1968\" data-col-size=\"md\">80 \u00d7 32 \u00d7 16 mm<\/td>\n<\/tr>\n<tr data-start=\"1969\" data-end=\"2004\">\n<td data-start=\"1969\" data-end=\"1982\" data-col-size=\"sm\">Temperatura<\/td>\n<td data-col-size=\"md\" data-start=\"1982\" data-end=\"2004\">\u201320\u00b0C do +55\u00b0C<\/td>\n<\/tr>\n<tr data-start=\"2005\" data-end=\"2070\">\n<td data-start=\"2005\" data-end=\"2017\" data-col-size=\"sm\">Montowanie<\/td>\n<td data-col-size=\"md\" data-start=\"2017\" data-end=\"2070\">Do \u015bciany lub o\u015bcie\u017cnicy, \u0142atwy monta\u017c za pomoc\u0105 \u015bruby<\/td>\n<\/tr>\n<tr data-start=\"2071\" data-end=\"2096\">\n<td data-start=\"2071\" data-end=\"2084\" data-col-size=\"sm\">Certyfikat<\/td>\n<td data-start=\"2084\" data-end=\"2096\" data-col-size=\"md\">CE, RoHS<\/td>\n<\/tr>\n<\/tbody>\n<\/table>\n<\/div>\n<\/div>\n<hr data-start=\"2098\" data-end=\"2101\" \/>\n<h3 data-start=\"2103\" data-end=\"2122\"><strong data-start=\"2110\" data-end=\"2122\">Korzy\u015bci<\/strong><\/h3>\n<ul data-start=\"2123\" data-end=\"2474\">\n<li data-start=\"2123\" data-end=\"2183\">\n<p data-start=\"2125\" data-end=\"2183\">Obudowa metalowa (stop cynku) \u2013 odporna na zu\u017cycie i wp\u0142ywy \u015brodowiska<\/p>\n<\/li>\n<li data-start=\"2184\" data-end=\"2233\">\n<p data-start=\"2186\" data-end=\"2233\">Stopie\u0144 ochrony IP65 i uszczelnienie epoksydowe zapewniaj\u0105ce ochron\u0119 przed wilgoci\u0105<\/p>\n<\/li>\n<li data-start=\"2234\" data-end=\"2263\">\n<p data-start=\"2236\" data-end=\"2263\">Nie wymaga programowania<\/p>\n<\/li>\n<li data-start=\"2264\" data-end=\"2308\">\n<p data-start=\"2266\" data-end=\"2308\">Dioda LED do wizualnej informacji zwrotnej (czerwona\/zielona)<\/p>\n<\/li>\n<li data-start=\"2309\" data-end=\"2360\">\n<p data-start=\"2311\" data-end=\"2360\">\u0141atwa instalacja \u2013 idealna do modernizacji<\/p>\n<\/li>\n<li data-start=\"2361\" data-end=\"2421\">\n<p data-start=\"2363\" data-end=\"2421\">Kompaktowy, smuk\u0142y profil pasuje nawet tam, gdzie przestrze\u0144 jest ograniczona<\/p>\n<\/li>\n<li data-start=\"2422\" data-end=\"2474\">\n<p data-start=\"2424\" data-end=\"2474\">Pasuje do wszystkich standardowych kontroler\u00f3w z wej\u015bciem NO\/NC<\/p>\n<\/li>\n<\/ul>\n<hr data-start=\"2476\" data-end=\"2479\" \/>\n<h3 data-start=\"2481\" data-end=\"2510\"><strong data-start=\"2488\" data-end=\"2510\">Obszary zastosowa\u0144<\/strong><\/h3>\n<ul data-start=\"2511\" data-end=\"2679\">\n<li data-start=\"2511\" data-end=\"2549\">\n<p data-start=\"2513\" data-end=\"2549\">Otwieranie drzwi w systemie kontroli dost\u0119pu<\/p>\n<\/li>\n<li data-start=\"2550\" data-end=\"2589\">\n<p data-start=\"2552\" data-end=\"2589\">Bramy, bramy i automatyka drzwiowa<\/p>\n<\/li>\n<li data-start=\"2590\" data-end=\"2619\">\n<p data-start=\"2592\" data-end=\"2619\">Systemy alarmowe i bezpiecze\u0144stwa<\/p>\n<\/li>\n<li data-start=\"2620\" data-end=\"2679\">\n<p data-start=\"2622\" data-end=\"2679\">Szpitale, biura, przemys\u0142, szko\u0142y, budynki publiczne<\/p>\n<\/li>\n<\/ul>","protected":false},"excerpt":{"rendered":"<p>Dotykowy metalowy przycisk otwierania z diod\u0105 LED (czerwona\/zielona).<br data-start=\"551\" data-end=\"554\" \/>Konstrukcja o stopniu ochrony IP65, trwa\u0142a, wytrzymuj\u0105ca 500 000 aktywacji.<br data-start=\"616\" data-end=\"619\" \/>Pasuje do drzwi, bram i system\u00f3w kontroli dost\u0119pu - \u0142atwy monta\u017c, 12-36 V.<\/p>","protected":false},"featured_media":159140,"template":"","meta":{"_acf_changed":false},"product_brand":[],"product_cat":[4867],"product_tag":[3068,2937,2958],"class_list":{"0":"post-56522","1":"product","2":"type-product","3":"status-publish","4":"has-post-thumbnail","6":"product_cat-oppnaknappar-kategorier","7":"product_tag-oppnaknapp-beroringsfria","8":"product_tag-oppnaknappar","9":"product_tag-stonehouse-produkt","10":"product_shipping_class-postnord-varubrev","11":"pa_brands-stonehouse-security","12":"tm-no-options","14":"first","15":"instock","16":"sale","17":"featured","18":"taxable","19":"shipping-taxable","20":"purchasable","21":"product-type-simple"},"acf":[],"_links":{"self":[{"href":"https:\/\/secureus.se\/pl\/wp-json\/wp\/v2\/product\/56522","targetHints":{"allow":["GET"]}}],"collection":[{"href":"https:\/\/secureus.se\/pl\/wp-json\/wp\/v2\/product"}],"about":[{"href":"https:\/\/secureus.se\/pl\/wp-json\/wp\/v2\/types\/product"}],"wp:featuredmedia":[{"embeddable":true,"href":"https:\/\/secureus.se\/pl\/wp-json\/wp\/v2\/media\/159140"}],"wp:attachment":[{"href":"https:\/\/secureus.se\/pl\/wp-json\/wp\/v2\/media?parent=56522"}],"wp:term":[{"taxonomy":"product_brand","embeddable":true,"href":"https:\/\/secureus.se\/pl\/wp-json\/wp\/v2\/product_brand?post=56522"},{"taxonomy":"product_cat","embeddable":true,"href":"https:\/\/secureus.se\/pl\/wp-json\/wp\/v2\/product_cat?post=56522"},{"taxonomy":"product_tag","embeddable":true,"href":"https:\/\/secureus.se\/pl\/wp-json\/wp\/v2\/product_tag?post=56522"}],"curies":[{"name":"wp","href":"https:\/\/api.w.org\/{rel}","templated":true}]}}