{"id":56525,"date":"2022-03-11T07:13:00","date_gmt":"2022-03-11T06:13:00","guid":{"rendered":"https:\/\/secureus.se\/produkt\/oppnaknapp-touch-standard-metall\/"},"modified":"2025-12-31T19:49:19","modified_gmt":"2025-12-31T18:49:19","slug":"oppnaknapp-touch-standard-metall","status":"publish","type":"product","link":"https:\/\/secureus.se\/pl\/oppnaknapp-touch-standard-metall\/","title":{"rendered":"Przycisk otwierania dotykowy standardowy - metalowy, 12-24 V, IP65, CE\/ROHS"},"content":{"rendered":"<p data-start=\"806\" data-end=\"1128\"><strong data-start=\"806\" data-end=\"844\">Przycisk Otw\u00f3rz Dotykowy Standard \u2013 Metal<\/strong> jest trwa\u0142ym i nowoczesnym przyciskiem otwieraj\u0105cym stosowanym w systemach alarmowych, kontroli drzwi i kontroli dost\u0119pu.<br data-start=\"931\" data-end=\"934\" \/>Przycisk jest aktywowany po prostu dotykiem \u2013 nie wymaga nacisku mechanicznego. Po naci\u015bni\u0119ciu przycisku przeka\u017anik prze\u0142\u0105cza si\u0119 z wyra\u017anym d\u017awi\u0119kiem klikni\u0119cia i <strong data-start=\"1074\" data-end=\"1097\">zielona dioda LED<\/strong> zapala si\u0119 jako potwierdzenie wizualne.<\/p>\n<p data-start=\"1130\" data-end=\"1380\">Przycisk jest skonstruowany tak, aby wytrzyma\u0107 trudne warunki i d\u0142ugotrwa\u0142e u\u017cytkowanie \u2013 do <strong data-start=\"1211\" data-end=\"1235\">500 000 aktywacji<\/strong>.<br data-start=\"1236\" data-end=\"1239\" \/>Obudowa wykonana jest z <strong data-start=\"1262\" data-end=\"1291\">Stop cynku<\/strong> i wszystkie wewn\u0119trzne komponenty s\u0105 <strong data-start=\"1324\" data-end=\"1339\">wype\u0142nione \u017cywic\u0105 epoksydow\u0105<\/strong> aby by\u0142y odporne na wilgo\u0107, kurz i zu\u017cycie.<\/p>\n<h3 data-start=\"1382\" data-end=\"1400\"><strong data-start=\"1386\" data-end=\"1400\">Charakterystyka<\/strong><\/h3>\n<ul data-start=\"1401\" data-end=\"1855\">\n<li data-start=\"1401\" data-end=\"1458\">\n<p data-start=\"1403\" data-end=\"1458\">Aktywacja dotykowa \u2013 bez przycisku mechanicznego<\/p>\n<\/li>\n<li data-start=\"1459\" data-end=\"1496\">\n<p data-start=\"1461\" data-end=\"1496\">A\u017c do <strong data-start=\"1470\" data-end=\"1494\">500 000 aktywacji<\/strong><\/p>\n<\/li>\n<li data-start=\"1497\" data-end=\"1524\">\n<p data-start=\"1499\" data-end=\"1524\">Wolta\u017c: <strong data-start=\"1509\" data-end=\"1522\">12\u201324 V pr\u0105du sta\u0142ego<\/strong><\/p>\n<\/li>\n<li data-start=\"1525\" data-end=\"1562\">\n<p data-start=\"1527\" data-end=\"1562\">Wyj\u015bcie przeka\u017anikowe: <strong data-start=\"1539\" data-end=\"1560\">do 36V \/ 3A<\/strong><\/p>\n<\/li>\n<li data-start=\"1563\" data-end=\"1600\">\n<p data-start=\"1565\" data-end=\"1600\">Tworzywo: <strong data-start=\"1575\" data-end=\"1598\">Metal (stop cynku)<\/strong><\/p>\n<\/li>\n<li data-start=\"1601\" data-end=\"1641\">\n<p data-start=\"1603\" data-end=\"1641\"><strong data-start=\"1603\" data-end=\"1620\">Wype\u0142nienie epoksydowe<\/strong> do ochrony przed wilgoci\u0105<\/p>\n<\/li>\n<li data-start=\"1642\" data-end=\"1692\">\n<p data-start=\"1644\" data-end=\"1692\"><strong data-start=\"1644\" data-end=\"1660\">Stopie\u0144 ochrony IP65<\/strong> \u2013 sp\u0142ukiwalne, chroni\u0105ce przed wnikaniem wody<\/p>\n<\/li>\n<li data-start=\"1693\" data-end=\"1725\">\n<p data-start=\"1695\" data-end=\"1725\"><strong data-start=\"1695\" data-end=\"1723\">Certyfikat CE i ROHS<\/strong><\/p>\n<\/li>\n<li data-start=\"1726\" data-end=\"1789\">\n<p data-start=\"1728\" data-end=\"1789\">\u0141atwa instalacja dzi\u0119ki do\u0142\u0105czonej p\u0142ycie bazowej i 1 \u015brubie<\/p>\n<\/li>\n<li data-start=\"1790\" data-end=\"1855\">\n<p data-start=\"1792\" data-end=\"1855\">Pasuje do wi\u0119kszo\u015bci system\u00f3w sterowania drzwiami, alarm\u00f3w i kontroli dost\u0119pu<\/p>\n<\/li>\n<\/ul>\n<h3 data-start=\"1857\" data-end=\"1874\"><strong data-start=\"1861\" data-end=\"1874\">Montowanie<\/strong><\/h3>\n<p data-start=\"1875\" data-end=\"2109\">Przycisk montuje si\u0119 szybko, odkr\u0119caj\u0105c p\u0142ytk\u0119 bazow\u0105 \u015brub\u0105, mocuj\u0105c j\u0105 do \u015bciany, a nast\u0119pnie pod\u0142\u0105czaj\u0105c kable. Po pod\u0142\u0105czeniu przewod\u00f3w przycisk po prostu wskakuje z powrotem \u2013 <strong data-start=\"2057\" data-end=\"2108\">nie jest wymagane \u017cadne programowanie ani specjalne narz\u0119dzia<\/strong>.<\/p>","protected":false},"excerpt":{"rendered":"<p>Solidny metalowy przycisk otwieraj\u0105cy do system\u00f3w alarmowych i kontroli dost\u0119pu.<br data-start=\"567\" data-end=\"570\" \/>Aktywowane dotykiem \u2013 nie wymaga nacisku.<br data-start=\"614\" data-end=\"617\" \/>Stopie\u0144 ochrony IP65, praca przy napi\u0119ciu 12\u201324 V, do <strong data-start=\"654\" data-end=\"678\">500 000 aktywacji<\/strong>.<br data-start=\"679\" data-end=\"682\" \/>Wykonane z trwa\u0142ego materia\u0142u <strong data-start=\"705\" data-end=\"721\">stop cynku<\/strong> z wype\u0142nieniem epoksydowym zapewniaj\u0105cym maksymaln\u0105 ochron\u0119 przed wilgoci\u0105.<\/p>","protected":false},"featured_media":159126,"template":"","meta":{"_acf_changed":false},"product_brand":[],"product_cat":[4867],"product_tag":[3068,2937,2958],"class_list":{"0":"post-56525","1":"product","2":"type-product","3":"status-publish","4":"has-post-thumbnail","6":"product_cat-oppnaknappar-kategorier","7":"product_tag-oppnaknapp-beroringsfria","8":"product_tag-oppnaknappar","9":"product_tag-stonehouse-produkt","10":"product_shipping_class-postnord-varubrev","11":"pa_brands-stonehouse-security","12":"tm-no-options","14":"first","15":"instock","16":"sale","17":"featured","18":"taxable","19":"shipping-taxable","20":"purchasable","21":"product-type-simple"},"acf":[],"_links":{"self":[{"href":"https:\/\/secureus.se\/pl\/wp-json\/wp\/v2\/product\/56525","targetHints":{"allow":["GET"]}}],"collection":[{"href":"https:\/\/secureus.se\/pl\/wp-json\/wp\/v2\/product"}],"about":[{"href":"https:\/\/secureus.se\/pl\/wp-json\/wp\/v2\/types\/product"}],"wp:featuredmedia":[{"embeddable":true,"href":"https:\/\/secureus.se\/pl\/wp-json\/wp\/v2\/media\/159126"}],"wp:attachment":[{"href":"https:\/\/secureus.se\/pl\/wp-json\/wp\/v2\/media?parent=56525"}],"wp:term":[{"taxonomy":"product_brand","embeddable":true,"href":"https:\/\/secureus.se\/pl\/wp-json\/wp\/v2\/product_brand?post=56525"},{"taxonomy":"product_cat","embeddable":true,"href":"https:\/\/secureus.se\/pl\/wp-json\/wp\/v2\/product_cat?post=56525"},{"taxonomy":"product_tag","embeddable":true,"href":"https:\/\/secureus.se\/pl\/wp-json\/wp\/v2\/product_tag?post=56525"}],"curies":[{"name":"wp","href":"https:\/\/api.w.org\/{rel}","templated":true}]}}