{"id":56531,"date":"2022-03-11T07:13:00","date_gmt":"2022-03-11T06:13:00","guid":{"rendered":"https:\/\/secureus.se\/produkt\/stonehouse-larmplint-10-par-slits-skruv-med-sabotage\/"},"modified":"2025-12-31T19:52:14","modified_gmt":"2025-12-31T18:52:14","slug":"stonehouse-larmplint-10-par-slits-skruv-med-sabotage","status":"publish","type":"product","link":"https:\/\/secureus.se\/pl\/stonehouse-larmplint-10-par-slits-skruv-med-sabotage\/","title":{"rendered":"Zacisk alarmowy Stonehouse, 10 par gniazd\/\u015brub z zabezpieczeniem antysabota\u017cowym"},"content":{"rendered":"<p>10-parowy zacisk alarmowy z oddzielnym zaciskiem przy\u0142\u0105czeniowym dla wchodz\u0105cego kabla zasilaj\u0105cego.<\/p>\n<p>Oddzielna listwa zaciskowa dla styku sabota\u017cowego i ekranu.<\/p>\n<p>Z\u0142\u0105cze szczelinowe i z\u0142\u0105cze \u015brubowe.<\/p>\n<p>Dostawca: Stonehouse<\/p>\n<p>Po\u0142\u0105czenie: szczelina\/\u015bruba<\/p>\n<p>Pary biegun\u00f3w: 10<\/p>\n<p>Wymiary: 116x40x12 mm<\/p>","protected":false},"excerpt":{"rendered":"<p>11 par alarm\u00f3w i telebox\u00f3w w najni\u017cszych cenach w Szwecji - Dla profesjonalist\u00f3w od profesjonalist\u00f3w<\/p>","protected":false},"featured_media":144702,"template":"","meta":{"_acf_changed":false},"product_brand":[],"product_cat":[1547],"product_tag":[2205,2958],"class_list":{"0":"post-56531","1":"product","2":"type-product","3":"status-publish","4":"has-post-thumbnail","6":"product_cat-plint-larm-telebox","7":"product_tag-box-larmbox-larmplint","8":"product_tag-stonehouse-produkt","9":"product_shipping_class-postnord-varubrev","10":"pa_brands-stonehouse-security","11":"tm-no-options","13":"first","14":"instock","15":"sale","16":"featured","17":"taxable","18":"shipping-taxable","19":"purchasable","20":"product-type-simple"},"acf":[],"_links":{"self":[{"href":"https:\/\/secureus.se\/pl\/wp-json\/wp\/v2\/product\/56531","targetHints":{"allow":["GET"]}}],"collection":[{"href":"https:\/\/secureus.se\/pl\/wp-json\/wp\/v2\/product"}],"about":[{"href":"https:\/\/secureus.se\/pl\/wp-json\/wp\/v2\/types\/product"}],"wp:featuredmedia":[{"embeddable":true,"href":"https:\/\/secureus.se\/pl\/wp-json\/wp\/v2\/media\/144702"}],"wp:attachment":[{"href":"https:\/\/secureus.se\/pl\/wp-json\/wp\/v2\/media?parent=56531"}],"wp:term":[{"taxonomy":"product_brand","embeddable":true,"href":"https:\/\/secureus.se\/pl\/wp-json\/wp\/v2\/product_brand?post=56531"},{"taxonomy":"product_cat","embeddable":true,"href":"https:\/\/secureus.se\/pl\/wp-json\/wp\/v2\/product_cat?post=56531"},{"taxonomy":"product_tag","embeddable":true,"href":"https:\/\/secureus.se\/pl\/wp-json\/wp\/v2\/product_tag?post=56531"}],"curies":[{"name":"wp","href":"https:\/\/api.w.org\/{rel}","templated":true}]}}