{"id":56535,"date":"2022-03-11T07:13:00","date_gmt":"2022-03-11T06:13:00","guid":{"rendered":"https:\/\/secureus.se\/produkt\/karmoverforing-19-5-mm-i-zink-metall\/"},"modified":"2026-02-02T14:37:20","modified_gmt":"2026-02-02T13:37:20","slug":"karmoverforing-19-5-mm-i-zink-metall","status":"publish","type":"product","link":"https:\/\/secureus.se\/pl\/karmoverforing-19-5-mm-i-zink-metall\/","title":{"rendered":"Transfer ramki \u2013 19,5 mm w cynku\/metalu DLK-403C"},"content":{"rendered":"<p>Rozmiar \u2013 410 mm x 19,5 mm (szer.).<\/p>\n<p>Przesy\u0142anie ramek w celu zapobiegania sabota\u017cowi kabla.<\/p>","protected":false},"excerpt":{"rendered":"<p>Storlek &#8211; 410 mm x 19.5 mm (W). Karm\u00f6verf\u00f6ring f\u00f6r att f\u00f6rhindra sabotage p\u00e5 kabel.<\/p>","protected":false},"featured_media":141096,"template":"","meta":{"_acf_changed":false},"product_brand":[],"product_cat":[1508,1546],"product_tag":[2417,2421,2958],"class_list":{"0":"post-56535","1":"product","2":"type-product","3":"status-publish","4":"has-post-thumbnail","6":"product_cat-kabel-installation","7":"product_cat-kabeloverforing","8":"product_tag-rel-abloy-ellas","9":"product_tag-rel-installationstillbehor","10":"product_tag-stonehouse-produkt","11":"product_shipping_class-postnord-varubrev","12":"pa_brands-stonehouse-security","13":"tm-no-options","15":"first","16":"instock","17":"sale","18":"featured","19":"taxable","20":"shipping-taxable","21":"purchasable","22":"product-type-simple"},"acf":[],"_links":{"self":[{"href":"https:\/\/secureus.se\/pl\/wp-json\/wp\/v2\/product\/56535","targetHints":{"allow":["GET"]}}],"collection":[{"href":"https:\/\/secureus.se\/pl\/wp-json\/wp\/v2\/product"}],"about":[{"href":"https:\/\/secureus.se\/pl\/wp-json\/wp\/v2\/types\/product"}],"wp:featuredmedia":[{"embeddable":true,"href":"https:\/\/secureus.se\/pl\/wp-json\/wp\/v2\/media\/141096"}],"wp:attachment":[{"href":"https:\/\/secureus.se\/pl\/wp-json\/wp\/v2\/media?parent=56535"}],"wp:term":[{"taxonomy":"product_brand","embeddable":true,"href":"https:\/\/secureus.se\/pl\/wp-json\/wp\/v2\/product_brand?post=56535"},{"taxonomy":"product_cat","embeddable":true,"href":"https:\/\/secureus.se\/pl\/wp-json\/wp\/v2\/product_cat?post=56535"},{"taxonomy":"product_tag","embeddable":true,"href":"https:\/\/secureus.se\/pl\/wp-json\/wp\/v2\/product_tag?post=56535"}],"curies":[{"name":"wp","href":"https:\/\/api.w.org\/{rel}","templated":true}]}}