{"id":56536,"date":"2022-03-11T07:13:00","date_gmt":"2022-03-11T06:13:00","guid":{"rendered":"https:\/\/secureus.se\/produkt\/rela-12-vdc-2-vxl-relaer-avsakrad-indikering\/"},"modified":"2026-04-17T14:46:51","modified_gmt":"2026-04-17T12:46:51","slug":"rela-12-vdc-2-vxl-relaer-avsakrad-indikering","status":"publish","type":"product","link":"https:\/\/secureus.se\/pl\/rela-12-vdc-2-vxl-relaer-avsakrad-indikering\/","title":{"rendered":"UPK-2.1 Przeka\u017anik EWIMAR 12 VDC 2 przeka\u017aniki prze\u0142\u0105czne \u2013 Bezpieczniki + sygnalizacja"},"content":{"rendered":"<p>Zasilanie: 12VDC<\/p>\n<p>Maksymalne prze\u0142\u0105czane napi\u0119cie: 30VDC\/AC<\/p>\n<p>Moc wyj\u015bciowa: 2A<\/p>\n<p>Maksymalny pr\u0105d bezpiecznika: 2A przy 12VDC<\/p>\n<p>Pob\u00f3r pr\u0105du: 28mA przy 12VDC<\/p>\n<p>Sygnalizacja za pomoc\u0105 czerwonej diody LED<\/p>","protected":false},"excerpt":{"rendered":"<p>Zasilanie: 12 VDC Maksymalne prze\u0142\u0105czane napi\u0119cie: 30 VDC \/ AC Moc wyj\u015bciowa: 2 A Maksymalny pr\u0105d bezpiecznika: 2 A przy 12 VDC Pob\u00f3r pr\u0105du: 28 mA przy 12 VDC Wskazanie czerwonej diody LED<\/p>","protected":false},"featured_media":145383,"template":"","meta":{"_acf_changed":false},"product_brand":[],"product_cat":[4151,1548],"product_tag":[2427,2229],"class_list":{"0":"post-56536","1":"product","2":"type-product","3":"status-publish","4":"has-post-thumbnail","6":"product_cat-rela-12-volt","7":"product_cat-relaer-elektronik","8":"product_tag-rel-relaelektonik","9":"product_tag-rela-12v","10":"product_shipping_class-postnord-varubrev","11":"pa_brands-ewimar","12":"tm-no-options","14":"first","15":"instock","16":"sale","17":"featured","18":"taxable","19":"shipping-taxable","20":"purchasable","21":"product-type-simple"},"acf":[],"_links":{"self":[{"href":"https:\/\/secureus.se\/pl\/wp-json\/wp\/v2\/product\/56536","targetHints":{"allow":["GET"]}}],"collection":[{"href":"https:\/\/secureus.se\/pl\/wp-json\/wp\/v2\/product"}],"about":[{"href":"https:\/\/secureus.se\/pl\/wp-json\/wp\/v2\/types\/product"}],"wp:featuredmedia":[{"embeddable":true,"href":"https:\/\/secureus.se\/pl\/wp-json\/wp\/v2\/media\/145383"}],"wp:attachment":[{"href":"https:\/\/secureus.se\/pl\/wp-json\/wp\/v2\/media?parent=56536"}],"wp:term":[{"taxonomy":"product_brand","embeddable":true,"href":"https:\/\/secureus.se\/pl\/wp-json\/wp\/v2\/product_brand?post=56536"},{"taxonomy":"product_cat","embeddable":true,"href":"https:\/\/secureus.se\/pl\/wp-json\/wp\/v2\/product_cat?post=56536"},{"taxonomy":"product_tag","embeddable":true,"href":"https:\/\/secureus.se\/pl\/wp-json\/wp\/v2\/product_tag?post=56536"}],"curies":[{"name":"wp","href":"https:\/\/api.w.org\/{rel}","templated":true}]}}