{"id":56537,"date":"2022-03-11T07:13:00","date_gmt":"2022-03-11T06:13:00","guid":{"rendered":"https:\/\/secureus.se\/produkt\/stonehouse-larmbox-10-par-slits-slits\/"},"modified":"2026-03-18T07:45:05","modified_gmt":"2026-03-18T06:45:05","slug":"stonehouse-larmbox-10-par-slits-slits","status":"publish","type":"product","link":"https:\/\/secureus.se\/pl\/stonehouse-larmbox-10-par-slits-slits\/","title":{"rendered":"Skrzynka alarmowa Stonehouse, 10 par gniazd\/gniazdo"},"content":{"rendered":"<p>Skrzynka alarmowa na 10 par z oddzielnym zaciskiem przy\u0142\u0105czeniowym dla wchodz\u0105cego kabla zasilaj\u0105cego.<\/p>\n<p>Oddzielna listwa zaciskowa dla w\u0142\u0105cznika zabezpieczaj\u0105cego i ekranu.<\/p>\n<p>Z\u0142\u0105cze wej\u015bciowe i z\u0142\u0105cze wyj\u015bciowe. Dostawca: Stonehouse<\/p>\n<p>Nale\u017cy pami\u0119ta\u0107, \u017ce na pude\u0142ku mo\u017cna r\u00f3wnie\u017c wygrawerowa\u0107 numery lub logo, zgodnie z poni\u017cszymi opcjami.<\/p>\n<p>Po\u0142\u0105czenie: gniazdo \/ gniazdo<\/p>\n<p>Pary biegun\u00f3w: 10<\/p>\n<p>Wymiary: 133x72x50 mm<\/p>","protected":false},"excerpt":{"rendered":"<p>10 par alarm\u00f3w i telebox\u00f3w w najni\u017cszych cenach w Szwecji - Dla profesjonalist\u00f3w od profesjonalist\u00f3w<\/p>","protected":false},"featured_media":144819,"template":"","meta":{"_acf_changed":false},"product_brand":[],"product_cat":[1547],"product_tag":[2205,2989,2958],"class_list":{"0":"post-56537","1":"product","2":"type-product","3":"status-publish","4":"has-post-thumbnail","6":"product_cat-plint-larm-telebox","7":"product_tag-box-larmbox-larmplint","8":"product_tag-egen-logo-ej-taggar-kort","9":"product_tag-stonehouse-produkt","10":"product_shipping_class-postnord-varubrev","11":"pa_brands-stonehouse-security","12":"tm-no-options","14":"first","15":"instock","16":"sale","17":"featured","18":"taxable","19":"shipping-taxable","20":"purchasable","21":"product-type-simple"},"acf":[],"_links":{"self":[{"href":"https:\/\/secureus.se\/pl\/wp-json\/wp\/v2\/product\/56537","targetHints":{"allow":["GET"]}}],"collection":[{"href":"https:\/\/secureus.se\/pl\/wp-json\/wp\/v2\/product"}],"about":[{"href":"https:\/\/secureus.se\/pl\/wp-json\/wp\/v2\/types\/product"}],"wp:featuredmedia":[{"embeddable":true,"href":"https:\/\/secureus.se\/pl\/wp-json\/wp\/v2\/media\/144819"}],"wp:attachment":[{"href":"https:\/\/secureus.se\/pl\/wp-json\/wp\/v2\/media?parent=56537"}],"wp:term":[{"taxonomy":"product_brand","embeddable":true,"href":"https:\/\/secureus.se\/pl\/wp-json\/wp\/v2\/product_brand?post=56537"},{"taxonomy":"product_cat","embeddable":true,"href":"https:\/\/secureus.se\/pl\/wp-json\/wp\/v2\/product_cat?post=56537"},{"taxonomy":"product_tag","embeddable":true,"href":"https:\/\/secureus.se\/pl\/wp-json\/wp\/v2\/product_tag?post=56537"}],"curies":[{"name":"wp","href":"https:\/\/api.w.org\/{rel}","templated":true}]}}