{"id":56543,"date":"2022-03-11T07:13:00","date_gmt":"2022-03-11T06:13:00","guid":{"rendered":"https:\/\/secureus.se\/produkt\/stonehouse-larmbox-10-par-skruv-skruv\/"},"modified":"2026-02-10T16:08:55","modified_gmt":"2026-02-10T15:08:55","slug":"larmbox-10-par-skruv-skruv-stonehouse","status":"publish","type":"product","link":"https:\/\/secureus.se\/pl\/larmbox-10-par-skruv-skruv-stonehouse\/","title":{"rendered":"Skrzynka alarmowa 10 par \u015brub\/\u015brub Stonehouse"},"content":{"rendered":"<p>Skrzynka alarmowa na 10 par z oddzielnym zaciskiem przy\u0142\u0105czeniowym dla wchodz\u0105cego kabla zasilaj\u0105cego.<\/p>\n<p>Oddzielna listwa zaciskowa dla w\u0142\u0105cznika zabezpieczaj\u0105cego i ekranu.<\/p>\n<p>Wkr\u0119ci\u0107 i wykr\u0119ci\u0107 po\u0142\u0105czenie.<\/p>\n<p>Nale\u017cy pami\u0119ta\u0107, \u017ce na pude\u0142ku mo\u017cna r\u00f3wnie\u017c wygrawerowa\u0107 numery lub logo, zgodnie z poni\u017cszymi opcjami.<\/p>\n<p>Dostawca: Stonehouse<\/p>\n<p>Po\u0142\u0105czenie: \u015bruba \/ \u015bruba<\/p>\n<p>Pary biegun\u00f3w: 10<\/p>\n<p>Wymiary: 133x72x50 mm<\/p>","protected":false},"excerpt":{"rendered":"<p>10 par alarm\u00f3w i telebox\u00f3w w najni\u017cszych cenach w Szwecji - Dla profesjonalist\u00f3w od profesjonalist\u00f3w<\/p>","protected":false},"featured_media":144838,"template":"","meta":{"_acf_changed":false},"product_brand":[],"product_cat":[1547],"product_tag":[2205,2989,2421,2958],"class_list":{"0":"post-56543","1":"product","2":"type-product","3":"status-publish","4":"has-post-thumbnail","6":"product_cat-plint-larm-telebox","7":"product_tag-box-larmbox-larmplint","8":"product_tag-egen-logo-ej-taggar-kort","9":"product_tag-rel-installationstillbehor","10":"product_tag-stonehouse-produkt","11":"product_shipping_class-postnord-varubrev","12":"pa_brands-stonehouse-security","13":"tm-no-options","15":"first","16":"instock","17":"sale","18":"featured","19":"taxable","20":"shipping-taxable","21":"purchasable","22":"product-type-simple"},"acf":[],"_links":{"self":[{"href":"https:\/\/secureus.se\/pl\/wp-json\/wp\/v2\/product\/56543","targetHints":{"allow":["GET"]}}],"collection":[{"href":"https:\/\/secureus.se\/pl\/wp-json\/wp\/v2\/product"}],"about":[{"href":"https:\/\/secureus.se\/pl\/wp-json\/wp\/v2\/types\/product"}],"wp:featuredmedia":[{"embeddable":true,"href":"https:\/\/secureus.se\/pl\/wp-json\/wp\/v2\/media\/144838"}],"wp:attachment":[{"href":"https:\/\/secureus.se\/pl\/wp-json\/wp\/v2\/media?parent=56543"}],"wp:term":[{"taxonomy":"product_brand","embeddable":true,"href":"https:\/\/secureus.se\/pl\/wp-json\/wp\/v2\/product_brand?post=56543"},{"taxonomy":"product_cat","embeddable":true,"href":"https:\/\/secureus.se\/pl\/wp-json\/wp\/v2\/product_cat?post=56543"},{"taxonomy":"product_tag","embeddable":true,"href":"https:\/\/secureus.se\/pl\/wp-json\/wp\/v2\/product_tag?post=56543"}],"curies":[{"name":"wp","href":"https:\/\/api.w.org\/{rel}","templated":true}]}}