{"id":56547,"date":"2022-03-11T07:13:00","date_gmt":"2022-03-11T06:13:00","guid":{"rendered":"https:\/\/secureus.se\/produkt\/kopplingsdosa-11-par-slits\/"},"modified":"2026-01-19T12:55:29","modified_gmt":"2026-01-19T11:55:29","slug":"kopplingsdosa-mz-2-ct-11-par-slits","status":"publish","type":"product","link":"https:\/\/secureus.se\/pl\/kopplingsdosa-mz-2-ct-11-par-slits\/","title":{"rendered":"Puszka przy\u0142\u0105czeniowa MZ-2 CT 11 par szczelinowa"},"content":{"rendered":"<h1>MZ-2 CT \u2013 Puszka przy\u0142\u0105czeniowa z gniazdem i zabezpieczeniem antysabota\u017cowym<\/h1>\n<p>MZ-2 CT to uniwersalna puszka przy\u0142\u0105czeniowa przeznaczona do instalacji niskonapi\u0119ciowych, np. system\u00f3w bezpiecze\u0144stwa i alarmowych.<\/p>\n<p>Dzi\u0119ki 11 parom styk\u00f3w szczelinowych i wy\u0142\u0105cznikowi antysabota\u017cowemu oferuje bezpieczne i wydajne rozwi\u0105zanie do pod\u0142\u0105czania kabli elektrycznych.<\/p>\n<p>Cechy miernika MZ-2 CT czyni\u0105 go niezast\u0105pionym elementem profesjonalnych instalacji.<\/p>\n<p>Ponumerowane po\u0142\u0105czenia u\u0142atwiaj\u0105 identyfikacj\u0119 i organizacj\u0119 kabli, oszcz\u0119dzaj\u0105c czas i zmniejszaj\u0105c ryzyko pope\u0142nienia b\u0142\u0119d\u00f3w.<\/p>\n<p>Ponadto zabezpieczenie antysabota\u017cowe stanowi dodatkow\u0105 warstw\u0119 bezpiecze\u0144stwa, idealn\u0105 w przypadku wra\u017cliwych instalacji, w kt\u00f3rych niezawodno\u015b\u0107 ma kluczowe znaczenie.<\/p>\n<p><strong>Kluczowe funkcje:<\/strong><\/p>\n<ul>\n<li><strong>11 par styk\u00f3w gniazdowych<\/strong>: Do \u0142atwego i szybkiego \u0142\u0105czenia wielu kabli.<\/li>\n<li><strong>Zabezpieczenie przed manipulacj\u0105<\/strong>: Wbudowany prze\u0142\u0105cznik zabezpieczaj\u0105cy przed nieautoryzowanym dost\u0119pem.<\/li>\n<li><strong>Kompaktowa konstrukcja<\/strong>: Wymiary wynosz\u0105ce zaledwie 89 x 28 x 30 mm u\u0142atwiaj\u0105 monta\u017c w ciasnych miejscach.<\/li>\n<li><strong>Wysoka wydajno\u015b\u0107<\/strong>:Obs\u0142uguje napi\u0119cie do 24 V AC\/DC i pr\u0105d o nat\u0119\u017ceniu 500 mA.<\/li>\n<\/ul>\n<p><strong>Obszary zastosowania:<\/strong> Przek\u0142adnik MZ-2 CT doskonale nadaje si\u0119 do system\u00f3w bezpiecze\u0144stwa i alarmowych, instalacji domofonowych i innych zastosowa\u0144 niskonapi\u0119ciowych.<\/p>\n<p>Instalacja jest prosta i \u0142atwa.<\/p>\n<p>Solidna konstrukcja i zabezpieczenie przed manipulacj\u0105 sprawiaj\u0105, \u017ce MZ-2 CT jest doskona\u0142ym wyborem zar\u00f3wno do obiekt\u00f3w mieszkalnych, jak i komercyjnych.<\/p>","protected":false},"excerpt":{"rendered":"<p>Puszka przy\u0142\u0105czeniowa MZ-2 CT jest wydajnym rozwi\u0105zaniem dla instalacji niskonapi\u0119ciowych.<\/p>\n<p>Dzi\u0119ki 11 parom styk\u00f3w gniazdowych i wy\u0142\u0105cznikom antysabota\u017cowym umo\u017cliwia szybkie i bezpieczne pod\u0142\u0105czenie przewod\u00f3w w systemach bezpiecze\u0144stwa i alarmowych.<\/p>","protected":false},"featured_media":144731,"template":"","meta":{"_acf_changed":false},"product_brand":[],"product_cat":[1545],"product_tag":[2220,2421],"class_list":{"0":"post-56547","1":"product","2":"type-product","3":"status-publish","4":"has-post-thumbnail","6":"product_cat-kopplingsdosa-larmdosa","7":"product_tag-dosor-rekommenderade-lagt-pris","8":"product_tag-rel-installationstillbehor","9":"product_shipping_class-postnord-varubrev","10":"pa_brands-satel","11":"tm-no-options","13":"first","14":"instock","15":"sale","16":"featured","17":"taxable","18":"shipping-taxable","19":"purchasable","20":"product-type-simple"},"acf":[],"_links":{"self":[{"href":"https:\/\/secureus.se\/pl\/wp-json\/wp\/v2\/product\/56547","targetHints":{"allow":["GET"]}}],"collection":[{"href":"https:\/\/secureus.se\/pl\/wp-json\/wp\/v2\/product"}],"about":[{"href":"https:\/\/secureus.se\/pl\/wp-json\/wp\/v2\/types\/product"}],"wp:featuredmedia":[{"embeddable":true,"href":"https:\/\/secureus.se\/pl\/wp-json\/wp\/v2\/media\/144731"}],"wp:attachment":[{"href":"https:\/\/secureus.se\/pl\/wp-json\/wp\/v2\/media?parent=56547"}],"wp:term":[{"taxonomy":"product_brand","embeddable":true,"href":"https:\/\/secureus.se\/pl\/wp-json\/wp\/v2\/product_brand?post=56547"},{"taxonomy":"product_cat","embeddable":true,"href":"https:\/\/secureus.se\/pl\/wp-json\/wp\/v2\/product_cat?post=56547"},{"taxonomy":"product_tag","embeddable":true,"href":"https:\/\/secureus.se\/pl\/wp-json\/wp\/v2\/product_tag?post=56547"}],"curies":[{"name":"wp","href":"https:\/\/api.w.org\/{rel}","templated":true}]}}