{"id":56550,"date":"2022-03-11T07:13:00","date_gmt":"2022-03-11T06:13:00","guid":{"rendered":"https:\/\/secureus.se\/produkt\/kopplingsdosa-18-skruvar-25-mm2-sabotage\/"},"modified":"2025-12-31T20:01:46","modified_gmt":"2025-12-31T19:01:46","slug":"kopplingsdosa-mz-2-l18-skruvar","status":"publish","type":"product","link":"https:\/\/secureus.se\/pl\/kopplingsdosa-mz-2-l18-skruvar\/","title":{"rendered":"Puszka przy\u0142\u0105czeniowa MZ-2 L 18 \u015brub 2,5 mm2 + sabota\u017c"},"content":{"rendered":"<h1>MZ-2 L \u2013 Puszka przy\u0142\u0105czeniowa z 18 \u015brubami i zabezpieczeniem antysabota\u017cowym<\/h1>\n<p>Puszka przy\u0142\u0105czeniowa MZ-2 L firmy SATEL to uniwersalna puszka \u0142\u0105cz\u0105ca w sobie elastyczno\u015b\u0107 i bezpiecze\u0144stwo dla instalacji niskonapi\u0119ciowych.<\/p>\n<p>Dzi\u0119ki 18 ponumerowanym zaciskom \u015brubowym umo\u017cliwia \u0142atwe i uporz\u0105dkowane pod\u0142\u0105czanie przewod\u00f3w elektrycznych w systemach alarmowych i innych zastosowaniach.<\/p>\n<p>Urz\u0105dzenie zosta\u0142o zaprojektowane tak, aby spe\u0142nia\u0107 najwy\u017csze standardy. Posiada wbudowany czujnik antysabota\u017cowy, kt\u00f3ry gwarantuje natychmiastowe wykrycie nieautoryzowanego dost\u0119pu.<\/p>\n<p>Solidna konstrukcja i \u0142atwo\u015b\u0107 monta\u017cu sprawiaj\u0105, \u017ce system ten idealnie nadaje si\u0119 do budynk\u00f3w mieszkalnych i komercyjnych.<\/p>\n<p><strong>Funkcje i zalety:<\/strong><\/p>\n<ul>\n<li><strong>18 Zacisk\u00f3w \u015brubowych:<\/strong> \u0141atwa identyfikacja i pod\u0142\u0105czanie kabli.<\/li>\n<li><strong>Wy\u0142\u0105cznik antysabota\u017cowy:<\/strong> Zapewnia dodatkow\u0105 warstw\u0119 bezpiecze\u0144stwa.<\/li>\n<li><strong>Wysoka pojemno\u015b\u0107:<\/strong> Obs\u0142uguje napi\u0119cie do 24 V AC\/DC i nat\u0119\u017cenie do 500 mA.<\/li>\n<li><strong>Numerowane terminale:<\/strong> Do szybkiej i dok\u0142adnej identyfikacji.<\/li>\n<li><strong>\u0141atwy w instalacji:<\/strong> Do stosowania wewn\u0105trz pomieszcze\u0144, szybki monta\u017c.<\/li>\n<\/ul>\n<p>Niezale\u017cnie od tego, czy chodzi o systemy bezpiecze\u0144stwa, czy inne instalacje elektryczne, MZ-2 L oferuje niezawodno\u015b\u0107 i bezpiecze\u0144stwo w ka\u017cdym szczeg\u00f3le.<\/p>","protected":false},"excerpt":{"rendered":"<p>Puszka przy\u0142\u0105czeniowa MZ-2 L z 18 zaciskami \u015brubowymi do instalacji niskonapi\u0119ciowych.<\/p>\n<p>Idealny do system\u00f3w alarmowych, z wy\u0142\u0105cznikiem antysabota\u017cowym zapewniaj\u0105cym dodatkow\u0105 ochron\u0119 i \u0142atw\u0105 identyfikacj\u0119.<\/p>","protected":false},"featured_media":145012,"template":"","meta":{"_acf_changed":false},"product_brand":[],"product_cat":[1545],"product_tag":[2220,2417,2421],"class_list":{"0":"post-56550","1":"product","2":"type-product","3":"status-publish","4":"has-post-thumbnail","6":"product_cat-kopplingsdosa-larmdosa","7":"product_tag-dosor-rekommenderade-lagt-pris","8":"product_tag-rel-abloy-ellas","9":"product_tag-rel-installationstillbehor","10":"product_shipping_class-postnord-varubrev","11":"pa_brands-satel","12":"tm-no-options","14":"first","15":"instock","16":"sale","17":"featured","18":"taxable","19":"shipping-taxable","20":"purchasable","21":"product-type-simple"},"acf":[],"_links":{"self":[{"href":"https:\/\/secureus.se\/pl\/wp-json\/wp\/v2\/product\/56550","targetHints":{"allow":["GET"]}}],"collection":[{"href":"https:\/\/secureus.se\/pl\/wp-json\/wp\/v2\/product"}],"about":[{"href":"https:\/\/secureus.se\/pl\/wp-json\/wp\/v2\/types\/product"}],"wp:featuredmedia":[{"embeddable":true,"href":"https:\/\/secureus.se\/pl\/wp-json\/wp\/v2\/media\/145012"}],"wp:attachment":[{"href":"https:\/\/secureus.se\/pl\/wp-json\/wp\/v2\/media?parent=56550"}],"wp:term":[{"taxonomy":"product_brand","embeddable":true,"href":"https:\/\/secureus.se\/pl\/wp-json\/wp\/v2\/product_brand?post=56550"},{"taxonomy":"product_cat","embeddable":true,"href":"https:\/\/secureus.se\/pl\/wp-json\/wp\/v2\/product_cat?post=56550"},{"taxonomy":"product_tag","embeddable":true,"href":"https:\/\/secureus.se\/pl\/wp-json\/wp\/v2\/product_tag?post=56550"}],"curies":[{"name":"wp","href":"https:\/\/api.w.org\/{rel}","templated":true}]}}