{"id":56553,"date":"2022-03-11T07:13:00","date_gmt":"2022-03-11T06:13:00","guid":{"rendered":"https:\/\/secureus.se\/produkt\/kopplingsdosa-18-skruvar-sabotage\/"},"modified":"2025-12-31T20:01:59","modified_gmt":"2025-12-31T19:01:59","slug":"kopplingsdosa-mz-2-s-18-skruvar","status":"publish","type":"product","link":"https:\/\/secureus.se\/pl\/kopplingsdosa-mz-2-s-18-skruvar\/","title":{"rendered":"Puszka przy\u0142\u0105czeniowa MZ-2 S 18 \u015brub + tamper"},"content":{"rendered":"<h1>Skrzynka przy\u0142\u0105czeniowa MZ-2 S \u2013 bezpieczna i wydajna dla instalacji niskonapi\u0119ciowych<\/h1>\n<p>MZ-2 S to uniwersalna puszka przy\u0142\u0105czeniowa przeznaczona do instalacji niskonapi\u0119ciowych, np. system\u00f3w bezpiecze\u0144stwa i rozwi\u0105za\u0144 domofonowych.<\/p>\n<p>Dzi\u0119ki 18 ponumerowanym zaciskom \u015brubowym i solidnej konstrukcji oferuje najwy\u017csz\u0105 niezawodno\u015b\u0107 i \u0142atwo\u015b\u0107 u\u017cytkowania.<\/p>\n<p>Wyposa\u017cono go w wy\u0142\u0105cznik antysabota\u017cowy gwarantuj\u0105cy bezpiecze\u0144stwo systemu.<\/p>\n<p>Kompaktowa konstrukcja u\u0142atwia monta\u017c i jest kompatybilna z r\u00f3\u017cnymi rozwi\u0105zaniami niskonapi\u0119ciowymi.<\/p>\n<h4>Funkcje i zalety:<\/h4>\n<ul>\n<li><strong>18 zacisk\u00f3w \u015brubowych<\/strong>: Ponumerowane w celu \u0142atwej identyfikacji i \u0142\u0105czenia.<\/li>\n<li><strong>Zabezpieczenie przed manipulacj\u0105<\/strong>:Wy\u0142\u0105cznik antysabota\u017cowy zapewniaj\u0105cy wi\u0119ksze bezpiecze\u0144stwo.<\/li>\n<li><strong>Wysoka pojemno\u015b\u0107<\/strong>:Mo\u017ce obs\u0142ugiwa\u0107 napi\u0119cie do 24 V AC\/DC i pr\u0105d do 500 mA.<\/li>\n<li><strong>Solidna konstrukcja<\/strong>: Nadaje si\u0119 do instalacji wewn\u0105trz pomieszcze\u0144.<\/li>\n<li><strong>Przyjazny dla u\u017cytkownika<\/strong>:\u0141atwa instalacja i szybkie pod\u0142\u0105czenie kabla.<\/li>\n<\/ul>\n<h4>Dane techniczne:<\/h4>\n<ul>\n<li><strong>Wolta\u017c<\/strong>: 12\u201324 V pr\u0105du przemiennego\/sta\u0142ego \u00b110%<\/li>\n<li><strong>Maksymalny pr\u0105d<\/strong>: 500mA<\/li>\n<li><strong>Wymiary<\/strong>: 89 x 28 x 30 mm<\/li>\n<li><strong>Tworzywo<\/strong>:Trwa\u0142y plastik<\/li>\n<li><strong>Wy\u0142\u0105cznik antysabota\u017cowy<\/strong>: Tak<\/li>\n<\/ul>\n<p>MZ-2 S to doskona\u0142y wyb\u00f3r do zastosowa\u0144 komercyjnych i domowych, w kt\u00f3rych wymagane jest bezpiecze\u0144stwo i wydajno\u015b\u0107.<\/p>\n<p>Upewnij si\u0119, \u017ce Twoje systemy s\u0105 prawid\u0142owo pod\u0142\u0105czone i chronione dzi\u0119ki tej wysokiej jako\u015bci puszce przy\u0142\u0105czeniowej.<\/p>","protected":false},"excerpt":{"rendered":"<p>MZ-2 S to bezpieczna i uniwersalna puszka przy\u0142\u0105czeniowa do instalacji niskonapi\u0119ciowych.<\/p>\n<p>Dzi\u0119ki 18 zaciskom \u015brubowym, wy\u0142\u0105cznikowi antysabota\u017cowemu i solidnej konstrukcji idealnie nadaje si\u0119 do system\u00f3w bezpiecze\u0144stwa i innych zastosowa\u0144.<\/p>","protected":false},"featured_media":144737,"template":"","meta":{"_acf_changed":false},"product_brand":[],"product_cat":[1545],"product_tag":[2220,2421],"class_list":{"0":"post-56553","1":"product","2":"type-product","3":"status-publish","4":"has-post-thumbnail","6":"product_cat-kopplingsdosa-larmdosa","7":"product_tag-dosor-rekommenderade-lagt-pris","8":"product_tag-rel-installationstillbehor","9":"product_shipping_class-postnord-varubrev","10":"pa_brands-satel","11":"tm-no-options","13":"first","14":"instock","15":"sale","16":"featured","17":"taxable","18":"shipping-taxable","19":"purchasable","20":"product-type-simple"},"acf":[],"_links":{"self":[{"href":"https:\/\/secureus.se\/pl\/wp-json\/wp\/v2\/product\/56553","targetHints":{"allow":["GET"]}}],"collection":[{"href":"https:\/\/secureus.se\/pl\/wp-json\/wp\/v2\/product"}],"about":[{"href":"https:\/\/secureus.se\/pl\/wp-json\/wp\/v2\/types\/product"}],"wp:featuredmedia":[{"embeddable":true,"href":"https:\/\/secureus.se\/pl\/wp-json\/wp\/v2\/media\/144737"}],"wp:attachment":[{"href":"https:\/\/secureus.se\/pl\/wp-json\/wp\/v2\/media?parent=56553"}],"wp:term":[{"taxonomy":"product_brand","embeddable":true,"href":"https:\/\/secureus.se\/pl\/wp-json\/wp\/v2\/product_brand?post=56553"},{"taxonomy":"product_cat","embeddable":true,"href":"https:\/\/secureus.se\/pl\/wp-json\/wp\/v2\/product_cat?post=56553"},{"taxonomy":"product_tag","embeddable":true,"href":"https:\/\/secureus.se\/pl\/wp-json\/wp\/v2\/product_tag?post=56553"}],"curies":[{"name":"wp","href":"https:\/\/api.w.org\/{rel}","templated":true}]}}