{"id":56855,"date":"2022-03-10T16:24:00","date_gmt":"2022-03-10T15:24:00","guid":{"rendered":"https:\/\/secureus.se\/produkt\/skyddsglas-till-larmknapp-rod-gron-modell-lk50-g-lk50-r\/"},"modified":"2026-02-21T12:54:18","modified_gmt":"2026-02-21T11:54:18","slug":"skyddsglas-till-larmknapp-rod-gron-modell-lk50-g-lk50-r","status":"publish","type":"product","link":"https:\/\/secureus.se\/pl\/skyddsglas-till-larmknapp-rod-gron-modell-lk50-g-lk50-r\/","title":{"rendered":"Plastikowe szk\u0142o ochronne do przycisku alarmowego czerwono-zielonego model LK50"},"content":{"rendered":"<p>Szk\u0142o ochronne plastikowe do przycisku alarmowego czerwono-zielonego typu LK-5G i LK-5<\/p>\n<p>&nbsp;<\/p>","protected":false},"excerpt":{"rendered":"<p>Przycisk alarmu po\u017carowego \u2013 Przycisk po\u017caru \u2013 Pokrywa ochronna jako wyposa\u017cenie dodatkowe \u2013 Czerwone\/zielone przyciski alarmowe umo\u017cliwiaj\u0105ce ewakuacj\u0119<\/p>","protected":false},"featured_media":144689,"template":"","meta":{"_acf_changed":false},"product_brand":[],"product_cat":[1830,4828],"product_tag":[2422,2958,3130],"class_list":{"0":"post-56855","1":"product","2":"type-product","3":"status-publish","4":"has-post-thumbnail","6":"product_cat-brandknappar","7":"product_cat-nodknappar","8":"product_tag-rel-brand","9":"product_tag-stonehouse-produkt","10":"product_tag-tillbehor-oppna-brandknappar","11":"product_shipping_class-postnord-varubrev","12":"pa_brands-stonehouse-security","13":"pa_sakerhetssystem-larmtillbehor-elektronik","14":"tm-no-options","16":"first","17":"instock","18":"sale","19":"featured","20":"taxable","21":"shipping-taxable","22":"purchasable","23":"product-type-simple"},"acf":[],"_links":{"self":[{"href":"https:\/\/secureus.se\/pl\/wp-json\/wp\/v2\/product\/56855","targetHints":{"allow":["GET"]}}],"collection":[{"href":"https:\/\/secureus.se\/pl\/wp-json\/wp\/v2\/product"}],"about":[{"href":"https:\/\/secureus.se\/pl\/wp-json\/wp\/v2\/types\/product"}],"wp:featuredmedia":[{"embeddable":true,"href":"https:\/\/secureus.se\/pl\/wp-json\/wp\/v2\/media\/144689"}],"wp:attachment":[{"href":"https:\/\/secureus.se\/pl\/wp-json\/wp\/v2\/media?parent=56855"}],"wp:term":[{"taxonomy":"product_brand","embeddable":true,"href":"https:\/\/secureus.se\/pl\/wp-json\/wp\/v2\/product_brand?post=56855"},{"taxonomy":"product_cat","embeddable":true,"href":"https:\/\/secureus.se\/pl\/wp-json\/wp\/v2\/product_cat?post=56855"},{"taxonomy":"product_tag","embeddable":true,"href":"https:\/\/secureus.se\/pl\/wp-json\/wp\/v2\/product_tag?post=56855"}],"curies":[{"name":"wp","href":"https:\/\/api.w.org\/{rel}","templated":true}]}}