{"id":56859,"date":"2022-03-10T16:24:00","date_gmt":"2022-03-10T15:24:00","guid":{"rendered":"https:\/\/secureus.se\/produkt\/tradlos-exit-oppnaknapp-med-radio-och-batteridrift\/"},"modified":"2025-12-31T19:54:05","modified_gmt":"2025-12-31T18:54:05","slug":"tradlos-exit-oppnaknapp-med-radio-och-batteridrift","status":"publish","type":"product","link":"https:\/\/secureus.se\/pl\/tradlos-exit-oppnaknapp-med-radio-och-batteridrift\/","title":{"rendered":"Bezprzewodowy przycisk wyj\u015bcia\/otwarcia z radiem i zasilaniem bateryjnym"},"content":{"rendered":"<dl class=\"do-entry-item\">\n<dt class=\"do-entry-item\"><span class=\"attr-name J-attr-name\" data-spm-anchor-id=\"a2700.wholesale.0.i18.d42548430vwDfQ\" title=\"Poziom ochrony\">Poziom ochrony:<\/span> Odporny na kurz<\/dt>\n<\/dl>\n<dl class=\"do-entry-item\">\n<dt class=\"do-entry-item\"><span class=\"attr-name J-attr-name\" title=\"Maks. Aktualny\">Maks. Aktualny:<\/span> \u226450m\u03a9<\/dt>\n<\/dl>\n<dl class=\"do-entry-item\">\n<dt class=\"do-entry-item\"><span class=\"attr-name J-attr-name\" title=\"Maks. Wolta\u017c\">Maks. Wolta\u017c:<\/span> \u2265100M\u03a9<\/dt>\n<\/dl>\n<dl class=\"do-entry-item\">\n<dt class=\"do-entry-item\"><span class=\"attr-name J-attr-name\" title=\"Typ operacji\">Typ operacji:<\/span> Chwilowy<\/dt>\n<\/dl>\n<dl class=\"do-entry-item\">\n<dt class=\"do-entry-item\"><span class=\"attr-name J-attr-name\" title=\"Tworzywo\">Tworzywo:<\/span> ABS<\/dt>\n<\/dl>\n<dl class=\"do-entry-item\">\n<dt class=\"do-entry-item\"><span class=\"attr-name J-attr-name\" title=\"Funkcjonowa\u0107\">Funkcje:<\/span> Odblokowanie<\/dt>\n<\/dl>\n<dl class=\"do-entry-item\">\n<dt class=\"do-entry-item\"><span class=\"attr-name J-attr-name\" title=\"Aplikacja\">Aplikacje:<\/span> automatyczny czujnik drzwiowy<\/dt>\n<\/dl>\n<dl class=\"do-entry-item\">\n<dt class=\"do-entry-item\"><span class=\"attr-name J-attr-name\" title=\"Kolor przycisku\">Kolor przycisku:<\/span> Czarny<\/dt>\n<\/dl>\n<dl class=\"do-entry-item\">\n<dt class=\"do-entry-item\"><span class=\"attr-name J-attr-name\" title=\"Rozmiar\">Rozmiar:<\/span> 130*33mm<\/dt>\n<\/dl>\n<dl class=\"do-entry-item\">\n<dt class=\"do-entry-item\"><span class=\"attr-name J-attr-name\" title=\"Wolta\u017c\">Wolta\u017c:<\/span> AC\/DC 12-36 V<\/dt>\n<\/dl>\n<dl class=\"do-entry-item\">\n<dt class=\"do-entry-item\"><span class=\"attr-name J-attr-name\" title=\"Op\u00f3r kontaktowy\">Rezystancja kontaktu:<\/span> 0,05 m<\/dt>\n<\/dl>\n<dl class=\"do-entry-item\">\n<dt class=\"do-entry-item\"><span class=\"attr-name J-attr-name\" title=\"Funkcja\">Cechy:<\/span> D\u0142ugie \u017cycie<\/dt>\n<\/dl>","protected":false},"excerpt":{"rendered":"<p>Bezprzewodowy przycisk otwierania Bezprzewodowy przycisk do r\u00f3\u017cnych cel\u00f3w \u2013 bez ci\u0105gni\u0119cia kabla!<\/p>","protected":false},"featured_media":144790,"template":"","meta":{"_acf_changed":false},"product_brand":[],"product_cat":[4867],"product_tag":[3068,2937,2958],"class_list":{"0":"post-56859","1":"product","2":"type-product","3":"status-publish","4":"has-post-thumbnail","6":"product_cat-oppnaknappar-kategorier","7":"product_tag-oppnaknapp-beroringsfria","8":"product_tag-oppnaknappar","9":"product_tag-stonehouse-produkt","10":"product_shipping_class-postnord-varubrev","11":"pa_brands-stonehouse-security","12":"pa_farg-svart","13":"pa_sakerhetssystem-larmtillbehor-elektronik","14":"tm-no-options","16":"first","17":"instock","18":"sale","19":"featured","20":"taxable","21":"shipping-taxable","22":"purchasable","23":"product-type-simple"},"acf":[],"_links":{"self":[{"href":"https:\/\/secureus.se\/pl\/wp-json\/wp\/v2\/product\/56859","targetHints":{"allow":["GET"]}}],"collection":[{"href":"https:\/\/secureus.se\/pl\/wp-json\/wp\/v2\/product"}],"about":[{"href":"https:\/\/secureus.se\/pl\/wp-json\/wp\/v2\/types\/product"}],"wp:featuredmedia":[{"embeddable":true,"href":"https:\/\/secureus.se\/pl\/wp-json\/wp\/v2\/media\/144790"}],"wp:attachment":[{"href":"https:\/\/secureus.se\/pl\/wp-json\/wp\/v2\/media?parent=56859"}],"wp:term":[{"taxonomy":"product_brand","embeddable":true,"href":"https:\/\/secureus.se\/pl\/wp-json\/wp\/v2\/product_brand?post=56859"},{"taxonomy":"product_cat","embeddable":true,"href":"https:\/\/secureus.se\/pl\/wp-json\/wp\/v2\/product_cat?post=56859"},{"taxonomy":"product_tag","embeddable":true,"href":"https:\/\/secureus.se\/pl\/wp-json\/wp\/v2\/product_tag?post=56859"}],"curies":[{"name":"wp","href":"https:\/\/api.w.org\/{rel}","templated":true}]}}