{"id":56862,"date":"2022-03-10T16:24:00","date_gmt":"2022-03-10T15:24:00","guid":{"rendered":"https:\/\/secureus.se\/produkt\/dokumentskap-a4-parm-smal-brandkarslas\/"},"modified":"2026-03-19T10:49:59","modified_gmt":"2026-03-19T09:49:59","slug":"dokumentskap-a4-parm-smal-brandkarslas","status":"publish","type":"product","link":"https:\/\/secureus.se\/pl\/dokumentskap-a4-parm-smal-brandkarslas\/","title":{"rendered":"Szafka operacyjna Alarm przeciwpo\u017carowy A4 Slim Zamek stra\u017cy po\u017carnej"},"content":{"rendered":"<h1>Szafka operacyjna Alarm przeciwpo\u017carowy A4 Slim Zamek stra\u017cy po\u017carnej<\/h1>\n<h1>LUB SZAFY Alarm przeciwpo\u017carowy<\/h1>\n<p>Szafka na dokumenty zawieraj\u0105ca rysunki orientacyjne i serwisowe system\u00f3w sygnalizacji po\u017caru.<br \/>\nW\u0142az otwiera si\u0119 kluczem stra\u017cackim.<\/p>\n<p>OR-3-BLACK posiada wzmocnion\u0105 pokryw\u0119, dzi\u0119ki czemu mo\u017ce s\u0142u\u017cy\u0107 jako stolik na laptopa lub rysunki.<br \/>\nOR-3 \u2013 ASSA ma otwarty ty\u0142, kt\u00f3ry mo\u017cna zamontowa\u0107 nad przyciskami alarmowymi itp.<\/p>\n<p>Szafy wykonane s\u0105 z blachy stalowej w kolorystyce zgodnej z poni\u017csz\u0105 tabel\u0105.<\/p>\n<p><img decoding=\"async\" class=\"alignnone size-full wp-image-123513183\" title=\"LUB SZAFA Alarm przeciwpo\u017carowy A3 BIA\u0141Y DO ZAMKA ASSA 6308235\" src=\"https:\/\/securityonline.se\/wp-content\/uploads\/2023\/09\/Swanson-Or-skap.jpg\" alt=\"LUB SZAFA Alarm przeciwpo\u017carowy A3 BIA\u0141Y DO ZAMKA ASSA 6308235\" width=\"618\" height=\"292\" \/><\/p>\n<p>Szafka na dokumenty z zamkiem stra\u017cackim z bia\u0142ej blachy z miejscem np. na dokumenty. Segregator formatu A4 (p\u00f3\u0142 grzbietu). Uchwyt na dokumenty lub teczki.<\/p>\n<p>Szafk\u0119 mo\u017cna odwraca\u0107, je\u015bli drzwi maj\u0105 by\u0107 otwierane na praw\u0105 lub lew\u0105 stron\u0119. Mo\u017ce by\u0107 zabezpieczona przed manipulacj\u0105, z ty\u0142u dost\u0119pny jest przygotowany otw\u00f3r umo\u017cliwiaj\u0105cy kontakt sabota\u017cowy<\/p>","protected":false},"excerpt":{"rendered":"<p>Przechowywanie dokument\u00f3w LUB plan\u00f3w\/rysunk\u00f3w lub dokument\u00f3w dotycz\u0105cych alarm\u00f3w i alarm\u00f3w przeciwpo\u017carowych.<\/p>\n<p><span data-teams=\"true\">Szafki te dostarczane s\u0105 bez klucza. Je\u015bli jest potrzebny, nale\u017cy go dokupi\u0107 osobno.<\/span><\/p>","protected":false},"featured_media":144939,"template":"","meta":{"_acf_changed":false},"product_brand":[],"product_cat":[1837,3977,2950],"product_tag":[],"class_list":{"0":"post-56862","1":"product","2":"type-product","3":"status-publish","4":"has-post-thumbnail","6":"product_cat-dokumentskap","7":"product_cat-or-skap-brand-brandskydd","8":"product_cat-or-skap-sakerhet","9":"product_shipping_class-tunga-paket","10":"pa_brands-swansons","11":"pa_sakerhetssystem-larmtillbehor-elektronik","12":"tm-no-options","14":"first","15":"instock","16":"sale","17":"featured","18":"taxable","19":"shipping-taxable","20":"purchasable","21":"product-type-simple"},"acf":[],"_links":{"self":[{"href":"https:\/\/secureus.se\/pl\/wp-json\/wp\/v2\/product\/56862","targetHints":{"allow":["GET"]}}],"collection":[{"href":"https:\/\/secureus.se\/pl\/wp-json\/wp\/v2\/product"}],"about":[{"href":"https:\/\/secureus.se\/pl\/wp-json\/wp\/v2\/types\/product"}],"wp:featuredmedia":[{"embeddable":true,"href":"https:\/\/secureus.se\/pl\/wp-json\/wp\/v2\/media\/144939"}],"wp:attachment":[{"href":"https:\/\/secureus.se\/pl\/wp-json\/wp\/v2\/media?parent=56862"}],"wp:term":[{"taxonomy":"product_brand","embeddable":true,"href":"https:\/\/secureus.se\/pl\/wp-json\/wp\/v2\/product_brand?post=56862"},{"taxonomy":"product_cat","embeddable":true,"href":"https:\/\/secureus.se\/pl\/wp-json\/wp\/v2\/product_cat?post=56862"},{"taxonomy":"product_tag","embeddable":true,"href":"https:\/\/secureus.se\/pl\/wp-json\/wp\/v2\/product_tag?post=56862"}],"curies":[{"name":"wp","href":"https:\/\/api.w.org\/{rel}","templated":true}]}}