{"id":56867,"date":"2022-03-10T16:24:00","date_gmt":"2022-03-10T15:24:00","guid":{"rendered":"https:\/\/secureus.se\/produkt\/easybadge-lite-id-card-design-software-100-records\/"},"modified":"2025-12-31T19:50:28","modified_gmt":"2025-12-31T18:50:28","slug":"easybadge-lite-id-card-design-software-100-records","status":"publish","type":"product","link":"https:\/\/secureus.se\/pl\/easybadge-lite-id-card-design-software-100-records\/","title":{"rendered":"Licencja EasyBadge Lite - oprogramowanie do projektowania kart identyfikacyjnych"},"content":{"rendered":"<div id=\"Product-Description\">\n<div id=\"Product-Description\">\n<p>Zaprojektowany specjalnie dla u\u017cytkownika ko\u0144cowego, EasyBadge Lite to najbardziej zaawansowane oprogramowanie do drukowania kart plastikowych na \u015bwiecie.<\/p>\n<p>Dzi\u0119ki EasyBadge Lite konfiguracja nie wymaga d\u0142ugiego czasu, poniewa\u017c kreator konfiguracji umo\u017cliwia wydruk kart plastikowych w ci\u0105gu 60 sekund od zainstalowania oprogramowania z istniej\u0105cym logo lub grafik\u0105, aby stworzy\u0107 unikalny i osza\u0142amiaj\u0105cy projekt karty.<\/p>\n<p>Rejestrowanie obrazu zawsze by\u0142o problemem podczas tworzenia dowod\u00f3w osobistych, ale dzi\u0119ki aplikacji EasyBadge mo\u017cesz szybko dodawa\u0107 lub edytowa\u0107 wpisy, robi\u0107 nowe zdj\u0119cia lub przeszukiwa\u0107 baz\u0119 danych za pomoc\u0105 telefonu kom\u00f3rkowego lub tabletu z dowolnego miejsca na \u015bwiecie.<\/p>\n<p>Dzi\u0119ki EasyBadge Lite mo\u017cesz utworzy\u0107 100 indywidualnych wpis\u00f3w, co czyni go idealnym rozwi\u0105zaniem w zakresie kart identyfikacyjnych dla ma\u0142ych i \u015brednich pracownik\u00f3w oraz mniejszych klub\u00f3w lub organizacji licz\u0105cych mniej ni\u017c 100 cz\u0142onk\u00f3w.<\/p>\n<p>Kolejn\u0105 zalet\u0105 EasyBadge jest interaktywny system pomocy, kt\u00f3ry pozwala na zadawanie pyta\u0144 bezpo\u015brednio w programie. System nie tylko udzieli Ci odpowiedzi, ale EasyBadge wykona zadanie za Ciebie, je\u015bli sobie tego \u017cyczysz.<\/p>\n<p>Aby zobaczy\u0107, jak EasyBadge mo\u017ce skr\u00f3ci\u0107 czas sp\u0119dzony na produkcji kart plastikowych, zwi\u0119kszy\u0107 bezpiecze\u0144stwo Twojego programu to\u017csamo\u015bci i ulepszy\u0107 profil Twojej firmy, obejrzyj nasz pomocny film lub zadzwo\u0144 bezpo\u015brednio do zespo\u0142u, aby um\u00f3wi\u0107 si\u0119 na bezp\u0142atn\u0105 demonstracj\u0119. Nale\u017cy pami\u0119ta\u0107, \u017ce EasyBadge Lite jest kompatybilny ze wszystkimi drukarkami kart plastikowych wszystkich g\u0142\u00f3wnych marek.<\/p>\n<p>* NALE\u017bY PAMI\u0118TA\u0106, \u017bE NIE WSZYSTKIE WERSJE OPROGRAMOWANIA EASYBADGE S\u0104 KOMPATYBILNE Z MAC. *<\/p>\n<\/div>\n<\/div>","protected":false},"excerpt":{"rendered":"<p>Zaprojektowany specjalnie dla u\u017cytkownika ko\u0144cowego, EasyBadge Lite to najbardziej zaawansowane oprogramowanie do drukowania kart plastikowych na \u015bwiecie. Dzi\u0119ki EasyBadge Lite czas instalacji nie jest d\u0142ugi, poniewa\u017c kreator instalacji wykonuje to za Ciebie<\/p>","protected":false},"featured_media":144947,"template":"","meta":{"_acf_changed":false},"product_brand":[],"product_cat":[1653,3211],"product_tag":[],"class_list":{"0":"post-56867","1":"product","2":"type-product","3":"status-publish","4":"has-post-thumbnail","6":"product_cat-gor-dina-egna-foretagskort","7":"product_cat-software-programvara","8":"product_shipping_class-postnord-varubrev","9":"pa_brands-easybadge","10":"pa_sakerhetssystem-kortprinter-fargband","11":"tm-has-options","13":"first","14":"instock","15":"sale","16":"featured","17":"taxable","18":"shipping-taxable","19":"purchasable","20":"product-type-simple"},"acf":[],"_links":{"self":[{"href":"https:\/\/secureus.se\/pl\/wp-json\/wp\/v2\/product\/56867","targetHints":{"allow":["GET"]}}],"collection":[{"href":"https:\/\/secureus.se\/pl\/wp-json\/wp\/v2\/product"}],"about":[{"href":"https:\/\/secureus.se\/pl\/wp-json\/wp\/v2\/types\/product"}],"wp:featuredmedia":[{"embeddable":true,"href":"https:\/\/secureus.se\/pl\/wp-json\/wp\/v2\/media\/144947"}],"wp:attachment":[{"href":"https:\/\/secureus.se\/pl\/wp-json\/wp\/v2\/media?parent=56867"}],"wp:term":[{"taxonomy":"product_brand","embeddable":true,"href":"https:\/\/secureus.se\/pl\/wp-json\/wp\/v2\/product_brand?post=56867"},{"taxonomy":"product_cat","embeddable":true,"href":"https:\/\/secureus.se\/pl\/wp-json\/wp\/v2\/product_cat?post=56867"},{"taxonomy":"product_tag","embeddable":true,"href":"https:\/\/secureus.se\/pl\/wp-json\/wp\/v2\/product_tag?post=56867"}],"curies":[{"name":"wp","href":"https:\/\/api.w.org\/{rel}","templated":true}]}}