{"id":56870,"date":"2022-03-10T16:24:00","date_gmt":"2022-03-10T15:24:00","guid":{"rendered":"https:\/\/secureus.se\/produkt\/armbagsbrytare-jck217-245mm\/"},"modified":"2026-02-26T13:34:12","modified_gmt":"2026-02-26T12:34:12","slug":"armbagskontakt-jck217-245mm","status":"publish","type":"product","link":"https:\/\/secureus.se\/pl\/armbagskontakt-jck217-245mm\/","title":{"rendered":"\u0141\u0105cznik kolankowy JCK217 \u2013 245mm"},"content":{"rendered":"<div class=\"product-presentation__column no--margin is--large\">\n<h1>\u0141\u0105cznik kolankowy JCK217 \u2013 245mm<\/h1>\n<section>JCK217 nale\u017cy do serii styk\u00f3w \u0142okciowych posiadaj\u0105cych p\u0142ask\u0105 powierzchni\u0119 nacisku z czterema wyczuwalnymi rowkami.<\/section>\n<section><\/section>\n<section>Rowki stanowi\u0105 dodatkow\u0105 wskaz\u00f3wk\u0119 dla os\u00f3b z dysfunkcj\u0105 wzroku.<\/section>\n<section><\/section>\n<section>Mo\u017cesz \u0142atwo wyczu\u0107, gdzie nacisn\u0105\u0107, aby otworzy\u0107 drzwi. JCK217 wykonany jest z czarnego anodowanego aluminium i ma bia\u0142e za\u015blepki.<\/p>\n<p>Produkt jest dostarczany z 1 mikroprze\u0142\u0105cznikiem o stopniu ochrony IP67, ale mo\u017cna go zam\u00f3wi\u0107 z wi\u0119ksz\u0105 liczb\u0105 mikroprze\u0142\u0105cznik\u00f3w.<\/p>\n<\/section>\n<section>\n<h4>Specyfikacja techniczna<\/h4>\n<ul>\n<li>Wyprodukowano w Szwecji.<\/li>\n<li>Materia\u0142: Alu.6060-T6, tworzywo sztuczne POM (tworzywo acetalowe).<\/li>\n<li>Wymiary wersji standardowej d\u0142.\/szer.\/wys.: 245x80x23 mm.<\/li>\n<li>Mikroprze\u0142\u0105cznik: Standardowy 1 szt. NIE IP67. Mo\u017cna zam\u00f3wi\u0107 z 2, a tak\u017ce z NO\/NC.<\/li>\n<\/ul>\n<\/section>\n<p>&nbsp;<\/p>\n<\/div>","protected":false},"excerpt":{"rendered":"<p>Wymiary produktu: 245 x 80 x 23 mm.<\/p>\n<p>Z\u0142\u0105cze k\u0105towe z czarnego anodowanego aluminium z bia\u0142ymi za\u015blepkami.<\/p>\n<p>P\u0142aska p\u0142ytka dociskowa z wyczuwalnymi rowkami.<\/p>","protected":false},"featured_media":144802,"template":"","meta":{"_acf_changed":false},"product_brand":[],"product_cat":[1422,4825,4706],"product_tag":[2989],"class_list":{"0":"post-56870","1":"product","2":"type-product","3":"status-publish","4":"has-post-thumbnail","6":"product_cat-armbagskontakter-dorrautomatik","7":"product_cat-dorroppning","8":"product_cat-metall","9":"product_tag-egen-logo-ej-taggar-kort","10":"product_shipping_class-tunga-paket","11":"pa_brands-jc-kontakter","12":"pa_sakerhetssystem-produkter-online","13":"tm-has-options","15":"first","16":"onbackorder","17":"sale","18":"featured","19":"taxable","20":"shipping-taxable","21":"purchasable","22":"product-type-simple"},"acf":[],"_links":{"self":[{"href":"https:\/\/secureus.se\/pl\/wp-json\/wp\/v2\/product\/56870","targetHints":{"allow":["GET"]}}],"collection":[{"href":"https:\/\/secureus.se\/pl\/wp-json\/wp\/v2\/product"}],"about":[{"href":"https:\/\/secureus.se\/pl\/wp-json\/wp\/v2\/types\/product"}],"wp:featuredmedia":[{"embeddable":true,"href":"https:\/\/secureus.se\/pl\/wp-json\/wp\/v2\/media\/144802"}],"wp:attachment":[{"href":"https:\/\/secureus.se\/pl\/wp-json\/wp\/v2\/media?parent=56870"}],"wp:term":[{"taxonomy":"product_brand","embeddable":true,"href":"https:\/\/secureus.se\/pl\/wp-json\/wp\/v2\/product_brand?post=56870"},{"taxonomy":"product_cat","embeddable":true,"href":"https:\/\/secureus.se\/pl\/wp-json\/wp\/v2\/product_cat?post=56870"},{"taxonomy":"product_tag","embeddable":true,"href":"https:\/\/secureus.se\/pl\/wp-json\/wp\/v2\/product_tag?post=56870"}],"curies":[{"name":"wp","href":"https:\/\/api.w.org\/{rel}","templated":true}]}}